{"id":7826,"date":"2022-08-29T08:41:54","date_gmt":"2022-08-29T06:41:54","guid":{"rendered":"https:\/\/parkhotelbuk.hu\/teniszpalya\/"},"modified":"2025-07-01T15:15:03","modified_gmt":"2025-07-01T13:15:03","slug":"teniszpalya","status":"publish","type":"page","link":"https:\/\/parkhotelbuk.hu\/en\/teniszpalya\/","title":{"rendered":"Tennis court, sports court"},"content":{"rendered":"<p>[et_pb_section fb_built=&#8221;1&#8243; fullwidth=&#8221;on&#8221; _builder_version=&#8221;4.18.0&#8243; _module_preset=&#8221;default&#8221; global_colors_info=&#8221;{}&#8221; locked=&#8221;off&#8221;][et_pb_fullwidth_post_title meta=&#8221;off&#8221; featured_placement=&#8221;background&#8221; disabled_on=&#8221;off|off|off&#8221; admin_label=&#8221;Teljes sz\u00e9less\u00e9g\u0171 bejegyz\u00e9s c\u00edm&#8221; _builder_version=&#8221;4.22.1&#8243; _module_preset=&#8221;default&#8221; title_font=&#8221;||||||||&#8221; title_text_align=&#8221;center&#8221; title_text_color=&#8221;#8DCE71&#8243; title_letter_spacing=&#8221;6px&#8221; background_color=&#8221;rgba(84,84,84,0.54)&#8221; use_background_color_gradient=&#8221;on&#8221; background_color_gradient_stops=&#8221;#5a9612 0%|rgba(0,0,0,0.42) 40%&#8221; background_color_gradient_overlays_image=&#8221;on&#8221; background_color_gradient_start=&#8221;#5a9612&#8243; background_color_gradient_end=&#8221;rgba(0,0,0,0.42)&#8221; background_color_gradient_end_position=&#8221;40%&#8221; background_enable_image=&#8221;off&#8221; min_height=&#8221;70vh&#8221; min_height_tablet=&#8221;70vh&#8221; min_height_phone=&#8221;70vh&#8221; min_height_last_edited=&#8221;on|desktop&#8221; custom_margin=&#8221;0px||||false|false&#8221; custom_padding=&#8221;50vh||||false|false&#8221; filter_saturate=&#8221;133%&#8221; filter_brightness=&#8221;108%&#8221; filter_invert=&#8221;8%&#8221; filter_sepia=&#8221;7%&#8221; title_letter_spacing_tablet=&#8221;6px&#8221; title_letter_spacing_phone=&#8221;2px&#8221; title_letter_spacing_last_edited=&#8221;on|phone&#8221; title_text_shadow_style=&#8221;preset5&#8243; title_text_shadow_blur_strength=&#8221;0.08em&#8221; title_text_shadow_color=&#8221;#000000&#8243; global_colors_info=&#8221;{}&#8221;][\/et_pb_fullwidth_post_title][\/et_pb_section][et_pb_section fb_built=&#8221;1&#8243; _builder_version=&#8221;4.18.0&#8243; _module_preset=&#8221;default&#8221; global_colors_info=&#8221;{}&#8221; locked=&#8221;off&#8221;][et_pb_row _builder_version=&#8221;4.18.0&#8243; _module_preset=&#8221;default&#8221; global_colors_info=&#8221;{}&#8221;][et_pb_column type=&#8221;4_4&#8243; _builder_version=&#8221;4.18.0&#8243; _module_preset=&#8221;default&#8221; global_colors_info=&#8221;{}&#8221;][et_pb_text _builder_version=&#8221;4.27.4&#8243; _module_preset=&#8221;default&#8221; hover_enabled=&#8221;0&#8243; global_colors_info=&#8221;{}&#8221; sticky_enabled=&#8221;0&#8243;]<\/p>\n<h3 style=\"text-align: center;\">For active relaxation, we recommend our sports court, where you can play badminton, table tennis, teqball, basketball, tennis and handball.<\/h3>\n<p style=\"text-align: center;\">In addition to these, there is also a large outdoor chess board.<\/p>\n<p>[\/et_pb_text][\/et_pb_column][\/et_pb_row][et_pb_row _builder_version=&#8221;4.27.4&#8243; _module_preset=&#8221;default&#8221; width=&#8221;100%&#8221; max_width=&#8221;100%&#8221; global_colors_info=&#8221;{}&#8221;][et_pb_column type=&#8221;4_4&#8243; _builder_version=&#8221;4.27.4&#8243; _module_preset=&#8221;default&#8221; global_colors_info=&#8221;{}&#8221;][et_pb_cta title=&#8221;track reservation&#8221; button_url=&#8221;tel:06704488099&#8243; button_text=&#8221;+ 06 70 44 880 99&#8243; _builder_version=&#8221;4.27.4&#8243; _module_preset=&#8221;default&#8221; header_font_size=&#8221;49px&#8221; use_background_color_gradient=&#8221;on&#8221; background_color_gradient_stops=&#8221;rgba(141,206,113,0.77) 0%|rgba(141,206,113,0.23) 100%&#8221; background_color_gradient_overlays_image=&#8221;on&#8221; background_image=&#8221;https:\/\/static.parkhotelbuk.hu\/wp-content\/uploads\/2022\/09\/ParkHotel_053-1.jpg&#8221; custom_button=&#8221;on&#8221; button_text_color=&#8221;#FFFFFF&#8221; link_option_url=&#8221;tel:06704488099&#8243; hover_enabled=&#8221;0&#8243; header_text_shadow_style=&#8221;preset5&#8243; header_text_shadow_horizontal_length=&#8221;0.06em&#8221; header_text_shadow_vertical_length=&#8221;0.06em&#8221; header_text_shadow_color=&#8221;rgba(66,104,57,0.82)&#8221; global_colors_info=&#8221;{}&#8221; button_text_color__hover_enabled=&#8221;on|hover&#8221; button_text_color__hover=&#8221;#8DCE71&#8243; sticky_enabled=&#8221;0&#8243;][\/et_pb_cta][\/et_pb_column][\/et_pb_row][et_pb_row disabled_on=&#8221;off|off|off&#8221; _builder_version=&#8221;4.25.1&#8243; _module_preset=&#8221;default&#8221; locked=&#8221;off&#8221; global_colors_info=&#8221;{}&#8221;][et_pb_column type=&#8221;4_4&#8243; _builder_version=&#8221;4.21.2&#8243; _module_preset=&#8221;default&#8221; global_colors_info=&#8221;{}&#8221;][et_pb_gallery gallery_ids=&#8221;8546,7624,8551,87044,8555,7608,87052,87093,87048,7628,87101,8650,87105,8666,8662,7604,8658,87143,87131,8372,8308&#8243; posts_number=&#8221;150&#8243; show_title_and_caption=&#8221;off&#8221; zoom_icon_color=&#8221;rgba(0,0,0,0)&#8221; hover_overlay_color=&#8221;rgba(0,0,0,0)&#8221; disabled_on=&#8221;off|off|off&#8221; _builder_version=&#8221;4.27.4&#8243; _module_preset=&#8221;default&#8221; title_font=&#8221;|700|||||||&#8221; title_text_align=&#8221;center&#8221; title_text_color=&#8221;#95d074&#8243; title_font_size=&#8221;11px&#8221; pagination_text_color=&#8221;#95D074&#8243; custom_css_gallery_item=&#8221;width: 33.33% !important;||margin: 0 !important;||padding: 2px !important;||clear: none !important;&#8221; custom_css_overlay=&#8221;||&#8221; custom_css_overlay_icon=&#8221;||&#8221; global_colors_info=&#8221;{}&#8221; custom_css_gallery_item_tablet=&#8221;width: 50% !important;||margin: 0 !important;||clear: none !important;&#8221; custom_css_gallery_item_phone=&#8221;width: 100% !important;||margin: 0 !important;||clear: none !important;&#8221; custom_css_gallery_item_last_edited=&#8221;on|phone&#8221;][\/et_pb_gallery][\/et_pb_column][\/et_pb_row][\/et_pb_section]<\/p>\n","protected":false},"excerpt":{"rendered":"<p>For active relaxation, we recommend our sports court, where you can play badminton, table tennis, teqball, basketball, tennis and handball.<\/p>\n","protected":false},"author":3,"featured_media":8548,"parent":0,"menu_order":0,"comment_status":"closed","ping_status":"closed","template":"","meta":{"_et_pb_use_builder":"on","_et_pb_old_content":"","_et_gb_content_width":"","footnotes":""},"class_list":["post-7826","page","type-page","status-publish","has-post-thumbnail","hentry"],"yoast_head":"<!-- This site is optimized with the Yoast SEO plugin v27.2 - https:\/\/yoast.com\/product\/yoast-seo-wordpress\/ -->\n<title>Tennis court, sports court - Park Hotel - B\u00fck<\/title>\n<meta name=\"description\" content=\"For active relaxation, we recommend our sports court, where you can play badminton, table tennis, teqball, basketball, tennis and handball.\" \/>\n<meta name=\"robots\" content=\"index, follow, max-snippet:-1, max-image-preview:large, max-video-preview:-1\" \/>\n<link rel=\"canonical\" href=\"https:\/\/parkhotelbuk.hu\/en\/teniszpalya\/\" \/>\n<meta property=\"og:locale\" content=\"en_US\" \/>\n<meta property=\"og:type\" content=\"article\" \/>\n<meta property=\"og:title\" content=\"Tennis court, sports court - Park Hotel - B\u00fck\" \/>\n<meta property=\"og:description\" content=\"For active relaxation, we recommend our sports court, where you can play badminton, table tennis, teqball, basketball, tennis and handball.\" \/>\n<meta property=\"og:url\" content=\"https:\/\/parkhotelbuk.hu\/en\/teniszpalya\/\" \/>\n<meta property=\"og:site_name\" content=\"Park Hotel - B\u00fck\" \/>\n<meta property=\"article:modified_time\" content=\"2025-07-01T13:15:03+00:00\" \/>\n<meta property=\"og:image\" content=\"https:\/\/parkhotelbuk.hu\/wp-content\/uploads\/2022\/09\/ParkHotel_053-1.jpg\" \/>\n\t<meta property=\"og:image:width\" content=\"1920\" \/>\n\t<meta property=\"og:image:height\" content=\"1280\" \/>\n\t<meta property=\"og:image:type\" content=\"image\/jpeg\" \/>\n<meta name=\"twitter:card\" content=\"summary_large_image\" \/>\n<meta name=\"twitter:label1\" content=\"Est. reading time\" \/>\n\t<meta name=\"twitter:data1\" content=\"6 minutes\" \/>\n<script type=\"application\/ld+json\" class=\"yoast-schema-graph\">{\"@context\":\"https:\/\/schema.org\",\"@graph\":[{\"@type\":\"WebPage\",\"@id\":\"https:\/\/parkhotelbuk.hu\/en\/teniszpalya\/\",\"url\":\"https:\/\/parkhotelbuk.hu\/en\/teniszpalya\/\",\"name\":\"Tennis court, sports court - Park Hotel - B\u00fck\",\"isPartOf\":{\"@id\":\"https:\/\/parkhotelbuk.hu\/#website\"},\"primaryImageOfPage\":{\"@id\":\"https:\/\/parkhotelbuk.hu\/en\/teniszpalya\/#primaryimage\"},\"image\":{\"@id\":\"https:\/\/parkhotelbuk.hu\/en\/teniszpalya\/#primaryimage\"},\"thumbnailUrl\":\"https:\/\/parkhotelbuk.hu\/wp-content\/uploads\/2022\/09\/ParkHotel_053-1.jpg\",\"datePublished\":\"2022-08-29T06:41:54+00:00\",\"dateModified\":\"2025-07-01T13:15:03+00:00\",\"description\":\"For active relaxation, we recommend our sports court, where you can play badminton, table tennis, teqball, basketball, tennis and handball.\",\"breadcrumb\":{\"@id\":\"https:\/\/parkhotelbuk.hu\/en\/teniszpalya\/#breadcrumb\"},\"inLanguage\":\"en-US\",\"potentialAction\":[{\"@type\":\"ReadAction\",\"target\":[\"https:\/\/parkhotelbuk.hu\/en\/teniszpalya\/\"]}]},{\"@type\":\"ImageObject\",\"inLanguage\":\"en-US\",\"@id\":\"https:\/\/parkhotelbuk.hu\/en\/teniszpalya\/#primaryimage\",\"url\":\"https:\/\/parkhotelbuk.hu\/wp-content\/uploads\/2022\/09\/ParkHotel_053-1.jpg\",\"contentUrl\":\"https:\/\/parkhotelbuk.hu\/wp-content\/uploads\/2022\/09\/ParkHotel_053-1.jpg\",\"width\":1920,\"height\":1280,\"caption\":\"Sport - Park Hotel B\u00fck\"},{\"@type\":\"BreadcrumbList\",\"@id\":\"https:\/\/parkhotelbuk.hu\/en\/teniszpalya\/#breadcrumb\",\"itemListElement\":[{\"@type\":\"ListItem\",\"position\":1,\"name\":\"Kezd\u0151lap\",\"item\":\"https:\/\/parkhotelbuk.hu\/en\/\"},{\"@type\":\"ListItem\",\"position\":2,\"name\":\"Tennis court, sports court\"}]},{\"@type\":\"WebSite\",\"@id\":\"https:\/\/parkhotelbuk.hu\/#website\",\"url\":\"https:\/\/parkhotelbuk.hu\/\",\"name\":\"Park Hotel - B\u00fck\",\"description\":\"B\u00fck leg\u00fajabb n\u00e9gycsillagos sz\u00e1llod\u00e1ja\",\"potentialAction\":[{\"@type\":\"SearchAction\",\"target\":{\"@type\":\"EntryPoint\",\"urlTemplate\":\"https:\/\/parkhotelbuk.hu\/?s={search_term_string}\"},\"query-input\":{\"@type\":\"PropertyValueSpecification\",\"valueRequired\":true,\"valueName\":\"search_term_string\"}}],\"inLanguage\":\"en-US\"}]}<\/script>\n<!-- \/ Yoast SEO plugin. -->","yoast_head_json":{"title":"Tennis court, sports court - Park Hotel - B\u00fck","description":"For active relaxation, we recommend our sports court, where you can play badminton, table tennis, teqball, basketball, tennis and handball.","robots":{"index":"index","follow":"follow","max-snippet":"max-snippet:-1","max-image-preview":"max-image-preview:large","max-video-preview":"max-video-preview:-1"},"canonical":"https:\/\/parkhotelbuk.hu\/en\/teniszpalya\/","og_locale":"en_US","og_type":"article","og_title":"Tennis court, sports court - Park Hotel - B\u00fck","og_description":"For active relaxation, we recommend our sports court, where you can play badminton, table tennis, teqball, basketball, tennis and handball.","og_url":"https:\/\/parkhotelbuk.hu\/en\/teniszpalya\/","og_site_name":"Park Hotel - B\u00fck","article_modified_time":"2025-07-01T13:15:03+00:00","og_image":[{"width":1920,"height":1280,"url":"https:\/\/parkhotelbuk.hu\/wp-content\/uploads\/2022\/09\/ParkHotel_053-1.jpg","type":"image\/jpeg"}],"twitter_card":"summary_large_image","twitter_misc":{"Est. reading time":"6 minutes"},"schema":{"@context":"https:\/\/schema.org","@graph":[{"@type":"WebPage","@id":"https:\/\/parkhotelbuk.hu\/en\/teniszpalya\/","url":"https:\/\/parkhotelbuk.hu\/en\/teniszpalya\/","name":"Tennis court, sports court - Park Hotel - B\u00fck","isPartOf":{"@id":"https:\/\/parkhotelbuk.hu\/#website"},"primaryImageOfPage":{"@id":"https:\/\/parkhotelbuk.hu\/en\/teniszpalya\/#primaryimage"},"image":{"@id":"https:\/\/parkhotelbuk.hu\/en\/teniszpalya\/#primaryimage"},"thumbnailUrl":"https:\/\/parkhotelbuk.hu\/wp-content\/uploads\/2022\/09\/ParkHotel_053-1.jpg","datePublished":"2022-08-29T06:41:54+00:00","dateModified":"2025-07-01T13:15:03+00:00","description":"For active relaxation, we recommend our sports court, where you can play badminton, table tennis, teqball, basketball, tennis and handball.","breadcrumb":{"@id":"https:\/\/parkhotelbuk.hu\/en\/teniszpalya\/#breadcrumb"},"inLanguage":"en-US","potentialAction":[{"@type":"ReadAction","target":["https:\/\/parkhotelbuk.hu\/en\/teniszpalya\/"]}]},{"@type":"ImageObject","inLanguage":"en-US","@id":"https:\/\/parkhotelbuk.hu\/en\/teniszpalya\/#primaryimage","url":"https:\/\/parkhotelbuk.hu\/wp-content\/uploads\/2022\/09\/ParkHotel_053-1.jpg","contentUrl":"https:\/\/parkhotelbuk.hu\/wp-content\/uploads\/2022\/09\/ParkHotel_053-1.jpg","width":1920,"height":1280,"caption":"Sport - Park Hotel B\u00fck"},{"@type":"BreadcrumbList","@id":"https:\/\/parkhotelbuk.hu\/en\/teniszpalya\/#breadcrumb","itemListElement":[{"@type":"ListItem","position":1,"name":"Kezd\u0151lap","item":"https:\/\/parkhotelbuk.hu\/en\/"},{"@type":"ListItem","position":2,"name":"Tennis court, sports court"}]},{"@type":"WebSite","@id":"https:\/\/parkhotelbuk.hu\/#website","url":"https:\/\/parkhotelbuk.hu\/","name":"Park Hotel - B\u00fck","description":"B\u00fck leg\u00fajabb n\u00e9gycsillagos sz\u00e1llod\u00e1ja","potentialAction":[{"@type":"SearchAction","target":{"@type":"EntryPoint","urlTemplate":"https:\/\/parkhotelbuk.hu\/?s={search_term_string}"},"query-input":{"@type":"PropertyValueSpecification","valueRequired":true,"valueName":"search_term_string"}}],"inLanguage":"en-US"}]}},"_links":{"self":[{"href":"https:\/\/parkhotelbuk.hu\/en\/wp-json\/wp\/v2\/pages\/7826","targetHints":{"allow":["GET"]}}],"collection":[{"href":"https:\/\/parkhotelbuk.hu\/en\/wp-json\/wp\/v2\/pages"}],"about":[{"href":"https:\/\/parkhotelbuk.hu\/en\/wp-json\/wp\/v2\/types\/page"}],"author":[{"embeddable":true,"href":"https:\/\/parkhotelbuk.hu\/en\/wp-json\/wp\/v2\/users\/3"}],"replies":[{"embeddable":true,"href":"https:\/\/parkhotelbuk.hu\/en\/wp-json\/wp\/v2\/comments?post=7826"}],"version-history":[{"count":1,"href":"https:\/\/parkhotelbuk.hu\/en\/wp-json\/wp\/v2\/pages\/7826\/revisions"}],"predecessor-version":[{"id":87987,"href":"https:\/\/parkhotelbuk.hu\/en\/wp-json\/wp\/v2\/pages\/7826\/revisions\/87987"}],"wp:featuredmedia":[{"embeddable":true,"href":"https:\/\/parkhotelbuk.hu\/en\/wp-json\/wp\/v2\/media\/8548"}],"wp:attachment":[{"href":"https:\/\/parkhotelbuk.hu\/en\/wp-json\/wp\/v2\/media?parent=7826"}],"curies":[{"name":"wp","href":"https:\/\/api.w.org\/{rel}","templated":true}]}}