{"id":4423,"date":"2021-01-15T14:04:54","date_gmt":"2021-01-15T13:04:54","guid":{"rendered":"https:\/\/parkhotelbuk.hu\/a-kornyek\/"},"modified":"2021-10-13T11:19:18","modified_gmt":"2021-10-13T09:19:18","slug":"a-kornyek","status":"publish","type":"page","link":"https:\/\/parkhotelbuk.hu\/en\/a-kornyek\/","title":{"rendered":"The surrounding area"},"content":{"rendered":"<p>[et_pb_section fb_built=&#8221;1&#8243; fullwidth=&#8221;on&#8221; admin_label=&#8221;Szakasz&#8221; _builder_version=&#8221;4.7.7&#8243; _module_preset=&#8221;default&#8221; custom_margin=&#8221;||||false|false&#8221; top_divider_height=&#8221;49px&#8221; saved_tabs=&#8221;all&#8221;][et_pb_fullwidth_post_title meta=&#8221;off&#8221; featured_placement=&#8221;background&#8221; _builder_version=&#8221;4.9.2&#8243; _module_preset=&#8221;default&#8221; title_font=&#8221;Bebas Neue||||||||&#8221; title_text_align=&#8221;center&#8221; title_text_color=&#8221;#ffffff&#8221; title_letter_spacing=&#8221;6px&#8221; background_color=&#8221;#ffffff&#8221; use_background_color_gradient=&#8221;on&#8221; background_color_gradient_start=&#8221;#5a9612&#8243; background_color_gradient_end=&#8221;rgba(255,255,255,0)&#8221; background_color_gradient_end_position=&#8221;34%&#8221; background_color_gradient_overlays_image=&#8221;on&#8221; min_height=&#8221;70vh&#8221; min_height_tablet=&#8221;&#8221; min_height_phone=&#8221;&#8221; min_height_last_edited=&#8221;on|desktop&#8221; custom_margin=&#8221;0px||||false|false&#8221; custom_padding=&#8221;50vh||||false|false&#8221; filter_saturate=&#8221;133%&#8221; filter_brightness=&#8221;108%&#8221; filter_invert=&#8221;8%&#8221; filter_sepia=&#8221;7%&#8221; hover_enabled=&#8221;0&#8243; title_text_shadow_style=&#8221;preset1&#8243; title_text_shadow_vertical_length=&#8221;0.09em&#8221; title_text_shadow_blur_strength=&#8221;0.12em&#8221; title_text_shadow_color=&#8221;#000000&#8243; sticky_enabled=&#8221;0&#8243;][\/et_pb_fullwidth_post_title][\/et_pb_section][et_pb_section fb_built=&#8221;1&#8243; _builder_version=&#8221;4.7.7&#8243; _module_preset=&#8221;default&#8221; use_background_color_gradient=&#8221;on&#8221; background_color_gradient_start=&#8221;#b3b3b3&#8243; background_color_gradient_end=&#8221;#ededed&#8221; background_color_gradient_end_position=&#8221;20%&#8221; locked=&#8221;off&#8221;][et_pb_row _builder_version=&#8221;4.7.7&#8243; _module_preset=&#8221;default&#8221;][et_pb_column type=&#8221;4_4&#8243; _builder_version=&#8221;4.7.7&#8243; _module_preset=&#8221;default&#8221;][et_pb_blog fullwidth=&#8221;off&#8221; posts_number=&#8221;24&#8243; include_categories=&#8221;9&#8243; excerpt_length=&#8221;200&#8243; show_more=&#8221;on&#8221; show_author=&#8221;off&#8221; show_date=&#8221;off&#8221; show_categories=&#8221;off&#8221; module_class=&#8221;blog_megjelenites_zoom&#8221; _builder_version=&#8221;4.7.7&#8243; _module_preset=&#8221;default&#8221; header_font=&#8221;Bebas Neue||||||||&#8221; body_font=&#8221;||||||||&#8221; body_font_size=&#8221;12px&#8221; body_line_height=&#8221;1.5em&#8221; read_more_font=&#8221;Bebas Neue||||||||&#8221; read_more_letter_spacing=&#8221;1px&#8221;][\/et_pb_blog][\/et_pb_column][\/et_pb_row][\/et_pb_section]<\/p>\n","protected":false},"excerpt":{"rendered":"","protected":false},"author":3,"featured_media":3604,"parent":0,"menu_order":0,"comment_status":"closed","ping_status":"closed","template":"","meta":{"_et_pb_use_builder":"on","_et_pb_old_content":"","_et_gb_content_width":"","footnotes":""},"class_list":["post-4423","page","type-page","status-publish","has-post-thumbnail","hentry"],"yoast_head":"<!-- This site is optimized with the Yoast SEO plugin v27.2 - https:\/\/yoast.com\/product\/yoast-seo-wordpress\/ -->\n<title>The surrounding area - Park Hotel - B\u00fck<\/title>\n<meta name=\"robots\" content=\"index, follow, max-snippet:-1, max-image-preview:large, max-video-preview:-1\" \/>\n<link rel=\"canonical\" href=\"https:\/\/parkhotelbuk.hu\/en\/a-kornyek\/\" \/>\n<meta property=\"og:locale\" content=\"en_US\" \/>\n<meta property=\"og:type\" content=\"article\" \/>\n<meta property=\"og:title\" content=\"The surrounding area - Park Hotel - B\u00fck\" \/>\n<meta property=\"og:url\" content=\"https:\/\/parkhotelbuk.hu\/en\/a-kornyek\/\" \/>\n<meta property=\"og:site_name\" content=\"Park Hotel - B\u00fck\" \/>\n<meta property=\"article:modified_time\" content=\"2021-10-13T09:19:18+00:00\" \/>\n<meta property=\"og:image\" content=\"https:\/\/parkhotelbuk.hu\/wp-content\/uploads\/2021\/03\/slide3.jpeg\" \/>\n\t<meta property=\"og:image:width\" content=\"1180\" \/>\n\t<meta property=\"og:image:height\" content=\"550\" \/>\n\t<meta property=\"og:image:type\" content=\"image\/jpeg\" \/>\n<meta name=\"twitter:card\" content=\"summary_large_image\" \/>\n<meta name=\"twitter:label1\" content=\"Est. reading time\" \/>\n\t<meta name=\"twitter:data1\" content=\"1 minute\" \/>\n<script type=\"application\/ld+json\" class=\"yoast-schema-graph\">{\"@context\":\"https:\/\/schema.org\",\"@graph\":[{\"@type\":\"WebPage\",\"@id\":\"https:\/\/parkhotelbuk.hu\/en\/a-kornyek\/\",\"url\":\"https:\/\/parkhotelbuk.hu\/en\/a-kornyek\/\",\"name\":\"The surrounding area - Park Hotel - B\u00fck\",\"isPartOf\":{\"@id\":\"https:\/\/parkhotelbuk.hu\/#website\"},\"primaryImageOfPage\":{\"@id\":\"https:\/\/parkhotelbuk.hu\/en\/a-kornyek\/#primaryimage\"},\"image\":{\"@id\":\"https:\/\/parkhotelbuk.hu\/en\/a-kornyek\/#primaryimage\"},\"thumbnailUrl\":\"https:\/\/parkhotelbuk.hu\/wp-content\/uploads\/2021\/03\/slide3.jpeg\",\"datePublished\":\"2021-01-15T13:04:54+00:00\",\"dateModified\":\"2021-10-13T09:19:18+00:00\",\"breadcrumb\":{\"@id\":\"https:\/\/parkhotelbuk.hu\/en\/a-kornyek\/#breadcrumb\"},\"inLanguage\":\"en-US\",\"potentialAction\":[{\"@type\":\"ReadAction\",\"target\":[\"https:\/\/parkhotelbuk.hu\/en\/a-kornyek\/\"]}]},{\"@type\":\"ImageObject\",\"inLanguage\":\"en-US\",\"@id\":\"https:\/\/parkhotelbuk.hu\/en\/a-kornyek\/#primaryimage\",\"url\":\"https:\/\/parkhotelbuk.hu\/wp-content\/uploads\/2021\/03\/slide3.jpeg\",\"contentUrl\":\"https:\/\/parkhotelbuk.hu\/wp-content\/uploads\/2021\/03\/slide3.jpeg\",\"width\":1180,\"height\":550},{\"@type\":\"BreadcrumbList\",\"@id\":\"https:\/\/parkhotelbuk.hu\/en\/a-kornyek\/#breadcrumb\",\"itemListElement\":[{\"@type\":\"ListItem\",\"position\":1,\"name\":\"Kezd\u0151lap\",\"item\":\"https:\/\/parkhotelbuk.hu\/en\/\"},{\"@type\":\"ListItem\",\"position\":2,\"name\":\"The surrounding area\"}]},{\"@type\":\"WebSite\",\"@id\":\"https:\/\/parkhotelbuk.hu\/#website\",\"url\":\"https:\/\/parkhotelbuk.hu\/\",\"name\":\"Park Hotel - B\u00fck\",\"description\":\"B\u00fck leg\u00fajabb n\u00e9gycsillagos sz\u00e1llod\u00e1ja\",\"potentialAction\":[{\"@type\":\"SearchAction\",\"target\":{\"@type\":\"EntryPoint\",\"urlTemplate\":\"https:\/\/parkhotelbuk.hu\/?s={search_term_string}\"},\"query-input\":{\"@type\":\"PropertyValueSpecification\",\"valueRequired\":true,\"valueName\":\"search_term_string\"}}],\"inLanguage\":\"en-US\"}]}<\/script>\n<!-- \/ Yoast SEO plugin. -->","yoast_head_json":{"title":"The surrounding area - Park Hotel - B\u00fck","robots":{"index":"index","follow":"follow","max-snippet":"max-snippet:-1","max-image-preview":"max-image-preview:large","max-video-preview":"max-video-preview:-1"},"canonical":"https:\/\/parkhotelbuk.hu\/en\/a-kornyek\/","og_locale":"en_US","og_type":"article","og_title":"The surrounding area - Park Hotel - B\u00fck","og_url":"https:\/\/parkhotelbuk.hu\/en\/a-kornyek\/","og_site_name":"Park Hotel - B\u00fck","article_modified_time":"2021-10-13T09:19:18+00:00","og_image":[{"width":1180,"height":550,"url":"https:\/\/parkhotelbuk.hu\/wp-content\/uploads\/2021\/03\/slide3.jpeg","type":"image\/jpeg"}],"twitter_card":"summary_large_image","twitter_misc":{"Est. reading time":"1 minute"},"schema":{"@context":"https:\/\/schema.org","@graph":[{"@type":"WebPage","@id":"https:\/\/parkhotelbuk.hu\/en\/a-kornyek\/","url":"https:\/\/parkhotelbuk.hu\/en\/a-kornyek\/","name":"The surrounding area - Park Hotel - B\u00fck","isPartOf":{"@id":"https:\/\/parkhotelbuk.hu\/#website"},"primaryImageOfPage":{"@id":"https:\/\/parkhotelbuk.hu\/en\/a-kornyek\/#primaryimage"},"image":{"@id":"https:\/\/parkhotelbuk.hu\/en\/a-kornyek\/#primaryimage"},"thumbnailUrl":"https:\/\/parkhotelbuk.hu\/wp-content\/uploads\/2021\/03\/slide3.jpeg","datePublished":"2021-01-15T13:04:54+00:00","dateModified":"2021-10-13T09:19:18+00:00","breadcrumb":{"@id":"https:\/\/parkhotelbuk.hu\/en\/a-kornyek\/#breadcrumb"},"inLanguage":"en-US","potentialAction":[{"@type":"ReadAction","target":["https:\/\/parkhotelbuk.hu\/en\/a-kornyek\/"]}]},{"@type":"ImageObject","inLanguage":"en-US","@id":"https:\/\/parkhotelbuk.hu\/en\/a-kornyek\/#primaryimage","url":"https:\/\/parkhotelbuk.hu\/wp-content\/uploads\/2021\/03\/slide3.jpeg","contentUrl":"https:\/\/parkhotelbuk.hu\/wp-content\/uploads\/2021\/03\/slide3.jpeg","width":1180,"height":550},{"@type":"BreadcrumbList","@id":"https:\/\/parkhotelbuk.hu\/en\/a-kornyek\/#breadcrumb","itemListElement":[{"@type":"ListItem","position":1,"name":"Kezd\u0151lap","item":"https:\/\/parkhotelbuk.hu\/en\/"},{"@type":"ListItem","position":2,"name":"The surrounding area"}]},{"@type":"WebSite","@id":"https:\/\/parkhotelbuk.hu\/#website","url":"https:\/\/parkhotelbuk.hu\/","name":"Park Hotel - B\u00fck","description":"B\u00fck leg\u00fajabb n\u00e9gycsillagos sz\u00e1llod\u00e1ja","potentialAction":[{"@type":"SearchAction","target":{"@type":"EntryPoint","urlTemplate":"https:\/\/parkhotelbuk.hu\/?s={search_term_string}"},"query-input":{"@type":"PropertyValueSpecification","valueRequired":true,"valueName":"search_term_string"}}],"inLanguage":"en-US"}]}},"_links":{"self":[{"href":"https:\/\/parkhotelbuk.hu\/en\/wp-json\/wp\/v2\/pages\/4423","targetHints":{"allow":["GET"]}}],"collection":[{"href":"https:\/\/parkhotelbuk.hu\/en\/wp-json\/wp\/v2\/pages"}],"about":[{"href":"https:\/\/parkhotelbuk.hu\/en\/wp-json\/wp\/v2\/types\/page"}],"author":[{"embeddable":true,"href":"https:\/\/parkhotelbuk.hu\/en\/wp-json\/wp\/v2\/users\/3"}],"replies":[{"embeddable":true,"href":"https:\/\/parkhotelbuk.hu\/en\/wp-json\/wp\/v2\/comments?post=4423"}],"version-history":[{"count":0,"href":"https:\/\/parkhotelbuk.hu\/en\/wp-json\/wp\/v2\/pages\/4423\/revisions"}],"wp:featuredmedia":[{"embeddable":true,"href":"https:\/\/parkhotelbuk.hu\/en\/wp-json\/wp\/v2\/media\/3604"}],"wp:attachment":[{"href":"https:\/\/parkhotelbuk.hu\/en\/wp-json\/wp\/v2\/media?parent=4423"}],"curies":[{"name":"wp","href":"https:\/\/api.w.org\/{rel}","templated":true}]}}