{"id":4345,"date":"2021-01-15T14:04:37","date_gmt":"2021-01-15T13:04:37","guid":{"rendered":"https:\/\/parkhotelbuk.hu\/latnivalok\/"},"modified":"2023-02-23T12:56:12","modified_gmt":"2023-02-23T11:56:12","slug":"latnivalok","status":"publish","type":"page","link":"https:\/\/parkhotelbuk.hu\/en\/latnivalok\/","title":{"rendered":"Sights"},"content":{"rendered":"<p>[et_pb_section fb_built=&#8221;1&#8243; fullwidth=&#8221;on&#8221; _builder_version=&#8221;4.16&#8243; _module_preset=&#8221;default&#8221; global_colors_info=&#8221;{}&#8221;][et_pb_fullwidth_header title=&#8221;Sights&#8221; _builder_version=&#8221;4.20.0&#8243; _module_preset=&#8221;default&#8221; title_font=&#8221;||||||||&#8221; title_text_align=&#8221;center&#8221; title_letter_spacing=&#8221;6px&#8221; use_background_color_gradient=&#8221;on&#8221; background_color_gradient_stops=&#8221;rgba(1,10,0,0.5) 0%|rgba(41,196,169,0) 55%&#8221; background_color_gradient_overlays_image=&#8221;on&#8221; background_color_gradient_start=&#8221;rgba(1,10,0,0.5)&#8221; background_color_gradient_end=&#8221;rgba(41,196,169,0)&#8221; background_color_gradient_end_position=&#8221;55%&#8221; background_image=&#8221;https:\/\/parkhotelbuk.hu\/wp-content\/uploads\/2021\/02\/buk-szent-kelemen-templom.jpg&#8221; min_height=&#8221;70vh&#8221; custom_margin=&#8221;||||false|false&#8221; custom_padding=&#8221;35vh||||false|false&#8221; filter_saturate=&#8221;133%&#8221; filter_brightness=&#8221;108%&#8221; filter_invert=&#8221;6%&#8221; child_filter_saturate=&#8221;168%&#8221; child_filter_brightness=&#8221;119%&#8221; child_filter_invert=&#8221;6%&#8221; child_filter_sepia=&#8221;3%&#8221; hover_enabled=&#8221;0&#8243; custom_css_title=&#8221;text-shadow: 2px 2px 2px rgba(0, 0, 0, 1);&#8221; global_colors_info=&#8221;{}&#8221; title_text_color=&#8221;#8DCE71&#8243; sticky_enabled=&#8221;0&#8243;][\/et_pb_fullwidth_header][\/et_pb_section][et_pb_section fb_built=&#8221;1&#8243; _builder_version=&#8221;4.16&#8243; _module_preset=&#8221;default&#8221; use_background_color_gradient=&#8221;on&#8221; background_color_gradient_stops=&#8221;#b3b3b3 0%|#ededed 20%&#8221; background_color_gradient_start=&#8221;#b3b3b3&#8243; background_color_gradient_end=&#8221;#ededed&#8221; background_color_gradient_end_position=&#8221;20%&#8221; locked=&#8221;off&#8221; global_colors_info=&#8221;{}&#8221;][et_pb_row _builder_version=&#8221;4.16&#8243; _module_preset=&#8221;default&#8221; global_colors_info=&#8221;{}&#8221;][et_pb_column type=&#8221;4_4&#8243; _builder_version=&#8221;4.16&#8243; _module_preset=&#8221;default&#8221; global_colors_info=&#8221;{}&#8221;][et_pb_blog fullwidth=&#8221;off&#8221; posts_number=&#8221;18&#8243; include_categories=&#8221;8&#8243; excerpt_length=&#8221;200&#8243; show_more=&#8221;on&#8221; show_author=&#8221;off&#8221; show_date=&#8221;off&#8221; show_categories=&#8221;off&#8221; module_class=&#8221;blog_megjelenites_zoom  yellow&#8221; _builder_version=&#8221;4.16&#8243; _module_preset=&#8221;default&#8221; header_font=&#8221;Bebas Neue||||||||&#8221; header_text_align=&#8221;left&#8221; body_font=&#8221;||||||||&#8221; body_font_size=&#8221;12px&#8221; body_line_height=&#8221;1.5em&#8221; read_more_font=&#8221;Bebas Neue||||||||&#8221; read_more_font_size=&#8221;12px&#8221; read_more_letter_spacing=&#8221;2px&#8221; global_colors_info=&#8221;{}&#8221;][\/et_pb_blog][\/et_pb_column][\/et_pb_row][\/et_pb_section]<\/p>\n","protected":false},"excerpt":{"rendered":"","protected":false},"author":3,"featured_media":0,"parent":0,"menu_order":0,"comment_status":"closed","ping_status":"closed","template":"","meta":{"_et_pb_use_builder":"on","_et_pb_old_content":"<p>Mes\u00e9l a m\u00falt \u2013 Kocz\u00e1n h\u00e1z<\/p><p>A telep\u00fcl\u00e9s m\u00faltj\u00e1ban kutakodva kider\u00fclt, hogy a B\u00fck sz\u00e1zadokkal ezel\u0151tti l\u00e1tk\u00e9pe nem k\u00fcl\u00f6nb\u00f6z\u00f6tt l\u00e9nyegesen a Dun\u00e1nt\u00fal m\u00e1s vid\u00e9kein elterjedt \u00e9p\u00edtkez\u00e9si szok\u00e1sokt\u00f3l. Az utc\u00e1s falvak telep\u00fcl\u00e9sszerkezet\u00e9t mutat\u00f3 telep\u00fcl\u00e9s b\u0151velkedett nemesi k\u00fari\u00e1kban, de nem volt szokatlan l\u00e1tv\u00e1ny a zs\u00faptet\u0151s agyagfal\u00fa paraszth\u00e1z, melynek utols\u00f3 \u2013 az 1929-es t\u0171zv\u00e9szt is t\u00fal\u00e9l\u0151 \u2013 \u00e9pen maradt h\u00edrn\u00f6ke Kocz\u00e1n Ferenc cip\u00e9sz paraszth\u00e1za.<br \/>A cip\u00e9szmester m\u0171helye t\u00f6rt\u00e9nelmi id\u0151ket \u00e9lt meg, majd sok\u00e1ig hevert gazd\u00e1tlanul, \u00e1llaga igencsak leromlott, m\u00edg 2009 december\u00e9ben egy \u00f6r\u00f6ks\u00e9gmeg\u0151rz\u00e9si p\u00e1ly\u00e1zat keret\u00e9ben elkezdt\u00e9k fel\u00faj\u00edtani. A rekonstrukci\u00f3 sor\u00e1n az omladoz\u00f3 t\u00f6m\u00e9sfalakat kijav\u00edtott\u00e1k, a faf\u00f6d\u00e9met konzerv\u00e1lt\u00e1k, m\u00edg a tet\u0151t speci\u00e1lis zs\u00fapk\u00e9v\u00e9kkel \u2013 h\u00e1romszoros \u00e1tfed\u00e9ssel bor\u00edtott\u00e1k be. Az \u00e9p\u00fcletben hat helys\u00e9get alak\u00edtottak ki, az udvar\u00e1n tal\u00e1lhat\u00f3 g\u00e9meskutat is sikeresen helyre\u00e1ll\u00edtott\u00e1k.<\/p><p>A 2011-ben \u00e1tadott \u00e9p\u00fclethez a R\u00e9pcementi tan\u00f6sv\u00e9ny mellett andalogva egy h\u00e1rom perces s\u00e9t\u00e1val juthatunk el a Park Hotelb\u0151l, s kaphatunk betekint\u00e9st a XX. sz\u00e1zad eleji \u00e9letm\u00f3dr\u00f3l.<br \/>B\u00fck k\u00f6z\u00f6ss\u00e9gi \u00e9let\u00e9ben meghat\u00e1roz\u00f3 szerepet t\u00f6lt be, hiszen udvara megannyi vend\u00e9gcsalogat\u00f3 programnak ad helyet, legyen sz\u00f3 ak\u00e1r a tradicion\u00e1lis m\u00e1jusfa \u00e1ll\u00edt\u00e1sr\u00f3l, h\u00fasv\u00e9ti locsolkod\u00e1sr\u00f3l, vagy egy igazi, hamis\u00edtatlan vasi diszn\u00f3v\u00e1g\u00e1sr\u00f3l. Az autentikus helysz\u00edn var\u00e1zsa garant\u00e1ltan mindenkit mag\u00e1val ragad.<\/p>","_et_gb_content_width":"","footnotes":""},"class_list":["post-4345","page","type-page","status-publish","hentry"],"yoast_head":"<!-- This site is optimized with the Yoast SEO plugin v27.2 - https:\/\/yoast.com\/product\/yoast-seo-wordpress\/ -->\n<title>Sights - Park Hotel - B\u00fck<\/title>\n<meta name=\"robots\" content=\"index, follow, max-snippet:-1, max-image-preview:large, max-video-preview:-1\" \/>\n<link rel=\"canonical\" href=\"https:\/\/parkhotelbuk.hu\/en\/latnivalok\/\" \/>\n<meta property=\"og:locale\" content=\"en_US\" \/>\n<meta property=\"og:type\" content=\"article\" \/>\n<meta property=\"og:title\" content=\"Sights - Park Hotel - B\u00fck\" \/>\n<meta property=\"og:url\" content=\"https:\/\/parkhotelbuk.hu\/en\/latnivalok\/\" \/>\n<meta property=\"og:site_name\" content=\"Park Hotel - B\u00fck\" \/>\n<meta property=\"article:modified_time\" content=\"2023-02-23T11:56:12+00:00\" \/>\n<meta name=\"twitter:card\" content=\"summary_large_image\" \/>\n<meta name=\"twitter:label1\" content=\"Est. reading time\" \/>\n\t<meta name=\"twitter:data1\" content=\"1 minute\" \/>\n<script type=\"application\/ld+json\" class=\"yoast-schema-graph\">{\"@context\":\"https:\/\/schema.org\",\"@graph\":[{\"@type\":\"WebPage\",\"@id\":\"https:\/\/parkhotelbuk.hu\/en\/latnivalok\/\",\"url\":\"https:\/\/parkhotelbuk.hu\/en\/latnivalok\/\",\"name\":\"Sights - Park Hotel - B\u00fck\",\"isPartOf\":{\"@id\":\"https:\/\/parkhotelbuk.hu\/#website\"},\"datePublished\":\"2021-01-15T13:04:37+00:00\",\"dateModified\":\"2023-02-23T11:56:12+00:00\",\"breadcrumb\":{\"@id\":\"https:\/\/parkhotelbuk.hu\/en\/latnivalok\/#breadcrumb\"},\"inLanguage\":\"en-US\",\"potentialAction\":[{\"@type\":\"ReadAction\",\"target\":[\"https:\/\/parkhotelbuk.hu\/en\/latnivalok\/\"]}]},{\"@type\":\"BreadcrumbList\",\"@id\":\"https:\/\/parkhotelbuk.hu\/en\/latnivalok\/#breadcrumb\",\"itemListElement\":[{\"@type\":\"ListItem\",\"position\":1,\"name\":\"Kezd\u0151lap\",\"item\":\"https:\/\/parkhotelbuk.hu\/en\/\"},{\"@type\":\"ListItem\",\"position\":2,\"name\":\"Sights\"}]},{\"@type\":\"WebSite\",\"@id\":\"https:\/\/parkhotelbuk.hu\/#website\",\"url\":\"https:\/\/parkhotelbuk.hu\/\",\"name\":\"Park Hotel - B\u00fck\",\"description\":\"B\u00fck leg\u00fajabb n\u00e9gycsillagos sz\u00e1llod\u00e1ja\",\"potentialAction\":[{\"@type\":\"SearchAction\",\"target\":{\"@type\":\"EntryPoint\",\"urlTemplate\":\"https:\/\/parkhotelbuk.hu\/?s={search_term_string}\"},\"query-input\":{\"@type\":\"PropertyValueSpecification\",\"valueRequired\":true,\"valueName\":\"search_term_string\"}}],\"inLanguage\":\"en-US\"}]}<\/script>\n<!-- \/ Yoast SEO plugin. -->","yoast_head_json":{"title":"Sights - Park Hotel - B\u00fck","robots":{"index":"index","follow":"follow","max-snippet":"max-snippet:-1","max-image-preview":"max-image-preview:large","max-video-preview":"max-video-preview:-1"},"canonical":"https:\/\/parkhotelbuk.hu\/en\/latnivalok\/","og_locale":"en_US","og_type":"article","og_title":"Sights - Park Hotel - B\u00fck","og_url":"https:\/\/parkhotelbuk.hu\/en\/latnivalok\/","og_site_name":"Park Hotel - B\u00fck","article_modified_time":"2023-02-23T11:56:12+00:00","twitter_card":"summary_large_image","twitter_misc":{"Est. reading time":"1 minute"},"schema":{"@context":"https:\/\/schema.org","@graph":[{"@type":"WebPage","@id":"https:\/\/parkhotelbuk.hu\/en\/latnivalok\/","url":"https:\/\/parkhotelbuk.hu\/en\/latnivalok\/","name":"Sights - Park Hotel - B\u00fck","isPartOf":{"@id":"https:\/\/parkhotelbuk.hu\/#website"},"datePublished":"2021-01-15T13:04:37+00:00","dateModified":"2023-02-23T11:56:12+00:00","breadcrumb":{"@id":"https:\/\/parkhotelbuk.hu\/en\/latnivalok\/#breadcrumb"},"inLanguage":"en-US","potentialAction":[{"@type":"ReadAction","target":["https:\/\/parkhotelbuk.hu\/en\/latnivalok\/"]}]},{"@type":"BreadcrumbList","@id":"https:\/\/parkhotelbuk.hu\/en\/latnivalok\/#breadcrumb","itemListElement":[{"@type":"ListItem","position":1,"name":"Kezd\u0151lap","item":"https:\/\/parkhotelbuk.hu\/en\/"},{"@type":"ListItem","position":2,"name":"Sights"}]},{"@type":"WebSite","@id":"https:\/\/parkhotelbuk.hu\/#website","url":"https:\/\/parkhotelbuk.hu\/","name":"Park Hotel - B\u00fck","description":"B\u00fck leg\u00fajabb n\u00e9gycsillagos sz\u00e1llod\u00e1ja","potentialAction":[{"@type":"SearchAction","target":{"@type":"EntryPoint","urlTemplate":"https:\/\/parkhotelbuk.hu\/?s={search_term_string}"},"query-input":{"@type":"PropertyValueSpecification","valueRequired":true,"valueName":"search_term_string"}}],"inLanguage":"en-US"}]}},"_links":{"self":[{"href":"https:\/\/parkhotelbuk.hu\/en\/wp-json\/wp\/v2\/pages\/4345","targetHints":{"allow":["GET"]}}],"collection":[{"href":"https:\/\/parkhotelbuk.hu\/en\/wp-json\/wp\/v2\/pages"}],"about":[{"href":"https:\/\/parkhotelbuk.hu\/en\/wp-json\/wp\/v2\/types\/page"}],"author":[{"embeddable":true,"href":"https:\/\/parkhotelbuk.hu\/en\/wp-json\/wp\/v2\/users\/3"}],"replies":[{"embeddable":true,"href":"https:\/\/parkhotelbuk.hu\/en\/wp-json\/wp\/v2\/comments?post=4345"}],"version-history":[{"count":0,"href":"https:\/\/parkhotelbuk.hu\/en\/wp-json\/wp\/v2\/pages\/4345\/revisions"}],"wp:attachment":[{"href":"https:\/\/parkhotelbuk.hu\/en\/wp-json\/wp\/v2\/media?parent=4345"}],"curies":[{"name":"wp","href":"https:\/\/api.w.org\/{rel}","templated":true}]}}