{"id":3772,"date":"2021-02-25T12:04:26","date_gmt":"2021-02-25T11:04:26","guid":{"rendered":"https:\/\/parkhotelbuk.hu\/horogra\/"},"modified":"2023-02-23T11:49:56","modified_gmt":"2023-02-23T10:49:56","slug":"hooked-on","status":"publish","type":"page","link":"https:\/\/parkhotelbuk.hu\/en\/hooked-on\/","title":{"rendered":"Hooked on"},"content":{"rendered":"<p>[et_pb_section fb_built=&#8221;1&#8243; fullwidth=&#8221;on&#8221; _builder_version=&#8221;4.16&#8243; _module_preset=&#8221;default&#8221; background_enable_image=&#8221;off&#8221; global_colors_info=&#8221;{}&#8221;][et_pb_fullwidth_header title=&#8221;@ET-DC@eyJkeW5hbWljIjp0cnVlLCJjb250ZW50IjoicG9zdF90aXRsZSIsInNldHRpbmdzIjp7ImJlZm9yZSI6IiIsImFmdGVyIjoiIn19@&#8221; _builder_version=&#8221;4.20.0&#8243; _dynamic_attributes=&#8221;title,background_image&#8221; _module_preset=&#8221;default&#8221; title_font=&#8221;||||||||&#8221; title_text_align=&#8221;center&#8221; title_letter_spacing=&#8221;6px&#8221; subhead_font=&#8221;Bebas Neue||||||||&#8221; subhead_text_align=&#8221;center&#8221; subhead_letter_spacing=&#8221;2px&#8221; use_background_color_gradient=&#8221;on&#8221; background_color_gradient_stops=&#8221;#aabf20 0%|rgba(0,0,0,0.16) 55%&#8221; background_color_gradient_overlays_image=&#8221;on&#8221; background_color_gradient_start=&#8221;#aabf20&#8243; background_color_gradient_end=&#8221;rgba(0,0,0,0.16)&#8221; background_color_gradient_end_position=&#8221;55%&#8221; background_image=&#8221;@ET-DC@eyJkeW5hbWljIjp0cnVlLCJjb250ZW50IjoicG9zdF9mZWF0dXJlZF9pbWFnZSIsInNldHRpbmdzIjp7fX0=@&#8221; background_blend=&#8221;hard-light&#8221; min_height=&#8221;70vh&#8221; custom_margin=&#8221;||||false|false&#8221; custom_padding=&#8221;35vh||||false|false&#8221; child_filter_saturate=&#8221;168%&#8221; child_filter_brightness=&#8221;119%&#8221; child_filter_invert=&#8221;6%&#8221; child_filter_sepia=&#8221;3%&#8221; hover_enabled=&#8221;0&#8243; custom_css_title=&#8221;text-shadow: 2px 2px 2px rgba(0, 0, 0, 1);&#8221; custom_css_subtitle=&#8221;text-shadow: 2px 2px 2px rgba(0, 0, 0, 1);&#8221; global_colors_info=&#8221;{}&#8221; title_text_color=&#8221;#8DCE71&#8243; sticky_enabled=&#8221;0&#8243;][\/et_pb_fullwidth_header][\/et_pb_section][et_pb_section fb_built=&#8221;1&#8243; _builder_version=&#8221;4.16&#8243; _module_preset=&#8221;default&#8221; use_background_color_gradient=&#8221;on&#8221; background_color_gradient_stops=&#8221;#b3b3b3 0%|#ededed 20%&#8221; background_color_gradient_start=&#8221;#b3b3b3&#8243; background_color_gradient_end=&#8221;#ededed&#8221; background_color_gradient_end_position=&#8221;20%&#8221; locked=&#8221;off&#8221; global_colors_info=&#8221;{}&#8221;][et_pb_row _builder_version=&#8221;4.16&#8243; _module_preset=&#8221;default&#8221; global_colors_info=&#8221;{}&#8221;][et_pb_column type=&#8221;4_4&#8243; _builder_version=&#8221;4.16&#8243; _module_preset=&#8221;default&#8221; global_colors_info=&#8221;{}&#8221;][et_pb_text _builder_version=&#8221;4.20.0&#8243; _module_preset=&#8221;default&#8221; header_2_font=&#8221;||||||||&#8221; header_2_text_align=&#8221;center&#8221; header_2_text_color=&#8221;#5b8500&#8243; text_orientation=&#8221;justified&#8221; custom_padding=&#8221;||20px||false|false&#8221; hover_enabled=&#8221;0&#8243; border_color_all=&#8221;#d6d6d6&#8243; border_width_bottom=&#8221;2px&#8221; global_colors_info=&#8221;{}&#8221; header_text_color=&#8221;#8DCE71&#8243; sticky_enabled=&#8221;0&#8243;]<\/p>\n<h2>Fishing opportunities in Vas county<\/h2>\n<p>Nowadays, many people spend their free time on the waterfront, thus fishing lakes are especially popular. Vas county may be considered lucky in this respect as well, since there are around fifty still waters in the region. There is something to suit every taste, both river and still water anglers can find what they are looking for. Below you will find some possible fishing locations in Vas county.<\/p>\n<p>[\/et_pb_text][et_pb_blog fullwidth=&#8221;off&#8221; include_categories=&#8221;18&#8243; excerpt_length=&#8221;200&#8243; show_more=&#8221;on&#8221; show_author=&#8221;off&#8221; show_date=&#8221;off&#8221; show_categories=&#8221;off&#8221; module_class=&#8221;blog_megjelenites_zoom&#8221; _builder_version=&#8221;4.16&#8243; _module_preset=&#8221;default&#8221; header_font=&#8221;Bebas Neue||||||||&#8221; body_font=&#8221;||||||||&#8221; body_font_size=&#8221;12px&#8221; body_line_height=&#8221;1.5em&#8221; read_more_font=&#8221;Bebas Neue||||||||&#8221; read_more_letter_spacing=&#8221;1px&#8221; global_colors_info=&#8221;{}&#8221;][\/et_pb_blog][\/et_pb_column][\/et_pb_row][\/et_pb_section]<\/p>\n","protected":false},"excerpt":{"rendered":"<p>Fishing opportunities in Vas county Nowadays, many people spend their free time on the waterfront, thus fishing lakes are especially popular. Vas county may be considered lucky in this respect as well, since there are around fifty still waters in the region. There is something to suit every taste, both river and still water anglers [&hellip;]<\/p>\n","protected":false},"author":3,"featured_media":3776,"parent":0,"menu_order":0,"comment_status":"closed","ping_status":"closed","template":"","meta":{"_et_pb_use_builder":"on","_et_pb_old_content":"","_et_gb_content_width":"","footnotes":""},"class_list":["post-3772","page","type-page","status-publish","has-post-thumbnail","hentry"],"yoast_head":"<!-- This site is optimized with the Yoast SEO plugin v27.5 - https:\/\/yoast.com\/product\/yoast-seo-wordpress\/ -->\n<title>Hooked on - Park Hotel - B\u00fck<\/title>\n<meta name=\"robots\" content=\"index, follow, max-snippet:-1, max-image-preview:large, max-video-preview:-1\" \/>\n<link rel=\"canonical\" href=\"https:\/\/parkhotelbuk.hu\/en\/hooked-on\/\" \/>\n<meta property=\"og:locale\" content=\"en_US\" \/>\n<meta property=\"og:type\" content=\"article\" \/>\n<meta property=\"og:title\" content=\"Hooked on - Park Hotel - B\u00fck\" \/>\n<meta property=\"og:description\" content=\"Fishing opportunities in Vas county Nowadays, many people spend their free time on the waterfront, thus fishing lakes are especially popular. Vas county may be considered lucky in this respect as well, since there are around fifty still waters in the region. There is something to suit every taste, both river and still water anglers [&hellip;]\" \/>\n<meta property=\"og:url\" content=\"https:\/\/parkhotelbuk.hu\/en\/hooked-on\/\" \/>\n<meta property=\"og:site_name\" content=\"Park Hotel - B\u00fck\" \/>\n<meta property=\"article:modified_time\" content=\"2023-02-23T10:49:56+00:00\" \/>\n<meta property=\"og:image\" content=\"https:\/\/parkhotelbuk.hu\/wp-content\/uploads\/2021\/09\/man-fishing-river.jpg\" \/>\n\t<meta property=\"og:image:width\" content=\"1420\" \/>\n\t<meta property=\"og:image:height\" content=\"947\" \/>\n\t<meta property=\"og:image:type\" content=\"image\/jpeg\" \/>\n<meta name=\"twitter:card\" content=\"summary_large_image\" \/>\n<meta name=\"twitter:label1\" content=\"Est. reading time\" \/>\n\t<meta name=\"twitter:data1\" content=\"1 minute\" \/>\n<script type=\"application\/ld+json\" class=\"yoast-schema-graph\">{\"@context\":\"https:\\\/\\\/schema.org\",\"@graph\":[{\"@type\":\"WebPage\",\"@id\":\"https:\\\/\\\/parkhotelbuk.hu\\\/en\\\/hooked-on\\\/\",\"url\":\"https:\\\/\\\/parkhotelbuk.hu\\\/en\\\/hooked-on\\\/\",\"name\":\"Hooked on - Park Hotel - B\u00fck\",\"isPartOf\":{\"@id\":\"https:\\\/\\\/parkhotelbuk.hu\\\/#website\"},\"primaryImageOfPage\":{\"@id\":\"https:\\\/\\\/parkhotelbuk.hu\\\/en\\\/hooked-on\\\/#primaryimage\"},\"image\":{\"@id\":\"https:\\\/\\\/parkhotelbuk.hu\\\/en\\\/hooked-on\\\/#primaryimage\"},\"thumbnailUrl\":\"https:\\\/\\\/parkhotelbuk.hu\\\/wp-content\\\/uploads\\\/2021\\\/09\\\/man-fishing-river.jpg\",\"datePublished\":\"2021-02-25T11:04:26+00:00\",\"dateModified\":\"2023-02-23T10:49:56+00:00\",\"breadcrumb\":{\"@id\":\"https:\\\/\\\/parkhotelbuk.hu\\\/en\\\/hooked-on\\\/#breadcrumb\"},\"inLanguage\":\"en-US\",\"potentialAction\":[{\"@type\":\"ReadAction\",\"target\":[\"https:\\\/\\\/parkhotelbuk.hu\\\/en\\\/hooked-on\\\/\"]}]},{\"@type\":\"ImageObject\",\"inLanguage\":\"en-US\",\"@id\":\"https:\\\/\\\/parkhotelbuk.hu\\\/en\\\/hooked-on\\\/#primaryimage\",\"url\":\"https:\\\/\\\/parkhotelbuk.hu\\\/wp-content\\\/uploads\\\/2021\\\/09\\\/man-fishing-river.jpg\",\"contentUrl\":\"https:\\\/\\\/parkhotelbuk.hu\\\/wp-content\\\/uploads\\\/2021\\\/09\\\/man-fishing-river.jpg\",\"width\":1420,\"height\":947,\"caption\":\"Fisching\"},{\"@type\":\"BreadcrumbList\",\"@id\":\"https:\\\/\\\/parkhotelbuk.hu\\\/en\\\/hooked-on\\\/#breadcrumb\",\"itemListElement\":[{\"@type\":\"ListItem\",\"position\":1,\"name\":\"Kezd\u0151lap\",\"item\":\"https:\\\/\\\/parkhotelbuk.hu\\\/en\\\/\"},{\"@type\":\"ListItem\",\"position\":2,\"name\":\"Hooked on\"}]},{\"@type\":\"WebSite\",\"@id\":\"https:\\\/\\\/parkhotelbuk.hu\\\/#website\",\"url\":\"https:\\\/\\\/parkhotelbuk.hu\\\/\",\"name\":\"Park Hotel - B\u00fck\",\"description\":\"B\u00fck leg\u00fajabb n\u00e9gycsillagos sz\u00e1llod\u00e1ja\",\"potentialAction\":[{\"@type\":\"SearchAction\",\"target\":{\"@type\":\"EntryPoint\",\"urlTemplate\":\"https:\\\/\\\/parkhotelbuk.hu\\\/?s={search_term_string}\"},\"query-input\":{\"@type\":\"PropertyValueSpecification\",\"valueRequired\":true,\"valueName\":\"search_term_string\"}}],\"inLanguage\":\"en-US\"}]}<\/script>\n<!-- \/ Yoast SEO plugin. -->","yoast_head_json":{"title":"Hooked on - Park Hotel - B\u00fck","robots":{"index":"index","follow":"follow","max-snippet":"max-snippet:-1","max-image-preview":"max-image-preview:large","max-video-preview":"max-video-preview:-1"},"canonical":"https:\/\/parkhotelbuk.hu\/en\/hooked-on\/","og_locale":"en_US","og_type":"article","og_title":"Hooked on - Park Hotel - B\u00fck","og_description":"Fishing opportunities in Vas county Nowadays, many people spend their free time on the waterfront, thus fishing lakes are especially popular. Vas county may be considered lucky in this respect as well, since there are around fifty still waters in the region. There is something to suit every taste, both river and still water anglers [&hellip;]","og_url":"https:\/\/parkhotelbuk.hu\/en\/hooked-on\/","og_site_name":"Park Hotel - B\u00fck","article_modified_time":"2023-02-23T10:49:56+00:00","og_image":[{"width":1420,"height":947,"url":"https:\/\/parkhotelbuk.hu\/wp-content\/uploads\/2021\/09\/man-fishing-river.jpg","type":"image\/jpeg"}],"twitter_card":"summary_large_image","twitter_misc":{"Est. reading time":"1 minute"},"schema":{"@context":"https:\/\/schema.org","@graph":[{"@type":"WebPage","@id":"https:\/\/parkhotelbuk.hu\/en\/hooked-on\/","url":"https:\/\/parkhotelbuk.hu\/en\/hooked-on\/","name":"Hooked on - Park Hotel - B\u00fck","isPartOf":{"@id":"https:\/\/parkhotelbuk.hu\/#website"},"primaryImageOfPage":{"@id":"https:\/\/parkhotelbuk.hu\/en\/hooked-on\/#primaryimage"},"image":{"@id":"https:\/\/parkhotelbuk.hu\/en\/hooked-on\/#primaryimage"},"thumbnailUrl":"https:\/\/parkhotelbuk.hu\/wp-content\/uploads\/2021\/09\/man-fishing-river.jpg","datePublished":"2021-02-25T11:04:26+00:00","dateModified":"2023-02-23T10:49:56+00:00","breadcrumb":{"@id":"https:\/\/parkhotelbuk.hu\/en\/hooked-on\/#breadcrumb"},"inLanguage":"en-US","potentialAction":[{"@type":"ReadAction","target":["https:\/\/parkhotelbuk.hu\/en\/hooked-on\/"]}]},{"@type":"ImageObject","inLanguage":"en-US","@id":"https:\/\/parkhotelbuk.hu\/en\/hooked-on\/#primaryimage","url":"https:\/\/parkhotelbuk.hu\/wp-content\/uploads\/2021\/09\/man-fishing-river.jpg","contentUrl":"https:\/\/parkhotelbuk.hu\/wp-content\/uploads\/2021\/09\/man-fishing-river.jpg","width":1420,"height":947,"caption":"Fisching"},{"@type":"BreadcrumbList","@id":"https:\/\/parkhotelbuk.hu\/en\/hooked-on\/#breadcrumb","itemListElement":[{"@type":"ListItem","position":1,"name":"Kezd\u0151lap","item":"https:\/\/parkhotelbuk.hu\/en\/"},{"@type":"ListItem","position":2,"name":"Hooked on"}]},{"@type":"WebSite","@id":"https:\/\/parkhotelbuk.hu\/#website","url":"https:\/\/parkhotelbuk.hu\/","name":"Park Hotel - B\u00fck","description":"B\u00fck leg\u00fajabb n\u00e9gycsillagos sz\u00e1llod\u00e1ja","potentialAction":[{"@type":"SearchAction","target":{"@type":"EntryPoint","urlTemplate":"https:\/\/parkhotelbuk.hu\/?s={search_term_string}"},"query-input":{"@type":"PropertyValueSpecification","valueRequired":true,"valueName":"search_term_string"}}],"inLanguage":"en-US"}]}},"_links":{"self":[{"href":"https:\/\/parkhotelbuk.hu\/en\/wp-json\/wp\/v2\/pages\/3772","targetHints":{"allow":["GET"]}}],"collection":[{"href":"https:\/\/parkhotelbuk.hu\/en\/wp-json\/wp\/v2\/pages"}],"about":[{"href":"https:\/\/parkhotelbuk.hu\/en\/wp-json\/wp\/v2\/types\/page"}],"author":[{"embeddable":true,"href":"https:\/\/parkhotelbuk.hu\/en\/wp-json\/wp\/v2\/users\/3"}],"replies":[{"embeddable":true,"href":"https:\/\/parkhotelbuk.hu\/en\/wp-json\/wp\/v2\/comments?post=3772"}],"version-history":[{"count":0,"href":"https:\/\/parkhotelbuk.hu\/en\/wp-json\/wp\/v2\/pages\/3772\/revisions"}],"wp:featuredmedia":[{"embeddable":true,"href":"https:\/\/parkhotelbuk.hu\/en\/wp-json\/wp\/v2\/media\/3776"}],"wp:attachment":[{"href":"https:\/\/parkhotelbuk.hu\/en\/wp-json\/wp\/v2\/media?parent=3772"}],"curies":[{"name":"wp","href":"https:\/\/api.w.org\/{rel}","templated":true}]}}