{"id":8019,"date":"2022-09-14T08:21:38","date_gmt":"2022-09-14T06:21:38","guid":{"rendered":"https:\/\/parkhotelbuk.hu\/reggeli\/"},"modified":"2025-12-04T08:59:23","modified_gmt":"2025-12-04T07:59:23","slug":"reggeli","status":"publish","type":"page","link":"https:\/\/parkhotelbuk.hu\/de\/reggeli\/","title":{"rendered":"Fr\u00fchst\u00fcck"},"content":{"rendered":"<p>[et_pb_section fb_built=&#8220;1&#8243; fullwidth=&#8220;on&#8220; admin_label=&#8220;Szakasz&#8220; _builder_version=&#8220;4.17.4&#8243; _module_preset=&#8220;default&#8220; background_enable_color=&#8220;off&#8220; custom_margin=&#8220;||||false|false&#8220; top_divider_height=&#8220;49px&#8220; saved_tabs=&#8220;all&#8220; locked=&#8220;off&#8220; global_colors_info=&#8220;{}&#8220;][et_pb_fullwidth_post_title meta=&#8220;off&#8220; featured_placement=&#8220;background&#8220; _builder_version=&#8220;4.17.4&#8243; _module_preset=&#8220;default&#8220; title_font=&#8220;||||||||&#8220; title_text_align=&#8220;center&#8220; title_text_color=&#8220;#ffffff&#8220; title_letter_spacing=&#8220;6px&#8220; background_color=&#8220;rgba(84,84,84,0.54)&#8220; use_background_color_gradient=&#8220;on&#8220; background_color_gradient_stops=&#8220;#471f00 0%|rgba(0,0,0,0.42) 40%&#8220; background_color_gradient_overlays_image=&#8220;on&#8220; background_color_gradient_start=&#8220;#471f00&#8243; background_color_gradient_end=&#8220;rgba(0,0,0,0.42)&#8220; background_color_gradient_end_position=&#8220;40%&#8220; background_image=&#8220;https:\/\/static.parkhotelbuk.hu\/wp-content\/uploads\/2022\/09\/buki-illatok.jpg&#8220; min_height=&#8220;70vh&#8220; min_height_tablet=&#8220;&#8220; min_height_phone=&#8220;&#8220; min_height_last_edited=&#8220;on|desktop&#8220; custom_margin=&#8220;0px||||false|false&#8220; custom_padding=&#8220;50vh||||false|false&#8220; filter_saturate=&#8220;133%&#8220; filter_brightness=&#8220;108%&#8220; filter_invert=&#8220;8%&#8220; filter_sepia=&#8220;7%&#8220; title_text_shadow_style=&#8220;preset5&#8243; title_text_shadow_blur_strength=&#8220;0.08em&#8220; title_text_shadow_color=&#8220;#000000&#8243; global_colors_info=&#8220;{}&#8220;][\/et_pb_fullwidth_post_title][\/et_pb_section][et_pb_section fb_built=&#8220;1&#8243; _builder_version=&#8220;4.20.0&#8243; _module_preset=&#8220;default&#8220; use_background_color_gradient=&#8220;on&#8220; background_color_gradient_stops=&#8220;rgba(43,135,218,0) 0%|#c4c4c4 100%&#8220; saved_tabs=&#8220;all&#8220; global_colors_info=&#8220;{}&#8220;][et_pb_row _builder_version=&#8220;4.16&#8243; _module_preset=&#8220;default&#8220; global_colors_info=&#8220;{}&#8220;][et_pb_column type=&#8220;4_4&#8243; _builder_version=&#8220;4.16&#8243; _module_preset=&#8220;default&#8220; global_colors_info=&#8220;{}&#8220;][et_pb_text _builder_version=&#8220;4.18.0&#8243; _module_preset=&#8220;default&#8220; global_colors_info=&#8220;{}&#8220;]<\/p>\n<h1 style=\"text-align: center;\">Buffet oder Plattenservice!<\/h1>\n<h3 style=\"text-align: center;\">Jeden Tag 7:00-10:00!<\/h3>\n<p style=\"text-align: center;\">(Das Fr\u00fchst\u00fccksbuffet ist abh\u00e4ngig von der Belegung des Hotels)<\/p>\n<p>[\/et_pb_text][\/et_pb_column][\/et_pb_row][et_pb_row _builder_version=&#8220;4.18.0&#8243; _module_preset=&#8220;default&#8220; global_colors_info=&#8220;{}&#8220;][et_pb_column type=&#8220;4_4&#8243; _builder_version=&#8220;4.18.0&#8243; _module_preset=&#8220;default&#8220; global_colors_info=&#8220;{}&#8220;][et_pb_image src=&#8220;https:\/\/static.parkhotelbuk.hu\/wp-content\/uploads\/2025\/12\/hordo-etterem-reggeli-2025-1.jpg&#8220; alt=&#8220;T\u00e1ny\u00e9rszervizes Reggeli&#8220; title_text=&#8220;Hord\u00f3 \u00c9tterem | Reggeli aj\u00e1nlat&#8220; show_in_lightbox=&#8220;on&#8220; align=&#8220;center&#8220; module_id=&#8220;hordo-ajanlat-&#8220; _builder_version=&#8220;4.27.4&#8243; _module_preset=&#8220;default&#8220; box_shadow_style=&#8220;preset2&#8243; global_colors_info=&#8220;{}&#8220;][\/et_pb_image][\/et_pb_column][\/et_pb_row][et_pb_row _builder_version=&#8220;4.18.0&#8243; _module_preset=&#8220;default&#8220; global_colors_info=&#8220;{}&#8220;][et_pb_column type=&#8220;4_4&#8243; _builder_version=&#8220;4.18.0&#8243; _module_preset=&#8220;default&#8220; global_colors_info=&#8220;{}&#8220;][et_pb_gallery gallery_ids=&#8220;8240,8228,8232,8216,8212,8220,8224,8236&#8243; posts_number=&#8220;8&#8243; show_title_and_caption=&#8220;off&#8220; zoom_icon_color=&#8220;rgba(0,0,0,0)&#8220; hover_overlay_color=&#8220;rgba(0,0,0,0)&#8220; _builder_version=&#8220;4.18.0&#8243; _module_preset=&#8220;default&#8220; title_font=&#8220;|700|||||||&#8220; title_text_align=&#8220;center&#8220; title_text_color=&#8220;#5c5c5c&#8220; title_font_size=&#8220;11px&#8220; saved_tabs=&#8220;all&#8220; locked=&#8220;off&#8220; global_colors_info=&#8220;{}&#8220;][\/et_pb_gallery][\/et_pb_column][\/et_pb_row][\/et_pb_section]<\/p>\n","protected":false},"excerpt":{"rendered":"<p>Buffet oder Plattenservice! Jeden Tag 7:00-10:00! (Das Fr\u00fchst\u00fccksbuffet ist abh\u00e4ngig von der Belegung des Hotels)<\/p>\n","protected":false},"author":5,"featured_media":8972,"parent":0,"menu_order":0,"comment_status":"closed","ping_status":"closed","template":"","meta":{"_et_pb_use_builder":"on","_et_pb_old_content":"","_et_gb_content_width":"","footnotes":""},"class_list":["post-8019","page","type-page","status-publish","has-post-thumbnail","hentry"],"yoast_head":"<!-- This site is optimized with the Yoast SEO plugin v27.2 - https:\/\/yoast.com\/product\/yoast-seo-wordpress\/ -->\n<title>Fr\u00fchst\u00fcck - Park Hotel - B\u00fck<\/title>\n<meta name=\"robots\" content=\"index, follow, max-snippet:-1, max-image-preview:large, max-video-preview:-1\" \/>\n<link rel=\"canonical\" href=\"https:\/\/parkhotelbuk.hu\/de\/reggeli\/\" \/>\n<meta property=\"og:locale\" content=\"de_DE\" \/>\n<meta property=\"og:type\" content=\"article\" \/>\n<meta property=\"og:title\" content=\"Reggeli - Park Hotel | B\u00fck\" \/>\n<meta property=\"og:description\" content=\"Buffet oder Plattenservice! Jeden Tag 7:00-10:00! (Das Fr\u00fchst\u00fccksbuffet ist abh\u00e4ngig von der Belegung des Hotels)\" \/>\n<meta property=\"og:url\" content=\"https:\/\/parkhotelbuk.hu\/de\/reggeli\/\" \/>\n<meta property=\"og:site_name\" content=\"Park Hotel - B\u00fck\" \/>\n<meta property=\"article:modified_time\" content=\"2025-12-04T07:59:23+00:00\" \/>\n<meta property=\"og:image\" content=\"https:\/\/parkhotelbuk.hu\/wp-content\/uploads\/2022\/09\/patk-hotel-reggeli-fokep.jpg\" \/>\n\t<meta property=\"og:image:width\" content=\"1410\" \/>\n\t<meta property=\"og:image:height\" content=\"1087\" \/>\n\t<meta property=\"og:image:type\" content=\"image\/jpeg\" \/>\n<meta name=\"twitter:card\" content=\"summary_large_image\" \/>\n<meta name=\"twitter:label1\" content=\"Gesch\u00e4tzte Lesezeit\" \/>\n\t<meta name=\"twitter:data1\" content=\"3\u00a0Minuten\" \/>\n<script type=\"application\/ld+json\" class=\"yoast-schema-graph\">{\"@context\":\"https:\/\/schema.org\",\"@graph\":[{\"@type\":\"WebPage\",\"@id\":\"https:\/\/parkhotelbuk.hu\/de\/reggeli\/\",\"url\":\"https:\/\/parkhotelbuk.hu\/de\/reggeli\/\",\"name\":\"Fr\u00fchst\u00fcck - Park Hotel - B\u00fck\",\"isPartOf\":{\"@id\":\"https:\/\/parkhotelbuk.hu\/#website\"},\"primaryImageOfPage\":{\"@id\":\"https:\/\/parkhotelbuk.hu\/de\/reggeli\/#primaryimage\"},\"image\":{\"@id\":\"https:\/\/parkhotelbuk.hu\/de\/reggeli\/#primaryimage\"},\"thumbnailUrl\":\"https:\/\/parkhotelbuk.hu\/wp-content\/uploads\/2022\/10\/park-hotel-buk-reggeli-19.jpg\",\"datePublished\":\"2022-09-14T06:21:38+00:00\",\"dateModified\":\"2025-12-04T07:59:23+00:00\",\"breadcrumb\":{\"@id\":\"https:\/\/parkhotelbuk.hu\/de\/reggeli\/#breadcrumb\"},\"inLanguage\":\"de\",\"potentialAction\":[{\"@type\":\"ReadAction\",\"target\":[\"https:\/\/parkhotelbuk.hu\/de\/reggeli\/\"]}]},{\"@type\":\"ImageObject\",\"inLanguage\":\"de\",\"@id\":\"https:\/\/parkhotelbuk.hu\/de\/reggeli\/#primaryimage\",\"url\":\"https:\/\/parkhotelbuk.hu\/wp-content\/uploads\/2022\/10\/park-hotel-buk-reggeli-19.jpg\",\"contentUrl\":\"https:\/\/parkhotelbuk.hu\/wp-content\/uploads\/2022\/10\/park-hotel-buk-reggeli-19.jpg\",\"width\":1620,\"height\":1080,\"caption\":\"Reggeli - Hord\u00f3 \u00c9tterem B\u00fck\"},{\"@type\":\"BreadcrumbList\",\"@id\":\"https:\/\/parkhotelbuk.hu\/de\/reggeli\/#breadcrumb\",\"itemListElement\":[{\"@type\":\"ListItem\",\"position\":1,\"name\":\"Kezd\u0151lap\",\"item\":\"https:\/\/parkhotelbuk.hu\/de\/\"},{\"@type\":\"ListItem\",\"position\":2,\"name\":\"Fr\u00fchst\u00fcck\"}]},{\"@type\":\"WebSite\",\"@id\":\"https:\/\/parkhotelbuk.hu\/#website\",\"url\":\"https:\/\/parkhotelbuk.hu\/\",\"name\":\"Park Hotel - B\u00fck\",\"description\":\"B\u00fck leg\u00fajabb n\u00e9gycsillagos sz\u00e1llod\u00e1ja\",\"potentialAction\":[{\"@type\":\"SearchAction\",\"target\":{\"@type\":\"EntryPoint\",\"urlTemplate\":\"https:\/\/parkhotelbuk.hu\/?s={search_term_string}\"},\"query-input\":{\"@type\":\"PropertyValueSpecification\",\"valueRequired\":true,\"valueName\":\"search_term_string\"}}],\"inLanguage\":\"de\"}]}<\/script>\n<!-- \/ Yoast SEO plugin. -->","yoast_head_json":{"title":"Fr\u00fchst\u00fcck - Park Hotel - B\u00fck","robots":{"index":"index","follow":"follow","max-snippet":"max-snippet:-1","max-image-preview":"max-image-preview:large","max-video-preview":"max-video-preview:-1"},"canonical":"https:\/\/parkhotelbuk.hu\/de\/reggeli\/","og_locale":"de_DE","og_type":"article","og_title":"Reggeli - Park Hotel | B\u00fck","og_description":"Buffet oder Plattenservice! Jeden Tag 7:00-10:00! (Das Fr\u00fchst\u00fccksbuffet ist abh\u00e4ngig von der Belegung des Hotels)","og_url":"https:\/\/parkhotelbuk.hu\/de\/reggeli\/","og_site_name":"Park Hotel - B\u00fck","article_modified_time":"2025-12-04T07:59:23+00:00","og_image":[{"width":1410,"height":1087,"url":"https:\/\/parkhotelbuk.hu\/wp-content\/uploads\/2022\/09\/patk-hotel-reggeli-fokep.jpg","type":"image\/jpeg"}],"twitter_card":"summary_large_image","twitter_misc":{"Gesch\u00e4tzte Lesezeit":"3\u00a0Minuten"},"schema":{"@context":"https:\/\/schema.org","@graph":[{"@type":"WebPage","@id":"https:\/\/parkhotelbuk.hu\/de\/reggeli\/","url":"https:\/\/parkhotelbuk.hu\/de\/reggeli\/","name":"Fr\u00fchst\u00fcck - Park Hotel - B\u00fck","isPartOf":{"@id":"https:\/\/parkhotelbuk.hu\/#website"},"primaryImageOfPage":{"@id":"https:\/\/parkhotelbuk.hu\/de\/reggeli\/#primaryimage"},"image":{"@id":"https:\/\/parkhotelbuk.hu\/de\/reggeli\/#primaryimage"},"thumbnailUrl":"https:\/\/parkhotelbuk.hu\/wp-content\/uploads\/2022\/10\/park-hotel-buk-reggeli-19.jpg","datePublished":"2022-09-14T06:21:38+00:00","dateModified":"2025-12-04T07:59:23+00:00","breadcrumb":{"@id":"https:\/\/parkhotelbuk.hu\/de\/reggeli\/#breadcrumb"},"inLanguage":"de","potentialAction":[{"@type":"ReadAction","target":["https:\/\/parkhotelbuk.hu\/de\/reggeli\/"]}]},{"@type":"ImageObject","inLanguage":"de","@id":"https:\/\/parkhotelbuk.hu\/de\/reggeli\/#primaryimage","url":"https:\/\/parkhotelbuk.hu\/wp-content\/uploads\/2022\/10\/park-hotel-buk-reggeli-19.jpg","contentUrl":"https:\/\/parkhotelbuk.hu\/wp-content\/uploads\/2022\/10\/park-hotel-buk-reggeli-19.jpg","width":1620,"height":1080,"caption":"Reggeli - Hord\u00f3 \u00c9tterem B\u00fck"},{"@type":"BreadcrumbList","@id":"https:\/\/parkhotelbuk.hu\/de\/reggeli\/#breadcrumb","itemListElement":[{"@type":"ListItem","position":1,"name":"Kezd\u0151lap","item":"https:\/\/parkhotelbuk.hu\/de\/"},{"@type":"ListItem","position":2,"name":"Fr\u00fchst\u00fcck"}]},{"@type":"WebSite","@id":"https:\/\/parkhotelbuk.hu\/#website","url":"https:\/\/parkhotelbuk.hu\/","name":"Park Hotel - B\u00fck","description":"B\u00fck leg\u00fajabb n\u00e9gycsillagos sz\u00e1llod\u00e1ja","potentialAction":[{"@type":"SearchAction","target":{"@type":"EntryPoint","urlTemplate":"https:\/\/parkhotelbuk.hu\/?s={search_term_string}"},"query-input":{"@type":"PropertyValueSpecification","valueRequired":true,"valueName":"search_term_string"}}],"inLanguage":"de"}]}},"_links":{"self":[{"href":"https:\/\/parkhotelbuk.hu\/de\/wp-json\/wp\/v2\/pages\/8019","targetHints":{"allow":["GET"]}}],"collection":[{"href":"https:\/\/parkhotelbuk.hu\/de\/wp-json\/wp\/v2\/pages"}],"about":[{"href":"https:\/\/parkhotelbuk.hu\/de\/wp-json\/wp\/v2\/types\/page"}],"author":[{"embeddable":true,"href":"https:\/\/parkhotelbuk.hu\/de\/wp-json\/wp\/v2\/users\/5"}],"replies":[{"embeddable":true,"href":"https:\/\/parkhotelbuk.hu\/de\/wp-json\/wp\/v2\/comments?post=8019"}],"version-history":[{"count":4,"href":"https:\/\/parkhotelbuk.hu\/de\/wp-json\/wp\/v2\/pages\/8019\/revisions"}],"predecessor-version":[{"id":88213,"href":"https:\/\/parkhotelbuk.hu\/de\/wp-json\/wp\/v2\/pages\/8019\/revisions\/88213"}],"wp:featuredmedia":[{"embeddable":true,"href":"https:\/\/parkhotelbuk.hu\/de\/wp-json\/wp\/v2\/media\/8972"}],"wp:attachment":[{"href":"https:\/\/parkhotelbuk.hu\/de\/wp-json\/wp\/v2\/media?parent=8019"}],"curies":[{"name":"wp","href":"https:\/\/api.w.org\/{rel}","templated":true}]}}