{"id":4303,"date":"2021-03-05T09:51:09","date_gmt":"2021-03-05T08:51:09","guid":{"rendered":"https:\/\/parkhotelbuk.hu\/programajanlo\/"},"modified":"2023-02-22T16:16:14","modified_gmt":"2023-02-22T15:16:14","slug":"programajanlo","status":"publish","type":"page","link":"https:\/\/parkhotelbuk.hu\/de\/programajanlo\/","title":{"rendered":"Programmf\u00fchrer"},"content":{"rendered":"<p>[et_pb_section fb_built=&#8220;1&#8243; fullwidth=&#8220;on&#8220; _builder_version=&#8220;4.16&#8243; _module_preset=&#8220;default&#8220; global_colors_info=&#8220;{}&#8220;][et_pb_fullwidth_header title=&#8220;Programmf\u00fchrer&#8220; _builder_version=&#8220;4.20.0&#8243; _module_preset=&#8220;default&#8220; title_font=&#8220;||||||||&#8220; title_text_align=&#8220;center&#8220; title_letter_spacing=&#8220;6px&#8220; use_background_color_gradient=&#8220;on&#8220; background_color_gradient_stops=&#8220;#7cda24 0%|rgba(41,196,169,0) 55%&#8220; background_color_gradient_overlays_image=&#8220;on&#8220; background_color_gradient_start=&#8220;#7cda24&#8243; background_color_gradient_end=&#8220;rgba(41,196,169,0)&#8220; background_color_gradient_end_position=&#8220;55%&#8220; background_image=&#8220;https:\/\/parkhotelbuk.hu\/wp-content\/uploads\/2021\/03\/programok-1.jpg&#8220; background_blend=&#8220;hard-light&#8220; min_height=&#8220;70vh&#8220; custom_margin=&#8220;||||false|false&#8220; custom_padding=&#8220;35vh||||false|false&#8220; child_filter_saturate=&#8220;168%&#8220; child_filter_brightness=&#8220;119%&#8220; child_filter_invert=&#8220;6%&#8220; child_filter_sepia=&#8220;3%&#8220; hover_enabled=&#8220;0&#8243; title_text_shadow_style=&#8220;preset1&#8243; global_colors_info=&#8220;{}&#8220; sticky_enabled=&#8220;0&#8243;][\/et_pb_fullwidth_header][\/et_pb_section][et_pb_section fb_built=&#8220;1&#8243; _builder_version=&#8220;4.16&#8243; _module_preset=&#8220;default&#8220; use_background_color_gradient=&#8220;on&#8220; background_color_gradient_stops=&#8220;#b3b3b3 0%|#ededed 20%&#8220; background_color_gradient_start=&#8220;#b3b3b3&#8243; background_color_gradient_end=&#8220;#ededed&#8220; background_color_gradient_end_position=&#8220;20%&#8220; global_colors_info=&#8220;{}&#8220;][et_pb_row _builder_version=&#8220;4.16&#8243; _module_preset=&#8220;default&#8220; global_colors_info=&#8220;{}&#8220;][et_pb_column type=&#8220;4_4&#8243; _builder_version=&#8220;4.16&#8243; _module_preset=&#8220;default&#8220; global_colors_info=&#8220;{}&#8220;][et_pb_blog fullwidth=&#8220;off&#8220; include_categories=&#8220;12&#8243; excerpt_length=&#8220;200&#8243; show_more=&#8220;on&#8220; show_author=&#8220;off&#8220; show_date=&#8220;off&#8220; show_categories=&#8220;off&#8220; module_class=&#8220;blog_megjelenites_zoom&#8220; _builder_version=&#8220;4.16&#8243; _module_preset=&#8220;default&#8220; header_font=&#8220;Bebas Neue||||||||&#8220; body_font=&#8220;||||||||&#8220; body_font_size=&#8220;12px&#8220; body_line_height=&#8220;1.5em&#8220; read_more_font=&#8220;Bebas Neue||||||||&#8220; read_more_letter_spacing=&#8220;1px&#8220; global_colors_info=&#8220;{}&#8220;][\/et_pb_blog][\/et_pb_column][\/et_pb_row][\/et_pb_section]<\/p>\n","protected":false},"excerpt":{"rendered":"","protected":false},"author":3,"featured_media":4305,"parent":0,"menu_order":0,"comment_status":"closed","ping_status":"closed","template":"","meta":{"_et_pb_use_builder":"on","_et_pb_old_content":"","_et_gb_content_width":"","footnotes":""},"class_list":["post-4303","page","type-page","status-publish","has-post-thumbnail","hentry"],"yoast_head":"<!-- This site is optimized with the Yoast SEO plugin v27.2 - https:\/\/yoast.com\/product\/yoast-seo-wordpress\/ -->\n<title>Programmf\u00fchrer - Park Hotel - B\u00fck<\/title>\n<meta name=\"robots\" content=\"index, follow, max-snippet:-1, max-image-preview:large, max-video-preview:-1\" \/>\n<link rel=\"canonical\" href=\"https:\/\/parkhotelbuk.hu\/de\/programajanlo\/\" \/>\n<meta property=\"og:locale\" content=\"de_DE\" \/>\n<meta property=\"og:type\" content=\"article\" \/>\n<meta property=\"og:title\" content=\"Programmf\u00fchrer - Park Hotel - B\u00fck\" \/>\n<meta property=\"og:url\" content=\"https:\/\/parkhotelbuk.hu\/de\/programajanlo\/\" \/>\n<meta property=\"og:site_name\" content=\"Park Hotel - B\u00fck\" \/>\n<meta property=\"article:modified_time\" content=\"2023-02-22T15:16:14+00:00\" \/>\n<meta property=\"og:image\" content=\"https:\/\/parkhotelbuk.hu\/wp-content\/uploads\/2021\/03\/programok-1.jpg\" \/>\n\t<meta property=\"og:image:width\" content=\"1800\" \/>\n\t<meta property=\"og:image:height\" content=\"1276\" \/>\n\t<meta property=\"og:image:type\" content=\"image\/jpeg\" \/>\n<meta name=\"twitter:card\" content=\"summary_large_image\" \/>\n<meta name=\"twitter:label1\" content=\"Gesch\u00e4tzte Lesezeit\" \/>\n\t<meta name=\"twitter:data1\" content=\"1\u00a0Minute\" \/>\n<script type=\"application\/ld+json\" class=\"yoast-schema-graph\">{\"@context\":\"https:\/\/schema.org\",\"@graph\":[{\"@type\":\"WebPage\",\"@id\":\"https:\/\/parkhotelbuk.hu\/de\/programajanlo\/\",\"url\":\"https:\/\/parkhotelbuk.hu\/de\/programajanlo\/\",\"name\":\"Programmf\u00fchrer - Park Hotel - B\u00fck\",\"isPartOf\":{\"@id\":\"https:\/\/parkhotelbuk.hu\/#website\"},\"primaryImageOfPage\":{\"@id\":\"https:\/\/parkhotelbuk.hu\/de\/programajanlo\/#primaryimage\"},\"image\":{\"@id\":\"https:\/\/parkhotelbuk.hu\/de\/programajanlo\/#primaryimage\"},\"thumbnailUrl\":\"https:\/\/parkhotelbuk.hu\/wp-content\/uploads\/2021\/03\/programok-1.jpg\",\"datePublished\":\"2021-03-05T08:51:09+00:00\",\"dateModified\":\"2023-02-22T15:16:14+00:00\",\"breadcrumb\":{\"@id\":\"https:\/\/parkhotelbuk.hu\/de\/programajanlo\/#breadcrumb\"},\"inLanguage\":\"de\",\"potentialAction\":[{\"@type\":\"ReadAction\",\"target\":[\"https:\/\/parkhotelbuk.hu\/de\/programajanlo\/\"]}]},{\"@type\":\"ImageObject\",\"inLanguage\":\"de\",\"@id\":\"https:\/\/parkhotelbuk.hu\/de\/programajanlo\/#primaryimage\",\"url\":\"https:\/\/parkhotelbuk.hu\/wp-content\/uploads\/2021\/03\/programok-1.jpg\",\"contentUrl\":\"https:\/\/parkhotelbuk.hu\/wp-content\/uploads\/2021\/03\/programok-1.jpg\",\"width\":1800,\"height\":1276,\"caption\":\"Programaj\u00e1nl\u00f3\"},{\"@type\":\"BreadcrumbList\",\"@id\":\"https:\/\/parkhotelbuk.hu\/de\/programajanlo\/#breadcrumb\",\"itemListElement\":[{\"@type\":\"ListItem\",\"position\":1,\"name\":\"Kezd\u0151lap\",\"item\":\"https:\/\/parkhotelbuk.hu\/de\/\"},{\"@type\":\"ListItem\",\"position\":2,\"name\":\"Programmf\u00fchrer\"}]},{\"@type\":\"WebSite\",\"@id\":\"https:\/\/parkhotelbuk.hu\/#website\",\"url\":\"https:\/\/parkhotelbuk.hu\/\",\"name\":\"Park Hotel - B\u00fck\",\"description\":\"B\u00fck leg\u00fajabb n\u00e9gycsillagos sz\u00e1llod\u00e1ja\",\"potentialAction\":[{\"@type\":\"SearchAction\",\"target\":{\"@type\":\"EntryPoint\",\"urlTemplate\":\"https:\/\/parkhotelbuk.hu\/?s={search_term_string}\"},\"query-input\":{\"@type\":\"PropertyValueSpecification\",\"valueRequired\":true,\"valueName\":\"search_term_string\"}}],\"inLanguage\":\"de\"}]}<\/script>\n<!-- \/ Yoast SEO plugin. -->","yoast_head_json":{"title":"Programmf\u00fchrer - Park Hotel - B\u00fck","robots":{"index":"index","follow":"follow","max-snippet":"max-snippet:-1","max-image-preview":"max-image-preview:large","max-video-preview":"max-video-preview:-1"},"canonical":"https:\/\/parkhotelbuk.hu\/de\/programajanlo\/","og_locale":"de_DE","og_type":"article","og_title":"Programmf\u00fchrer - Park Hotel - B\u00fck","og_url":"https:\/\/parkhotelbuk.hu\/de\/programajanlo\/","og_site_name":"Park Hotel - B\u00fck","article_modified_time":"2023-02-22T15:16:14+00:00","og_image":[{"width":1800,"height":1276,"url":"https:\/\/parkhotelbuk.hu\/wp-content\/uploads\/2021\/03\/programok-1.jpg","type":"image\/jpeg"}],"twitter_card":"summary_large_image","twitter_misc":{"Gesch\u00e4tzte Lesezeit":"1\u00a0Minute"},"schema":{"@context":"https:\/\/schema.org","@graph":[{"@type":"WebPage","@id":"https:\/\/parkhotelbuk.hu\/de\/programajanlo\/","url":"https:\/\/parkhotelbuk.hu\/de\/programajanlo\/","name":"Programmf\u00fchrer - Park Hotel - B\u00fck","isPartOf":{"@id":"https:\/\/parkhotelbuk.hu\/#website"},"primaryImageOfPage":{"@id":"https:\/\/parkhotelbuk.hu\/de\/programajanlo\/#primaryimage"},"image":{"@id":"https:\/\/parkhotelbuk.hu\/de\/programajanlo\/#primaryimage"},"thumbnailUrl":"https:\/\/parkhotelbuk.hu\/wp-content\/uploads\/2021\/03\/programok-1.jpg","datePublished":"2021-03-05T08:51:09+00:00","dateModified":"2023-02-22T15:16:14+00:00","breadcrumb":{"@id":"https:\/\/parkhotelbuk.hu\/de\/programajanlo\/#breadcrumb"},"inLanguage":"de","potentialAction":[{"@type":"ReadAction","target":["https:\/\/parkhotelbuk.hu\/de\/programajanlo\/"]}]},{"@type":"ImageObject","inLanguage":"de","@id":"https:\/\/parkhotelbuk.hu\/de\/programajanlo\/#primaryimage","url":"https:\/\/parkhotelbuk.hu\/wp-content\/uploads\/2021\/03\/programok-1.jpg","contentUrl":"https:\/\/parkhotelbuk.hu\/wp-content\/uploads\/2021\/03\/programok-1.jpg","width":1800,"height":1276,"caption":"Programaj\u00e1nl\u00f3"},{"@type":"BreadcrumbList","@id":"https:\/\/parkhotelbuk.hu\/de\/programajanlo\/#breadcrumb","itemListElement":[{"@type":"ListItem","position":1,"name":"Kezd\u0151lap","item":"https:\/\/parkhotelbuk.hu\/de\/"},{"@type":"ListItem","position":2,"name":"Programmf\u00fchrer"}]},{"@type":"WebSite","@id":"https:\/\/parkhotelbuk.hu\/#website","url":"https:\/\/parkhotelbuk.hu\/","name":"Park Hotel - B\u00fck","description":"B\u00fck leg\u00fajabb n\u00e9gycsillagos sz\u00e1llod\u00e1ja","potentialAction":[{"@type":"SearchAction","target":{"@type":"EntryPoint","urlTemplate":"https:\/\/parkhotelbuk.hu\/?s={search_term_string}"},"query-input":{"@type":"PropertyValueSpecification","valueRequired":true,"valueName":"search_term_string"}}],"inLanguage":"de"}]}},"_links":{"self":[{"href":"https:\/\/parkhotelbuk.hu\/de\/wp-json\/wp\/v2\/pages\/4303","targetHints":{"allow":["GET"]}}],"collection":[{"href":"https:\/\/parkhotelbuk.hu\/de\/wp-json\/wp\/v2\/pages"}],"about":[{"href":"https:\/\/parkhotelbuk.hu\/de\/wp-json\/wp\/v2\/types\/page"}],"author":[{"embeddable":true,"href":"https:\/\/parkhotelbuk.hu\/de\/wp-json\/wp\/v2\/users\/3"}],"replies":[{"embeddable":true,"href":"https:\/\/parkhotelbuk.hu\/de\/wp-json\/wp\/v2\/comments?post=4303"}],"version-history":[{"count":0,"href":"https:\/\/parkhotelbuk.hu\/de\/wp-json\/wp\/v2\/pages\/4303\/revisions"}],"wp:featuredmedia":[{"embeddable":true,"href":"https:\/\/parkhotelbuk.hu\/de\/wp-json\/wp\/v2\/media\/4305"}],"wp:attachment":[{"href":"https:\/\/parkhotelbuk.hu\/de\/wp-json\/wp\/v2\/media?parent=4303"}],"curies":[{"name":"wp","href":"https:\/\/api.w.org\/{rel}","templated":true}]}}