{"id":4140,"date":"2021-02-09T15:42:04","date_gmt":"2021-02-09T14:42:04","guid":{"rendered":"https:\/\/parkhotelbuk.hu\/buk-regi-kepeken\/"},"modified":"2023-08-28T14:28:04","modified_gmt":"2023-08-28T12:28:04","slug":"buk-regi-kepeken","status":"publish","type":"page","link":"https:\/\/parkhotelbuk.hu\/de\/buk-regi-kepeken\/","title":{"rendered":"B\u00fck in alten Bildern"},"content":{"rendered":"<p>[et_pb_section fb_built=&#8220;1&#8243; fullwidth=&#8220;on&#8220; admin_label=&#8220;Szakasz&#8220; _builder_version=&#8220;4.16&#8243; _module_preset=&#8220;default&#8220; custom_margin=&#8220;||||false|false&#8220; top_divider_height=&#8220;49px&#8220; saved_tabs=&#8220;all&#8220; global_colors_info=&#8220;{}&#8220;][et_pb_fullwidth_post_title meta=&#8220;off&#8220; featured_placement=&#8220;background&#8220; _builder_version=&#8220;4.16&#8243; _module_preset=&#8220;default&#8220; title_font=&#8220;Bebas Neue||||||||&#8220; title_text_align=&#8220;center&#8220; title_text_color=&#8220;#ffffff&#8220; title_letter_spacing=&#8220;6px&#8220; background_color=&#8220;#ffffff&#8220; use_background_color_gradient=&#8220;on&#8220; background_color_gradient_stops=&#8220;#5a9612 0%|rgba(255,255,255,0) 34%&#8220; background_color_gradient_overlays_image=&#8220;on&#8220; background_color_gradient_start=&#8220;#5a9612&#8243; background_color_gradient_end=&#8220;rgba(255,255,255,0)&#8220; background_color_gradient_end_position=&#8220;34%&#8220; background_blend=&#8220;soft-light&#8220; min_height=&#8220;70vh&#8220; min_height_tablet=&#8220;&#8220; min_height_phone=&#8220;&#8220; min_height_last_edited=&#8220;on|desktop&#8220; custom_margin=&#8220;0px||||false|false&#8220; custom_padding=&#8220;50vh||||false|false&#8220; filter_saturate=&#8220;133%&#8220; filter_brightness=&#8220;108%&#8220; filter_invert=&#8220;8%&#8220; filter_sepia=&#8220;7%&#8220; title_text_shadow_style=&#8220;preset1&#8243; title_text_shadow_vertical_length=&#8220;0.09em&#8220; title_text_shadow_blur_strength=&#8220;0.12em&#8220; title_text_shadow_color=&#8220;#000000&#8243; global_colors_info=&#8220;{}&#8220;][\/et_pb_fullwidth_post_title][\/et_pb_section][et_pb_section fb_built=&#8220;1&#8243; _builder_version=&#8220;4.16&#8243; _module_preset=&#8220;default&#8220; use_background_color_gradient=&#8220;on&#8220; background_color_gradient_stops=&#8220;#b3b3b3 0%|#ededed 15%&#8220; background_color_gradient_start=&#8220;#b3b3b3&#8243; background_color_gradient_end=&#8220;#ededed&#8220; background_color_gradient_end_position=&#8220;15%&#8220; global_colors_info=&#8220;{}&#8220;][et_pb_row _builder_version=&#8220;4.16&#8243; _module_preset=&#8220;default&#8220; global_colors_info=&#8220;{}&#8220;][et_pb_column type=&#8220;4_4&#8243; _builder_version=&#8220;4.16&#8243; _module_preset=&#8220;default&#8220; global_colors_info=&#8220;{}&#8220;][et_pb_text _builder_version=&#8220;4.22.1&#8243; _module_preset=&#8220;default&#8220; hover_enabled=&#8220;0&#8243; global_colors_info=&#8220;{}&#8220; header_text_color=&#8220;#000000&#8243; text_text_color=&#8220;#000000&#8243; header_2_text_color=&#8220;#FFFFFF&#8220; sticky_enabled=&#8220;0&#8243;]<\/p>\n<h2 style=\"text-align: center;\">Die Geschichte des Restaurants Hord\u00f3 in Bildern<\/h2>\n<p>[\/et_pb_text][et_pb_text _builder_version=&#8220;4.22.1&#8243; _module_preset=&#8220;default&#8220; hover_enabled=&#8220;0&#8243; global_colors_info=&#8220;{}&#8220; header_6_text_color=&#8220;#FFFFFF&#8220; sticky_enabled=&#8220;0&#8243;]<\/p>\n<h6 style=\"text-align: center;\">Unser brandneues Restaurant ist nicht wirklich brandneu? Nein: Es ist fast 70 Jahre alt.<\/h6>\n<p>[\/et_pb_text][et_pb_gallery gallery_ids=&#8220;3749,3745,3741,3737&#8243; posts_number=&#8220;150&#8243; zoom_icon_color=&#8220;rgba(0,0,0,0)&#8220; hover_overlay_color=&#8220;rgba(0,0,0,0)&#8220; _builder_version=&#8220;4.16&#8243; _module_preset=&#8220;default&#8220; title_font=&#8220;|700|||||||&#8220; title_text_align=&#8220;center&#8220; title_text_color=&#8220;#5c5c5c&#8220; title_font_size=&#8220;11px&#8220; global_colors_info=&#8220;{}&#8220;][\/et_pb_gallery][et_pb_divider color=&#8220;#7cda24&#8243; divider_weight=&#8220;9px&#8220; _builder_version=&#8220;4.16&#8243; _module_preset=&#8220;default&#8220; background_enable_color=&#8220;off&#8220; global_colors_info=&#8220;{}&#8220;][\/et_pb_divider][et_pb_text _builder_version=&#8220;4.22.1&#8243; _module_preset=&#8220;default&#8220; hover_enabled=&#8220;0&#8243; global_colors_info=&#8220;{}&#8220; header_2_text_color=&#8220;#4d723f&#8220; sticky_enabled=&#8220;0&#8243;]<\/p>\n<h2 style=\"text-align: center;\">Postkarten aus dem Alltagsleben in B\u00fck und dem Heilbad.<\/h2>\n<p>[\/et_pb_text][et_pb_text _builder_version=&#8220;4.22.1&#8243; _module_preset=&#8220;default&#8220; hover_enabled=&#8220;0&#8243; global_colors_info=&#8220;{}&#8220; header_6_text_color=&#8220;#4f7741&#8243; sticky_enabled=&#8220;0&#8243;]<\/p>\n<h6 style=\"text-align: center;\">Die sch\u00f6nsten Postkarten aller Zeiten sind jene, auf denen der Verleger \u2013 sei es eine Institution oder eine Stadt \u2013 eine Botschaft \u00fcber sich selbst vermittelt. Das ist bei B\u00fck und dem Heilbad nicht anders.<\/h6>\n<p>[\/et_pb_text][et_pb_gallery gallery_ids=&#8220;768,765,769,766,770,1207,1209,1208,771,1206,1210,1211,1212&#8243; posts_number=&#8220;150&#8243; show_title_and_caption=&#8220;off&#8220; show_pagination=&#8220;off&#8220; zoom_icon_color=&#8220;rgba(0,0,0,0)&#8220; hover_overlay_color=&#8220;rgba(0,0,0,0)&#8220; admin_label=&#8220;Gal\u00e9ria&#8220; _builder_version=&#8220;4.16&#8243; _module_preset=&#8220;default&#8220; title_font=&#8220;|700|||||||&#8220; title_text_align=&#8220;center&#8220; title_text_color=&#8220;#5c5c5c&#8220; title_font_size=&#8220;11px&#8220; global_colors_info=&#8220;{}&#8220;][\/et_pb_gallery][et_pb_divider color=&#8220;#7cda24&#8243; divider_weight=&#8220;9px&#8220; _builder_version=&#8220;4.16&#8243; _module_preset=&#8220;default&#8220; background_enable_color=&#8220;off&#8220; global_colors_info=&#8220;{}&#8220;][\/et_pb_divider][et_pb_text _builder_version=&#8220;4.16&#8243; _module_preset=&#8220;default&#8220; hover_enabled=&#8220;0&#8243; global_colors_info=&#8220;{}&#8220; sticky_enabled=&#8220;0&#8243;]<\/p>\n<h2 style=\"text-align: center;\">Das Alltagsleben in der Stadt B\u00fck<\/h2>\n<p>[\/et_pb_text][et_pb_text _builder_version=&#8220;4.16&#8243; _module_preset=&#8220;default&#8220; global_colors_info=&#8220;{}&#8220;]<\/p>\n<h6 style=\"text-align: center;\">In den letzten 60 Jahren hat B\u00fck eine enorme Entwicklung durchgezogen, die am besten durch unsere folgende Sammlung veranschaulicht wird.<\/h6>\n<p>[\/et_pb_text][et_pb_gallery gallery_ids=&#8220;3758,3766,3762,3754&#8243; posts_number=&#8220;150&#8243; zoom_icon_color=&#8220;rgba(0,0,0,0)&#8220; hover_overlay_color=&#8220;rgba(0,0,0,0)&#8220; admin_label=&#8220;Gal\u00e9ria&#8220; _builder_version=&#8220;4.16&#8243; _module_preset=&#8220;default&#8220; title_font=&#8220;|700|||||||&#8220; title_text_align=&#8220;center&#8220; title_text_color=&#8220;#5c5c5c&#8220; title_font_size=&#8220;11px&#8220; global_colors_info=&#8220;{}&#8220;][\/et_pb_gallery][et_pb_divider color=&#8220;#7cda24&#8243; divider_weight=&#8220;9px&#8220; _builder_version=&#8220;4.16&#8243; _module_preset=&#8220;default&#8220; background_enable_color=&#8220;off&#8220; global_colors_info=&#8220;{}&#8220;][\/et_pb_divider][et_pb_text _builder_version=&#8220;4.16&#8243; _module_preset=&#8220;default&#8220; global_colors_info=&#8220;{}&#8220;]<\/p>\n<h2 style=\"text-align: center;\">Bilder aus der 60-j\u00e4hrigen Geschichte des Kurortes<\/h2>\n<p>[\/et_pb_text][et_pb_text _builder_version=&#8220;4.16&#8243; _module_preset=&#8220;default&#8220; global_colors_info=&#8220;{}&#8220;]<\/p>\n<h6 style=\"text-align: center;\">Das Bad ist eine echte Erfolgsgeschichte, das kann man schon sehen, wo es angefangen hat und wo es heute steht.<\/h6>\n<p>[\/et_pb_text][et_pb_gallery gallery_ids=&#8220;868,859,826,900,898,896,895,894,893,891,884,886,885,883,881,878,877,873,871,870,867,866,865,861,860,858,857,856,854,853,850,849,843,840,839,838,837,836,835,827,825,824,823,822,821,820,819,814,813,812,811,810,808,807,805,804,803,802,801,798,797,796,795,794,793,792,791,789,787,786,785,784,781,779,776,774,773,772,764,763,762,760&#8243; posts_number=&#8220;150&#8243; show_title_and_caption=&#8220;off&#8220; show_pagination=&#8220;off&#8220; zoom_icon_color=&#8220;rgba(0,0,0,0)&#8220; hover_overlay_color=&#8220;rgba(0,0,0,0)&#8220; admin_label=&#8220;Gal\u00e9ria&#8220; _builder_version=&#8220;4.16&#8243; _module_preset=&#8220;default&#8220; title_font=&#8220;|700|||||||&#8220; title_text_align=&#8220;center&#8220; title_text_color=&#8220;#5c5c5c&#8220; title_font_size=&#8220;11px&#8220; global_colors_info=&#8220;{}&#8220;][\/et_pb_gallery][\/et_pb_column][\/et_pb_row][\/et_pb_section]<\/p>\n","protected":false},"excerpt":{"rendered":"<p>Die Geschichte des Restaurants Hord\u00f3 in BildernUnser brandneues Restaurant ist nicht wirklich brandneu? Nein: Es ist fast 70 Jahre alt.Postkarten aus dem Alltagsleben in B\u00fck und dem Heilbad.Die sch\u00f6nsten Postkarten aller Zeiten sind jene, auf denen der Verleger \u2013 sei es eine Institution oder eine Stadt \u2013 eine Botschaft \u00fcber sich selbst vermittelt. Das ist [&hellip;]<\/p>\n","protected":false},"author":3,"featured_media":4141,"parent":0,"menu_order":0,"comment_status":"closed","ping_status":"closed","template":"","meta":{"_et_pb_use_builder":"on","_et_pb_old_content":"","_et_gb_content_width":"","footnotes":""},"class_list":["post-4140","page","type-page","status-publish","has-post-thumbnail","hentry"],"yoast_head":"<!-- This site is optimized with the Yoast SEO plugin v27.2 - https:\/\/yoast.com\/product\/yoast-seo-wordpress\/ -->\n<title>B\u00fck in alten Bildern - Park Hotel - B\u00fck<\/title>\n<meta name=\"robots\" content=\"index, follow, max-snippet:-1, max-image-preview:large, max-video-preview:-1\" \/>\n<link rel=\"canonical\" href=\"https:\/\/parkhotelbuk.hu\/de\/buk-regi-kepeken\/\" \/>\n<meta property=\"og:locale\" content=\"de_DE\" \/>\n<meta property=\"og:type\" content=\"article\" \/>\n<meta property=\"og:title\" content=\"B\u00fck in alten Bildern - Park Hotel - B\u00fck\" \/>\n<meta property=\"og:description\" content=\"Die Geschichte des Restaurants Hord\u00f3 in BildernUnser brandneues Restaurant ist nicht wirklich brandneu? Nein: Es ist fast 70 Jahre alt.Postkarten aus dem Alltagsleben in B\u00fck und dem Heilbad.Die sch\u00f6nsten Postkarten aller Zeiten sind jene, auf denen der Verleger \u2013 sei es eine Institution oder eine Stadt \u2013 eine Botschaft \u00fcber sich selbst vermittelt. Das ist [&hellip;]\" \/>\n<meta property=\"og:url\" content=\"https:\/\/parkhotelbuk.hu\/de\/buk-regi-kepeken\/\" \/>\n<meta property=\"og:site_name\" content=\"Park Hotel - B\u00fck\" \/>\n<meta property=\"article:modified_time\" content=\"2023-08-28T12:28:04+00:00\" \/>\n<meta property=\"og:image\" content=\"https:\/\/parkhotelbuk.hu\/wp-content\/uploads\/2021\/02\/parkhotelbuk-3.jpg\" \/>\n\t<meta property=\"og:image:width\" content=\"700\" \/>\n\t<meta property=\"og:image:height\" content=\"497\" \/>\n\t<meta property=\"og:image:type\" content=\"image\/jpeg\" \/>\n<meta name=\"twitter:card\" content=\"summary_large_image\" \/>\n<meta name=\"twitter:label1\" content=\"Gesch\u00e4tzte Lesezeit\" \/>\n\t<meta name=\"twitter:data1\" content=\"2\u00a0Minuten\" \/>\n<script type=\"application\/ld+json\" class=\"yoast-schema-graph\">{\"@context\":\"https:\/\/schema.org\",\"@graph\":[{\"@type\":\"WebPage\",\"@id\":\"https:\/\/parkhotelbuk.hu\/de\/buk-regi-kepeken\/\",\"url\":\"https:\/\/parkhotelbuk.hu\/de\/buk-regi-kepeken\/\",\"name\":\"B\u00fck in alten Bildern - Park Hotel - B\u00fck\",\"isPartOf\":{\"@id\":\"https:\/\/parkhotelbuk.hu\/#website\"},\"primaryImageOfPage\":{\"@id\":\"https:\/\/parkhotelbuk.hu\/de\/buk-regi-kepeken\/#primaryimage\"},\"image\":{\"@id\":\"https:\/\/parkhotelbuk.hu\/de\/buk-regi-kepeken\/#primaryimage\"},\"thumbnailUrl\":\"https:\/\/parkhotelbuk.hu\/wp-content\/uploads\/2021\/02\/parkhotelbuk-3.jpg\",\"datePublished\":\"2021-02-09T14:42:04+00:00\",\"dateModified\":\"2023-08-28T12:28:04+00:00\",\"breadcrumb\":{\"@id\":\"https:\/\/parkhotelbuk.hu\/de\/buk-regi-kepeken\/#breadcrumb\"},\"inLanguage\":\"de\",\"potentialAction\":[{\"@type\":\"ReadAction\",\"target\":[\"https:\/\/parkhotelbuk.hu\/de\/buk-regi-kepeken\/\"]}]},{\"@type\":\"ImageObject\",\"inLanguage\":\"de\",\"@id\":\"https:\/\/parkhotelbuk.hu\/de\/buk-regi-kepeken\/#primaryimage\",\"url\":\"https:\/\/parkhotelbuk.hu\/wp-content\/uploads\/2021\/02\/parkhotelbuk-3.jpg\",\"contentUrl\":\"https:\/\/parkhotelbuk.hu\/wp-content\/uploads\/2021\/02\/parkhotelbuk-3.jpg\",\"width\":700,\"height\":497},{\"@type\":\"BreadcrumbList\",\"@id\":\"https:\/\/parkhotelbuk.hu\/de\/buk-regi-kepeken\/#breadcrumb\",\"itemListElement\":[{\"@type\":\"ListItem\",\"position\":1,\"name\":\"Kezd\u0151lap\",\"item\":\"https:\/\/parkhotelbuk.hu\/de\/\"},{\"@type\":\"ListItem\",\"position\":2,\"name\":\"B\u00fck in alten Bildern\"}]},{\"@type\":\"WebSite\",\"@id\":\"https:\/\/parkhotelbuk.hu\/#website\",\"url\":\"https:\/\/parkhotelbuk.hu\/\",\"name\":\"Park Hotel - B\u00fck\",\"description\":\"B\u00fck leg\u00fajabb n\u00e9gycsillagos sz\u00e1llod\u00e1ja\",\"potentialAction\":[{\"@type\":\"SearchAction\",\"target\":{\"@type\":\"EntryPoint\",\"urlTemplate\":\"https:\/\/parkhotelbuk.hu\/?s={search_term_string}\"},\"query-input\":{\"@type\":\"PropertyValueSpecification\",\"valueRequired\":true,\"valueName\":\"search_term_string\"}}],\"inLanguage\":\"de\"}]}<\/script>\n<!-- \/ Yoast SEO plugin. -->","yoast_head_json":{"title":"B\u00fck in alten Bildern - Park Hotel - B\u00fck","robots":{"index":"index","follow":"follow","max-snippet":"max-snippet:-1","max-image-preview":"max-image-preview:large","max-video-preview":"max-video-preview:-1"},"canonical":"https:\/\/parkhotelbuk.hu\/de\/buk-regi-kepeken\/","og_locale":"de_DE","og_type":"article","og_title":"B\u00fck in alten Bildern - Park Hotel - B\u00fck","og_description":"Die Geschichte des Restaurants Hord\u00f3 in BildernUnser brandneues Restaurant ist nicht wirklich brandneu? Nein: Es ist fast 70 Jahre alt.Postkarten aus dem Alltagsleben in B\u00fck und dem Heilbad.Die sch\u00f6nsten Postkarten aller Zeiten sind jene, auf denen der Verleger \u2013 sei es eine Institution oder eine Stadt \u2013 eine Botschaft \u00fcber sich selbst vermittelt. Das ist [&hellip;]","og_url":"https:\/\/parkhotelbuk.hu\/de\/buk-regi-kepeken\/","og_site_name":"Park Hotel - B\u00fck","article_modified_time":"2023-08-28T12:28:04+00:00","og_image":[{"width":700,"height":497,"url":"https:\/\/parkhotelbuk.hu\/wp-content\/uploads\/2021\/02\/parkhotelbuk-3.jpg","type":"image\/jpeg"}],"twitter_card":"summary_large_image","twitter_misc":{"Gesch\u00e4tzte Lesezeit":"2\u00a0Minuten"},"schema":{"@context":"https:\/\/schema.org","@graph":[{"@type":"WebPage","@id":"https:\/\/parkhotelbuk.hu\/de\/buk-regi-kepeken\/","url":"https:\/\/parkhotelbuk.hu\/de\/buk-regi-kepeken\/","name":"B\u00fck in alten Bildern - Park Hotel - B\u00fck","isPartOf":{"@id":"https:\/\/parkhotelbuk.hu\/#website"},"primaryImageOfPage":{"@id":"https:\/\/parkhotelbuk.hu\/de\/buk-regi-kepeken\/#primaryimage"},"image":{"@id":"https:\/\/parkhotelbuk.hu\/de\/buk-regi-kepeken\/#primaryimage"},"thumbnailUrl":"https:\/\/parkhotelbuk.hu\/wp-content\/uploads\/2021\/02\/parkhotelbuk-3.jpg","datePublished":"2021-02-09T14:42:04+00:00","dateModified":"2023-08-28T12:28:04+00:00","breadcrumb":{"@id":"https:\/\/parkhotelbuk.hu\/de\/buk-regi-kepeken\/#breadcrumb"},"inLanguage":"de","potentialAction":[{"@type":"ReadAction","target":["https:\/\/parkhotelbuk.hu\/de\/buk-regi-kepeken\/"]}]},{"@type":"ImageObject","inLanguage":"de","@id":"https:\/\/parkhotelbuk.hu\/de\/buk-regi-kepeken\/#primaryimage","url":"https:\/\/parkhotelbuk.hu\/wp-content\/uploads\/2021\/02\/parkhotelbuk-3.jpg","contentUrl":"https:\/\/parkhotelbuk.hu\/wp-content\/uploads\/2021\/02\/parkhotelbuk-3.jpg","width":700,"height":497},{"@type":"BreadcrumbList","@id":"https:\/\/parkhotelbuk.hu\/de\/buk-regi-kepeken\/#breadcrumb","itemListElement":[{"@type":"ListItem","position":1,"name":"Kezd\u0151lap","item":"https:\/\/parkhotelbuk.hu\/de\/"},{"@type":"ListItem","position":2,"name":"B\u00fck in alten Bildern"}]},{"@type":"WebSite","@id":"https:\/\/parkhotelbuk.hu\/#website","url":"https:\/\/parkhotelbuk.hu\/","name":"Park Hotel - B\u00fck","description":"B\u00fck leg\u00fajabb n\u00e9gycsillagos sz\u00e1llod\u00e1ja","potentialAction":[{"@type":"SearchAction","target":{"@type":"EntryPoint","urlTemplate":"https:\/\/parkhotelbuk.hu\/?s={search_term_string}"},"query-input":{"@type":"PropertyValueSpecification","valueRequired":true,"valueName":"search_term_string"}}],"inLanguage":"de"}]}},"_links":{"self":[{"href":"https:\/\/parkhotelbuk.hu\/de\/wp-json\/wp\/v2\/pages\/4140","targetHints":{"allow":["GET"]}}],"collection":[{"href":"https:\/\/parkhotelbuk.hu\/de\/wp-json\/wp\/v2\/pages"}],"about":[{"href":"https:\/\/parkhotelbuk.hu\/de\/wp-json\/wp\/v2\/types\/page"}],"author":[{"embeddable":true,"href":"https:\/\/parkhotelbuk.hu\/de\/wp-json\/wp\/v2\/users\/3"}],"replies":[{"embeddable":true,"href":"https:\/\/parkhotelbuk.hu\/de\/wp-json\/wp\/v2\/comments?post=4140"}],"version-history":[{"count":0,"href":"https:\/\/parkhotelbuk.hu\/de\/wp-json\/wp\/v2\/pages\/4140\/revisions"}],"wp:featuredmedia":[{"embeddable":true,"href":"https:\/\/parkhotelbuk.hu\/de\/wp-json\/wp\/v2\/media\/4141"}],"wp:attachment":[{"href":"https:\/\/parkhotelbuk.hu\/de\/wp-json\/wp\/v2\/media?parent=4140"}],"curies":[{"name":"wp","href":"https:\/\/api.w.org\/{rel}","templated":true}]}}