{"id":8281,"date":"2022-09-14T16:13:42","date_gmt":"2022-09-14T14:13:42","guid":{"rendered":"https:\/\/parkhotelbuk.hu\/?page_id=8281"},"modified":"2025-12-03T16:21:47","modified_gmt":"2025-12-03T15:21:47","slug":"vecere","status":"publish","type":"page","link":"https:\/\/parkhotelbuk.hu\/cs\/vecere\/","title":{"rendered":"Ve\u010de\u0159e"},"content":{"rendered":"<p>[et_pb_section fb_built=&#8220;1&#8243; fullwidth=&#8220;on&#8220; admin_label=&#8220;Szakasz&#8220; _builder_version=&#8220;4.17.4&#8243; _module_preset=&#8220;default&#8220; background_enable_color=&#8220;off&#8220; custom_margin=&#8220;||||false|false&#8220; top_divider_height=&#8220;49px&#8220; saved_tabs=&#8220;all&#8220; locked=&#8220;off&#8220; global_colors_info=&#8220;{}&#8220;][et_pb_fullwidth_post_title meta=&#8220;off&#8220; featured_placement=&#8220;background&#8220; _builder_version=&#8220;4.22.1&#8243; _module_preset=&#8220;default&#8220; title_font=&#8220;||||||||&#8220; title_text_align=&#8220;center&#8220; title_text_color=&#8220;#8DCE71&#8243; title_letter_spacing=&#8220;6px&#8220; background_color=&#8220;rgba(84,84,84,0.54)&#8220; use_background_color_gradient=&#8220;on&#8220; background_color_gradient_stops=&#8220;#471f00 0%|rgba(0,0,0,0.42) 40%&#8220; background_color_gradient_overlays_image=&#8220;on&#8220; background_color_gradient_start=&#8220;#471f00&#8243; background_color_gradient_end=&#8220;rgba(0,0,0,0.42)&#8220; background_color_gradient_end_position=&#8220;40%&#8220; background_image=&#8220;https:\/\/static.parkhotelbuk.hu\/wp-content\/uploads\/2022\/09\/buki-illatok.jpg&#8220; min_height=&#8220;70vh&#8220; min_height_tablet=&#8220;&#8220; min_height_phone=&#8220;&#8220; min_height_last_edited=&#8220;on|desktop&#8220; custom_margin=&#8220;0px||||false|false&#8220; custom_padding=&#8220;50vh||||false|false&#8220; filter_saturate=&#8220;133%&#8220; filter_brightness=&#8220;108%&#8220; filter_invert=&#8220;8%&#8220; filter_sepia=&#8220;7%&#8220; title_text_color_tablet=&#8220;#8DCE71&#8243; title_text_color_phone=&#8220;#FFFFFF&#8220; title_text_color_last_edited=&#8220;on|phone&#8220; title_font_size_tablet=&#8220;&#8220; title_font_size_phone=&#8220;23px&#8220; title_font_size_last_edited=&#8220;on|phone&#8220; title_text_shadow_style=&#8220;preset5&#8243; title_text_shadow_blur_strength=&#8220;0.08em&#8220; title_text_shadow_color=&#8220;#000000&#8243; global_colors_info=&#8220;{}&#8220;][\/et_pb_fullwidth_post_title][\/et_pb_section][et_pb_section fb_built=&#8220;1&#8243; _builder_version=&#8220;4.16&#8243; _module_preset=&#8220;default&#8220; use_background_color_gradient=&#8220;on&#8220; background_color_gradient_stops=&#8220;#b3b3b3 0%|#ededed 20%&#8220; background_color_gradient_start=&#8220;#b3b3b3&#8243; background_color_gradient_end=&#8220;#ededed&#8220; background_color_gradient_end_position=&#8220;20%&#8220; saved_tabs=&#8220;all&#8220; global_colors_info=&#8220;{}&#8220;][et_pb_row _builder_version=&#8220;4.16&#8243; _module_preset=&#8220;default&#8220; global_colors_info=&#8220;{}&#8220;][et_pb_column type=&#8220;4_4&#8243; _builder_version=&#8220;4.16&#8243; _module_preset=&#8220;default&#8220; global_colors_info=&#8220;{}&#8220;][et_pb_text _builder_version=&#8220;4.20.0&#8243; _module_preset=&#8220;default&#8220; header_text_color=&#8220;#FFFFFF&#8220; header_3_text_color=&#8220;#FFFFFF&#8220; global_colors_info=&#8220;{}&#8220;]<\/p>\n<h1 style=\"text-align: center;\">Pro\u010d byste chodili na ve\u010de\u0159i jinam, kdy\u017e tu najdete tu nejlep\u0161\u00ed kuchyni?!<\/h1>\n<p style=\"text-align: center;\">Na\u0161e nab\u00eddka ve\u010de\u0159e je pastvou pro o\u010di i \u00fasta!<\/p>\n<h3 style=\"text-align: center;\">Ka\u017ed\u00fd den od 18:00 do 21:00!<\/h3>\n<p style=\"text-align: center;\">Na\u0161e ve\u010de\u0159e formou bufetu nebo obslu\u017en\u00fdch tal\u00ed\u0159\u016f bude rozhodn\u011b z\u00e1\u017eitkem!<\/p>\n<p style=\"text-align: center;\">(Ve\u010de\u0159e formou bufetu z\u00e1vis\u00ed na obsazenosti hotelu.)<\/p>\n<p>[\/et_pb_text][\/et_pb_column][\/et_pb_row][et_pb_row _builder_version=&#8220;4.18.0&#8243; _module_preset=&#8220;default&#8220; global_colors_info=&#8220;{}&#8220;][et_pb_column type=&#8220;4_4&#8243; _builder_version=&#8220;4.18.0&#8243; _module_preset=&#8220;default&#8220; global_colors_info=&#8220;{}&#8220;][et_pb_gallery gallery_ids=&#8220;7979,7983,7987,7991,7995,7999,8003,8007&#8243; posts_number=&#8220;8&#8243; show_title_and_caption=&#8220;off&#8220; zoom_icon_color=&#8220;rgba(0,0,0,0)&#8220; hover_overlay_color=&#8220;rgba(0,0,0,0)&#8220; _builder_version=&#8220;4.18.0&#8243; _module_preset=&#8220;default&#8220; title_font=&#8220;|700|||||||&#8220; title_text_align=&#8220;center&#8220; title_text_color=&#8220;#5c5c5c&#8220; title_font_size=&#8220;11px&#8220; saved_tabs=&#8220;all&#8220; locked=&#8220;off&#8220; global_colors_info=&#8220;{}&#8220;][\/et_pb_gallery][\/et_pb_column][\/et_pb_row][et_pb_row _builder_version=&#8220;4.18.0&#8243; _module_preset=&#8220;default&#8220; global_colors_info=&#8220;{}&#8220;][et_pb_column type=&#8220;4_4&#8243; _builder_version=&#8220;4.18.0&#8243; _module_preset=&#8220;default&#8220; global_colors_info=&#8220;{}&#8220;][et_pb_gallery fullwidth=&#8220;on&#8220; _builder_version=&#8220;4.27.4&#8243; _module_preset=&#8220;default&#8220; title_font=&#8220;|700|||||||&#8220; title_text_align=&#8220;center&#8220; title_text_color=&#8220;#5c5c5c&#8220; title_font_size=&#8220;11px&#8220; hover_enabled=&#8220;0&#8243; saved_tabs=&#8220;all&#8220; locked=&#8220;off&#8220; global_colors_info=&#8220;{}&#8220; gallery_ids=&#8220;88195,88191&#8243; sticky_enabled=&#8220;0&#8243;][\/et_pb_gallery][et_pb_gallery gallery_ids=&#8220;10261,10257&#8243; fullwidth=&#8220;on&#8220; disabled_on=&#8220;on|on|on&#8220; _builder_version=&#8220;4.18.0&#8243; _module_preset=&#8220;default&#8220; disabled=&#8220;on&#8220; locked=&#8220;off&#8220; global_colors_info=&#8220;{}&#8220;][\/et_pb_gallery][\/et_pb_column][\/et_pb_row][\/et_pb_section]<\/p>\n","protected":false},"excerpt":{"rendered":"<p>Pro\u010d byste chodili na ve\u010de\u0159i jinam, kdy\u017e tu najdete tu nejlep\u0161\u00ed kuchyni?! Na\u0161e nab\u00eddka ve\u010de\u0159e je pastvou pro o\u010di i \u00fasta! Ka\u017ed\u00fd den od 18:00 do 21:00! Na\u0161e ve\u010de\u0159e formou bufetu nebo obslu\u017en\u00fdch tal\u00ed\u0159\u016f bude rozhodn\u011b z\u00e1\u017eitkem! (Ve\u010de\u0159e formou bufetu z\u00e1vis\u00ed na obsazenosti hotelu.)<\/p>\n","protected":false},"author":5,"featured_media":8491,"parent":0,"menu_order":0,"comment_status":"closed","ping_status":"closed","template":"","meta":{"_et_pb_use_builder":"on","_et_pb_old_content":"","_et_gb_content_width":"","footnotes":""},"class_list":["post-8281","page","type-page","status-publish","has-post-thumbnail","hentry"],"yoast_head":"<!-- This site is optimized with the Yoast SEO plugin v27.2 - https:\/\/yoast.com\/product\/yoast-seo-wordpress\/ -->\n<title>Ve\u010de\u0159e - Park Hotel - B\u00fck<\/title>\n<meta name=\"robots\" content=\"index, follow, max-snippet:-1, max-image-preview:large, max-video-preview:-1\" \/>\n<link rel=\"canonical\" href=\"https:\/\/parkhotelbuk.hu\/cs\/vecere\/\" \/>\n<meta property=\"og:locale\" content=\"cs_CZ\" \/>\n<meta property=\"og:type\" content=\"article\" \/>\n<meta property=\"og:title\" content=\"Ve\u010de\u0159e - Park Hotel - B\u00fck\" \/>\n<meta property=\"og:description\" content=\"Pro\u010d byste chodili na ve\u010de\u0159i jinam, kdy\u017e tu najdete tu nejlep\u0161\u00ed kuchyni?! Na\u0161e nab\u00eddka ve\u010de\u0159e je pastvou pro o\u010di i \u00fasta! Ka\u017ed\u00fd den od 18:00 do 21:00! Na\u0161e ve\u010de\u0159e formou bufetu nebo obslu\u017en\u00fdch tal\u00ed\u0159\u016f bude rozhodn\u011b z\u00e1\u017eitkem! (Ve\u010de\u0159e formou bufetu z\u00e1vis\u00ed na obsazenosti hotelu.)\" \/>\n<meta property=\"og:url\" content=\"https:\/\/parkhotelbuk.hu\/cs\/vecere\/\" \/>\n<meta property=\"og:site_name\" content=\"Park Hotel - B\u00fck\" \/>\n<meta property=\"article:modified_time\" content=\"2025-12-03T15:21:47+00:00\" \/>\n<meta property=\"og:image\" content=\"https:\/\/parkhotelbuk.hu\/wp-content\/uploads\/2022\/09\/D3_0697.jpg\" \/>\n\t<meta property=\"og:image:width\" content=\"1920\" \/>\n\t<meta property=\"og:image:height\" content=\"1281\" \/>\n\t<meta property=\"og:image:type\" content=\"image\/jpeg\" \/>\n<meta name=\"twitter:card\" content=\"summary_large_image\" \/>\n<meta name=\"twitter:label1\" content=\"Odhadovan\u00e1 doba \u010dten\u00ed\" \/>\n\t<meta name=\"twitter:data1\" content=\"3 minuty\" \/>\n<script type=\"application\/ld+json\" class=\"yoast-schema-graph\">{\"@context\":\"https:\/\/schema.org\",\"@graph\":[{\"@type\":\"WebPage\",\"@id\":\"https:\/\/parkhotelbuk.hu\/cs\/vecere\/\",\"url\":\"https:\/\/parkhotelbuk.hu\/cs\/vecere\/\",\"name\":\"Ve\u010de\u0159e - Park Hotel - B\u00fck\",\"isPartOf\":{\"@id\":\"https:\/\/parkhotelbuk.hu\/#website\"},\"primaryImageOfPage\":{\"@id\":\"https:\/\/parkhotelbuk.hu\/cs\/vecere\/#primaryimage\"},\"image\":{\"@id\":\"https:\/\/parkhotelbuk.hu\/cs\/vecere\/#primaryimage\"},\"thumbnailUrl\":\"https:\/\/parkhotelbuk.hu\/wp-content\/uploads\/2022\/09\/D3_0697.jpg\",\"datePublished\":\"2022-09-14T14:13:42+00:00\",\"dateModified\":\"2025-12-03T15:21:47+00:00\",\"breadcrumb\":{\"@id\":\"https:\/\/parkhotelbuk.hu\/cs\/vecere\/#breadcrumb\"},\"inLanguage\":\"cs\",\"potentialAction\":[{\"@type\":\"ReadAction\",\"target\":[\"https:\/\/parkhotelbuk.hu\/cs\/vecere\/\"]}]},{\"@type\":\"ImageObject\",\"inLanguage\":\"cs\",\"@id\":\"https:\/\/parkhotelbuk.hu\/cs\/vecere\/#primaryimage\",\"url\":\"https:\/\/parkhotelbuk.hu\/wp-content\/uploads\/2022\/09\/D3_0697.jpg\",\"contentUrl\":\"https:\/\/parkhotelbuk.hu\/wp-content\/uploads\/2022\/09\/D3_0697.jpg\",\"width\":1920,\"height\":1281},{\"@type\":\"BreadcrumbList\",\"@id\":\"https:\/\/parkhotelbuk.hu\/cs\/vecere\/#breadcrumb\",\"itemListElement\":[{\"@type\":\"ListItem\",\"position\":1,\"name\":\"Kezd\u0151lap\",\"item\":\"https:\/\/parkhotelbuk.hu\/cs\/\"},{\"@type\":\"ListItem\",\"position\":2,\"name\":\"Ve\u010de\u0159e\"}]},{\"@type\":\"WebSite\",\"@id\":\"https:\/\/parkhotelbuk.hu\/#website\",\"url\":\"https:\/\/parkhotelbuk.hu\/\",\"name\":\"Park Hotel - B\u00fck\",\"description\":\"B\u00fck leg\u00fajabb n\u00e9gycsillagos sz\u00e1llod\u00e1ja\",\"potentialAction\":[{\"@type\":\"SearchAction\",\"target\":{\"@type\":\"EntryPoint\",\"urlTemplate\":\"https:\/\/parkhotelbuk.hu\/?s={search_term_string}\"},\"query-input\":{\"@type\":\"PropertyValueSpecification\",\"valueRequired\":true,\"valueName\":\"search_term_string\"}}],\"inLanguage\":\"cs\"}]}<\/script>\n<!-- \/ Yoast SEO plugin. -->","yoast_head_json":{"title":"Ve\u010de\u0159e - Park Hotel - B\u00fck","robots":{"index":"index","follow":"follow","max-snippet":"max-snippet:-1","max-image-preview":"max-image-preview:large","max-video-preview":"max-video-preview:-1"},"canonical":"https:\/\/parkhotelbuk.hu\/cs\/vecere\/","og_locale":"cs_CZ","og_type":"article","og_title":"Ve\u010de\u0159e - Park Hotel - B\u00fck","og_description":"Pro\u010d byste chodili na ve\u010de\u0159i jinam, kdy\u017e tu najdete tu nejlep\u0161\u00ed kuchyni?! Na\u0161e nab\u00eddka ve\u010de\u0159e je pastvou pro o\u010di i \u00fasta! Ka\u017ed\u00fd den od 18:00 do 21:00! Na\u0161e ve\u010de\u0159e formou bufetu nebo obslu\u017en\u00fdch tal\u00ed\u0159\u016f bude rozhodn\u011b z\u00e1\u017eitkem! (Ve\u010de\u0159e formou bufetu z\u00e1vis\u00ed na obsazenosti hotelu.)","og_url":"https:\/\/parkhotelbuk.hu\/cs\/vecere\/","og_site_name":"Park Hotel - B\u00fck","article_modified_time":"2025-12-03T15:21:47+00:00","og_image":[{"width":1920,"height":1281,"url":"https:\/\/parkhotelbuk.hu\/wp-content\/uploads\/2022\/09\/D3_0697.jpg","type":"image\/jpeg"}],"twitter_card":"summary_large_image","twitter_misc":{"Odhadovan\u00e1 doba \u010dten\u00ed":"3 minuty"},"schema":{"@context":"https:\/\/schema.org","@graph":[{"@type":"WebPage","@id":"https:\/\/parkhotelbuk.hu\/cs\/vecere\/","url":"https:\/\/parkhotelbuk.hu\/cs\/vecere\/","name":"Ve\u010de\u0159e - Park Hotel - B\u00fck","isPartOf":{"@id":"https:\/\/parkhotelbuk.hu\/#website"},"primaryImageOfPage":{"@id":"https:\/\/parkhotelbuk.hu\/cs\/vecere\/#primaryimage"},"image":{"@id":"https:\/\/parkhotelbuk.hu\/cs\/vecere\/#primaryimage"},"thumbnailUrl":"https:\/\/parkhotelbuk.hu\/wp-content\/uploads\/2022\/09\/D3_0697.jpg","datePublished":"2022-09-14T14:13:42+00:00","dateModified":"2025-12-03T15:21:47+00:00","breadcrumb":{"@id":"https:\/\/parkhotelbuk.hu\/cs\/vecere\/#breadcrumb"},"inLanguage":"cs","potentialAction":[{"@type":"ReadAction","target":["https:\/\/parkhotelbuk.hu\/cs\/vecere\/"]}]},{"@type":"ImageObject","inLanguage":"cs","@id":"https:\/\/parkhotelbuk.hu\/cs\/vecere\/#primaryimage","url":"https:\/\/parkhotelbuk.hu\/wp-content\/uploads\/2022\/09\/D3_0697.jpg","contentUrl":"https:\/\/parkhotelbuk.hu\/wp-content\/uploads\/2022\/09\/D3_0697.jpg","width":1920,"height":1281},{"@type":"BreadcrumbList","@id":"https:\/\/parkhotelbuk.hu\/cs\/vecere\/#breadcrumb","itemListElement":[{"@type":"ListItem","position":1,"name":"Kezd\u0151lap","item":"https:\/\/parkhotelbuk.hu\/cs\/"},{"@type":"ListItem","position":2,"name":"Ve\u010de\u0159e"}]},{"@type":"WebSite","@id":"https:\/\/parkhotelbuk.hu\/#website","url":"https:\/\/parkhotelbuk.hu\/","name":"Park Hotel - B\u00fck","description":"B\u00fck leg\u00fajabb n\u00e9gycsillagos sz\u00e1llod\u00e1ja","potentialAction":[{"@type":"SearchAction","target":{"@type":"EntryPoint","urlTemplate":"https:\/\/parkhotelbuk.hu\/?s={search_term_string}"},"query-input":{"@type":"PropertyValueSpecification","valueRequired":true,"valueName":"search_term_string"}}],"inLanguage":"cs"}]}},"_links":{"self":[{"href":"https:\/\/parkhotelbuk.hu\/cs\/wp-json\/wp\/v2\/pages\/8281","targetHints":{"allow":["GET"]}}],"collection":[{"href":"https:\/\/parkhotelbuk.hu\/cs\/wp-json\/wp\/v2\/pages"}],"about":[{"href":"https:\/\/parkhotelbuk.hu\/cs\/wp-json\/wp\/v2\/types\/page"}],"author":[{"embeddable":true,"href":"https:\/\/parkhotelbuk.hu\/cs\/wp-json\/wp\/v2\/users\/5"}],"replies":[{"embeddable":true,"href":"https:\/\/parkhotelbuk.hu\/cs\/wp-json\/wp\/v2\/comments?post=8281"}],"version-history":[{"count":2,"href":"https:\/\/parkhotelbuk.hu\/cs\/wp-json\/wp\/v2\/pages\/8281\/revisions"}],"predecessor-version":[{"id":88204,"href":"https:\/\/parkhotelbuk.hu\/cs\/wp-json\/wp\/v2\/pages\/8281\/revisions\/88204"}],"wp:featuredmedia":[{"embeddable":true,"href":"https:\/\/parkhotelbuk.hu\/cs\/wp-json\/wp\/v2\/media\/8491"}],"wp:attachment":[{"href":"https:\/\/parkhotelbuk.hu\/cs\/wp-json\/wp\/v2\/media?parent=8281"}],"curies":[{"name":"wp","href":"https:\/\/api.w.org\/{rel}","templated":true}]}}