{"id":7825,"date":"2022-08-29T08:41:54","date_gmt":"2022-08-29T06:41:54","guid":{"rendered":"https:\/\/parkhotelbuk.hu\/teniszpalya\/"},"modified":"2025-07-01T15:27:29","modified_gmt":"2025-07-01T13:27:29","slug":"teniszpalya","status":"publish","type":"page","link":"https:\/\/parkhotelbuk.hu\/cs\/teniszpalya\/","title":{"rendered":"Tenisov\u00fd kurt, sportovn\u00ed h\u0159i\u0161t\u011b"},"content":{"rendered":"<p>[et_pb_section fb_built=&#8220;1&#8243; fullwidth=&#8220;on&#8220; _builder_version=&#8220;4.18.0&#8243; _module_preset=&#8220;default&#8220; global_colors_info=&#8220;{}&#8220; locked=&#8220;off&#8220;][et_pb_fullwidth_post_title meta=&#8220;off&#8220; featured_placement=&#8220;background&#8220; disabled_on=&#8220;off|off|off&#8220; admin_label=&#8220;Teljes sz\u00e9less\u00e9g\u0171 bejegyz\u00e9s c\u00edm&#8220; _builder_version=&#8220;4.22.1&#8243; _module_preset=&#8220;default&#8220; title_font=&#8220;||||||||&#8220; title_text_align=&#8220;center&#8220; title_text_color=&#8220;#8DCE71&#8243; title_letter_spacing=&#8220;6px&#8220; background_color=&#8220;rgba(84,84,84,0.54)&#8220; use_background_color_gradient=&#8220;on&#8220; background_color_gradient_stops=&#8220;#5a9612 0%|rgba(0,0,0,0.42) 40%&#8220; background_color_gradient_overlays_image=&#8220;on&#8220; background_color_gradient_start=&#8220;#5a9612&#8243; background_color_gradient_end=&#8220;rgba(0,0,0,0.42)&#8220; background_color_gradient_end_position=&#8220;40%&#8220; background_enable_image=&#8220;off&#8220; min_height=&#8220;70vh&#8220; min_height_tablet=&#8220;70vh&#8220; min_height_phone=&#8220;70vh&#8220; min_height_last_edited=&#8220;on|desktop&#8220; custom_margin=&#8220;0px||||false|false&#8220; custom_padding=&#8220;50vh||||false|false&#8220; filter_saturate=&#8220;133%&#8220; filter_brightness=&#8220;108%&#8220; filter_invert=&#8220;8%&#8220; filter_sepia=&#8220;7%&#8220; title_letter_spacing_tablet=&#8220;6px&#8220; title_letter_spacing_phone=&#8220;2px&#8220; title_letter_spacing_last_edited=&#8220;on|phone&#8220; title_text_shadow_style=&#8220;preset5&#8243; title_text_shadow_blur_strength=&#8220;0.08em&#8220; title_text_shadow_color=&#8220;#000000&#8243; global_colors_info=&#8220;{}&#8220;][\/et_pb_fullwidth_post_title][\/et_pb_section][et_pb_section fb_built=&#8220;1&#8243; _builder_version=&#8220;4.18.0&#8243; _module_preset=&#8220;default&#8220; global_colors_info=&#8220;{}&#8220; locked=&#8220;off&#8220;][et_pb_row _builder_version=&#8220;4.18.0&#8243; _module_preset=&#8220;default&#8220; global_colors_info=&#8220;{}&#8220;][et_pb_column type=&#8220;4_4&#8243; _builder_version=&#8220;4.18.0&#8243; _module_preset=&#8220;default&#8220; global_colors_info=&#8220;{}&#8220;][et_pb_text _builder_version=&#8220;4.27.4&#8243; _module_preset=&#8220;default&#8220; hover_enabled=&#8220;0&#8243; global_colors_info=&#8220;{}&#8220; sticky_enabled=&#8220;0&#8243;]<\/p>\n<h3 style=\"text-align: center;\">Pro aktivn\u00ed odpo\u010dinek doporu\u010dujeme na\u0161e sportovn\u00ed h\u0159i\u0161t\u011b, kde si m\u016f\u017eete zahr\u00e1t badminton, stoln\u00ed tenis, teqball, basketbal, tenis a h\u00e1zenou.<\/h3>\n<p style=\"text-align: center;\">Krom\u011b nich je zde tak\u00e9 velk\u00e1 venkovn\u00ed \u0161achovnice.<\/p>\n<p>[\/et_pb_text][\/et_pb_column][\/et_pb_row][et_pb_row _builder_version=&#8220;4.27.4&#8243; _module_preset=&#8220;default&#8220; width=&#8220;100%&#8220; max_width=&#8220;100%&#8220; global_colors_info=&#8220;{}&#8220;][et_pb_column type=&#8220;4_4&#8243; _builder_version=&#8220;4.27.4&#8243; _module_preset=&#8220;default&#8220; global_colors_info=&#8220;{}&#8220;][et_pb_cta title=&#8220;rezervace trati&#8220; button_url=&#8220;tel:06704488099&#8243; button_text=&#8220;+ 06 70 44 880 99&#8243; _builder_version=&#8220;4.27.4&#8243; _module_preset=&#8220;default&#8220; header_font_size=&#8220;49px&#8220; use_background_color_gradient=&#8220;on&#8220; background_color_gradient_stops=&#8220;rgba(141,206,113,0.77) 0%|rgba(141,206,113,0.23) 100%&#8220; background_color_gradient_overlays_image=&#8220;on&#8220; background_image=&#8220;https:\/\/static.parkhotelbuk.hu\/wp-content\/uploads\/2022\/09\/ParkHotel_053-1.jpg&#8220; custom_button=&#8220;on&#8220; button_text_color=&#8220;#FFFFFF&#8220; link_option_url=&#8220;tel:06704488099&#8243; hover_enabled=&#8220;0&#8243; header_text_shadow_style=&#8220;preset5&#8243; header_text_shadow_horizontal_length=&#8220;0.06em&#8220; header_text_shadow_vertical_length=&#8220;0.06em&#8220; header_text_shadow_color=&#8220;rgba(66,104,57,0.82)&#8220; global_colors_info=&#8220;{}&#8220; button_text_color__hover_enabled=&#8220;on|hover&#8220; button_text_color__hover=&#8220;#8DCE71&#8243; sticky_enabled=&#8220;0&#8243;][\/et_pb_cta][\/et_pb_column][\/et_pb_row][et_pb_row disabled_on=&#8220;off|off|off&#8220; _builder_version=&#8220;4.25.1&#8243; _module_preset=&#8220;default&#8220; locked=&#8220;off&#8220; global_colors_info=&#8220;{}&#8220;][et_pb_column type=&#8220;4_4&#8243; _builder_version=&#8220;4.21.2&#8243; _module_preset=&#8220;default&#8220; global_colors_info=&#8220;{}&#8220;][et_pb_gallery gallery_ids=&#8220;8546,7624,8551,87044,8555,7608,87052,87093,87048,7628,87101,8650,87105,8666,8662,7604,8658,87143,87131,8372,8308&#8243; posts_number=&#8220;150&#8243; show_title_and_caption=&#8220;off&#8220; zoom_icon_color=&#8220;rgba(0,0,0,0)&#8220; hover_overlay_color=&#8220;rgba(0,0,0,0)&#8220; disabled_on=&#8220;off|off|off&#8220; _builder_version=&#8220;4.27.4&#8243; _module_preset=&#8220;default&#8220; title_font=&#8220;|700|||||||&#8220; title_text_align=&#8220;center&#8220; title_text_color=&#8220;#95d074&#8243; title_font_size=&#8220;11px&#8220; pagination_text_color=&#8220;#95D074&#8243; custom_css_gallery_item=&#8220;width: 33.33% !important;||margin: 0 !important;||padding: 2px !important;||clear: none !important;&#8220; custom_css_overlay=&#8220;||&#8220; custom_css_overlay_icon=&#8220;||&#8220; global_colors_info=&#8220;{}&#8220; custom_css_gallery_item_tablet=&#8220;width: 50% !important;||margin: 0 !important;||clear: none !important;&#8220; custom_css_gallery_item_phone=&#8220;width: 100% !important;||margin: 0 !important;||clear: none !important;&#8220; custom_css_gallery_item_last_edited=&#8220;on|phone&#8220;][\/et_pb_gallery][\/et_pb_column][\/et_pb_row][\/et_pb_section]<\/p>\n","protected":false},"excerpt":{"rendered":"<p>Pro aktivn\u00ed odpo\u010dinek doporu\u010dujeme na\u0161e sportovn\u00ed h\u0159i\u0161t\u011b, kde si m\u016f\u017eete zahr\u00e1t badminton, stoln\u00ed tenis, teqball, basketbal, tenis a h\u00e1zenou.<\/p>\n","protected":false},"author":3,"featured_media":8547,"parent":0,"menu_order":0,"comment_status":"closed","ping_status":"closed","template":"","meta":{"_et_pb_use_builder":"on","_et_pb_old_content":"","_et_gb_content_width":"","footnotes":""},"class_list":["post-7825","page","type-page","status-publish","has-post-thumbnail","hentry"],"yoast_head":"<!-- This site is optimized with the Yoast SEO plugin v27.2 - https:\/\/yoast.com\/product\/yoast-seo-wordpress\/ -->\n<title>Tenisov\u00fd kurt, sportovn\u00ed h\u0159i\u0161t\u011b - Park Hotel - B\u00fck<\/title>\n<meta name=\"description\" content=\"Pro aktivn\u00ed odpo\u010dinek doporu\u010dujeme na\u0161e sportovn\u00ed h\u0159i\u0161t\u011b, kde si m\u016f\u017eete zahr\u00e1t badminton, stoln\u00ed tenis, teqball, basketbal, tenis a h\u00e1zenou.\" \/>\n<meta name=\"robots\" content=\"index, follow, max-snippet:-1, max-image-preview:large, max-video-preview:-1\" \/>\n<link rel=\"canonical\" href=\"https:\/\/parkhotelbuk.hu\/cs\/teniszpalya\/\" \/>\n<meta property=\"og:locale\" content=\"cs_CZ\" \/>\n<meta property=\"og:type\" content=\"article\" \/>\n<meta property=\"og:title\" content=\"Tenisov\u00fd kurt, sportovn\u00ed h\u0159i\u0161t\u011b - Park Hotel - B\u00fck\" \/>\n<meta property=\"og:description\" content=\"Pro aktivn\u00ed odpo\u010dinek doporu\u010dujeme na\u0161e sportovn\u00ed h\u0159i\u0161t\u011b, kde si m\u016f\u017eete zahr\u00e1t badminton, stoln\u00ed tenis, teqball, basketbal, tenis a h\u00e1zenou.\" \/>\n<meta property=\"og:url\" content=\"https:\/\/parkhotelbuk.hu\/cs\/teniszpalya\/\" \/>\n<meta property=\"og:site_name\" content=\"Park Hotel - B\u00fck\" \/>\n<meta property=\"article:modified_time\" content=\"2025-07-01T13:27:29+00:00\" \/>\n<meta property=\"og:image\" content=\"https:\/\/parkhotelbuk.hu\/wp-content\/uploads\/2022\/09\/ParkHotel_053-1.jpg\" \/>\n\t<meta property=\"og:image:width\" content=\"1920\" \/>\n\t<meta property=\"og:image:height\" content=\"1280\" \/>\n\t<meta property=\"og:image:type\" content=\"image\/jpeg\" \/>\n<meta name=\"twitter:card\" content=\"summary_large_image\" \/>\n<meta name=\"twitter:label1\" content=\"Odhadovan\u00e1 doba \u010dten\u00ed\" \/>\n\t<meta name=\"twitter:data1\" content=\"5 minut\" \/>\n<script type=\"application\/ld+json\" class=\"yoast-schema-graph\">{\"@context\":\"https:\/\/schema.org\",\"@graph\":[{\"@type\":\"WebPage\",\"@id\":\"https:\/\/parkhotelbuk.hu\/cs\/teniszpalya\/\",\"url\":\"https:\/\/parkhotelbuk.hu\/cs\/teniszpalya\/\",\"name\":\"Tenisov\u00fd kurt, sportovn\u00ed h\u0159i\u0161t\u011b - Park Hotel - B\u00fck\",\"isPartOf\":{\"@id\":\"https:\/\/parkhotelbuk.hu\/#website\"},\"primaryImageOfPage\":{\"@id\":\"https:\/\/parkhotelbuk.hu\/cs\/teniszpalya\/#primaryimage\"},\"image\":{\"@id\":\"https:\/\/parkhotelbuk.hu\/cs\/teniszpalya\/#primaryimage\"},\"thumbnailUrl\":\"https:\/\/parkhotelbuk.hu\/wp-content\/uploads\/2022\/09\/ParkHotel_053-1.jpg\",\"datePublished\":\"2022-08-29T06:41:54+00:00\",\"dateModified\":\"2025-07-01T13:27:29+00:00\",\"description\":\"Pro aktivn\u00ed odpo\u010dinek doporu\u010dujeme na\u0161e sportovn\u00ed h\u0159i\u0161t\u011b, kde si m\u016f\u017eete zahr\u00e1t badminton, stoln\u00ed tenis, teqball, basketbal, tenis a h\u00e1zenou.\",\"breadcrumb\":{\"@id\":\"https:\/\/parkhotelbuk.hu\/cs\/teniszpalya\/#breadcrumb\"},\"inLanguage\":\"cs\",\"potentialAction\":[{\"@type\":\"ReadAction\",\"target\":[\"https:\/\/parkhotelbuk.hu\/cs\/teniszpalya\/\"]}]},{\"@type\":\"ImageObject\",\"inLanguage\":\"cs\",\"@id\":\"https:\/\/parkhotelbuk.hu\/cs\/teniszpalya\/#primaryimage\",\"url\":\"https:\/\/parkhotelbuk.hu\/wp-content\/uploads\/2022\/09\/ParkHotel_053-1.jpg\",\"contentUrl\":\"https:\/\/parkhotelbuk.hu\/wp-content\/uploads\/2022\/09\/ParkHotel_053-1.jpg\",\"width\":1920,\"height\":1280,\"caption\":\"Sport - Park Hotel B\u00fck\"},{\"@type\":\"BreadcrumbList\",\"@id\":\"https:\/\/parkhotelbuk.hu\/cs\/teniszpalya\/#breadcrumb\",\"itemListElement\":[{\"@type\":\"ListItem\",\"position\":1,\"name\":\"Kezd\u0151lap\",\"item\":\"https:\/\/parkhotelbuk.hu\/cs\/\"},{\"@type\":\"ListItem\",\"position\":2,\"name\":\"Tenisov\u00fd kurt, sportovn\u00ed h\u0159i\u0161t\u011b\"}]},{\"@type\":\"WebSite\",\"@id\":\"https:\/\/parkhotelbuk.hu\/#website\",\"url\":\"https:\/\/parkhotelbuk.hu\/\",\"name\":\"Park Hotel - B\u00fck\",\"description\":\"B\u00fck leg\u00fajabb n\u00e9gycsillagos sz\u00e1llod\u00e1ja\",\"potentialAction\":[{\"@type\":\"SearchAction\",\"target\":{\"@type\":\"EntryPoint\",\"urlTemplate\":\"https:\/\/parkhotelbuk.hu\/?s={search_term_string}\"},\"query-input\":{\"@type\":\"PropertyValueSpecification\",\"valueRequired\":true,\"valueName\":\"search_term_string\"}}],\"inLanguage\":\"cs\"}]}<\/script>\n<!-- \/ Yoast SEO plugin. -->","yoast_head_json":{"title":"Tenisov\u00fd kurt, sportovn\u00ed h\u0159i\u0161t\u011b - Park Hotel - B\u00fck","description":"Pro aktivn\u00ed odpo\u010dinek doporu\u010dujeme na\u0161e sportovn\u00ed h\u0159i\u0161t\u011b, kde si m\u016f\u017eete zahr\u00e1t badminton, stoln\u00ed tenis, teqball, basketbal, tenis a h\u00e1zenou.","robots":{"index":"index","follow":"follow","max-snippet":"max-snippet:-1","max-image-preview":"max-image-preview:large","max-video-preview":"max-video-preview:-1"},"canonical":"https:\/\/parkhotelbuk.hu\/cs\/teniszpalya\/","og_locale":"cs_CZ","og_type":"article","og_title":"Tenisov\u00fd kurt, sportovn\u00ed h\u0159i\u0161t\u011b - Park Hotel - B\u00fck","og_description":"Pro aktivn\u00ed odpo\u010dinek doporu\u010dujeme na\u0161e sportovn\u00ed h\u0159i\u0161t\u011b, kde si m\u016f\u017eete zahr\u00e1t badminton, stoln\u00ed tenis, teqball, basketbal, tenis a h\u00e1zenou.","og_url":"https:\/\/parkhotelbuk.hu\/cs\/teniszpalya\/","og_site_name":"Park Hotel - B\u00fck","article_modified_time":"2025-07-01T13:27:29+00:00","og_image":[{"width":1920,"height":1280,"url":"https:\/\/parkhotelbuk.hu\/wp-content\/uploads\/2022\/09\/ParkHotel_053-1.jpg","type":"image\/jpeg"}],"twitter_card":"summary_large_image","twitter_misc":{"Odhadovan\u00e1 doba \u010dten\u00ed":"5 minut"},"schema":{"@context":"https:\/\/schema.org","@graph":[{"@type":"WebPage","@id":"https:\/\/parkhotelbuk.hu\/cs\/teniszpalya\/","url":"https:\/\/parkhotelbuk.hu\/cs\/teniszpalya\/","name":"Tenisov\u00fd kurt, sportovn\u00ed h\u0159i\u0161t\u011b - Park Hotel - B\u00fck","isPartOf":{"@id":"https:\/\/parkhotelbuk.hu\/#website"},"primaryImageOfPage":{"@id":"https:\/\/parkhotelbuk.hu\/cs\/teniszpalya\/#primaryimage"},"image":{"@id":"https:\/\/parkhotelbuk.hu\/cs\/teniszpalya\/#primaryimage"},"thumbnailUrl":"https:\/\/parkhotelbuk.hu\/wp-content\/uploads\/2022\/09\/ParkHotel_053-1.jpg","datePublished":"2022-08-29T06:41:54+00:00","dateModified":"2025-07-01T13:27:29+00:00","description":"Pro aktivn\u00ed odpo\u010dinek doporu\u010dujeme na\u0161e sportovn\u00ed h\u0159i\u0161t\u011b, kde si m\u016f\u017eete zahr\u00e1t badminton, stoln\u00ed tenis, teqball, basketbal, tenis a h\u00e1zenou.","breadcrumb":{"@id":"https:\/\/parkhotelbuk.hu\/cs\/teniszpalya\/#breadcrumb"},"inLanguage":"cs","potentialAction":[{"@type":"ReadAction","target":["https:\/\/parkhotelbuk.hu\/cs\/teniszpalya\/"]}]},{"@type":"ImageObject","inLanguage":"cs","@id":"https:\/\/parkhotelbuk.hu\/cs\/teniszpalya\/#primaryimage","url":"https:\/\/parkhotelbuk.hu\/wp-content\/uploads\/2022\/09\/ParkHotel_053-1.jpg","contentUrl":"https:\/\/parkhotelbuk.hu\/wp-content\/uploads\/2022\/09\/ParkHotel_053-1.jpg","width":1920,"height":1280,"caption":"Sport - Park Hotel B\u00fck"},{"@type":"BreadcrumbList","@id":"https:\/\/parkhotelbuk.hu\/cs\/teniszpalya\/#breadcrumb","itemListElement":[{"@type":"ListItem","position":1,"name":"Kezd\u0151lap","item":"https:\/\/parkhotelbuk.hu\/cs\/"},{"@type":"ListItem","position":2,"name":"Tenisov\u00fd kurt, sportovn\u00ed h\u0159i\u0161t\u011b"}]},{"@type":"WebSite","@id":"https:\/\/parkhotelbuk.hu\/#website","url":"https:\/\/parkhotelbuk.hu\/","name":"Park Hotel - B\u00fck","description":"B\u00fck leg\u00fajabb n\u00e9gycsillagos sz\u00e1llod\u00e1ja","potentialAction":[{"@type":"SearchAction","target":{"@type":"EntryPoint","urlTemplate":"https:\/\/parkhotelbuk.hu\/?s={search_term_string}"},"query-input":{"@type":"PropertyValueSpecification","valueRequired":true,"valueName":"search_term_string"}}],"inLanguage":"cs"}]}},"_links":{"self":[{"href":"https:\/\/parkhotelbuk.hu\/cs\/wp-json\/wp\/v2\/pages\/7825","targetHints":{"allow":["GET"]}}],"collection":[{"href":"https:\/\/parkhotelbuk.hu\/cs\/wp-json\/wp\/v2\/pages"}],"about":[{"href":"https:\/\/parkhotelbuk.hu\/cs\/wp-json\/wp\/v2\/types\/page"}],"author":[{"embeddable":true,"href":"https:\/\/parkhotelbuk.hu\/cs\/wp-json\/wp\/v2\/users\/3"}],"replies":[{"embeddable":true,"href":"https:\/\/parkhotelbuk.hu\/cs\/wp-json\/wp\/v2\/comments?post=7825"}],"version-history":[{"count":1,"href":"https:\/\/parkhotelbuk.hu\/cs\/wp-json\/wp\/v2\/pages\/7825\/revisions"}],"predecessor-version":[{"id":87993,"href":"https:\/\/parkhotelbuk.hu\/cs\/wp-json\/wp\/v2\/pages\/7825\/revisions\/87993"}],"wp:featuredmedia":[{"embeddable":true,"href":"https:\/\/parkhotelbuk.hu\/cs\/wp-json\/wp\/v2\/media\/8547"}],"wp:attachment":[{"href":"https:\/\/parkhotelbuk.hu\/cs\/wp-json\/wp\/v2\/media?parent=7825"}],"curies":[{"name":"wp","href":"https:\/\/api.w.org\/{rel}","templated":true}]}}