{"id":6985,"date":"2022-08-10T09:00:46","date_gmt":"2022-08-10T07:00:46","guid":{"rendered":"https:\/\/parkhotelbuk.hu\/szolgaltatasok\/"},"modified":"2026-04-01T13:45:58","modified_gmt":"2026-04-01T11:45:58","slug":"sluzby","status":"publish","type":"page","link":"https:\/\/parkhotelbuk.hu\/cs\/sluzby\/","title":{"rendered":"Slu\u017eby"},"content":{"rendered":"<p>[et_pb_section fb_built=&#8220;1&#8243; fullwidth=&#8220;on&#8220; admin_label=&#8220;Szakasz&#8220; _builder_version=&#8220;4.16&#8243; _module_preset=&#8220;default&#8220; custom_margin=&#8220;||||false|false&#8220; top_divider_height=&#8220;49px&#8220; saved_tabs=&#8220;all&#8220; locked=&#8220;off&#8220; global_colors_info=&#8220;{}&#8220;][et_pb_fullwidth_post_title meta=&#8220;off&#8220; featured_placement=&#8220;background&#8220; _builder_version=&#8220;4.20.0&#8243; _module_preset=&#8220;default&#8220; title_font=&#8220;||||||||&#8220; title_text_align=&#8220;center&#8220; title_text_color=&#8220;#8DCE71&#8243; title_letter_spacing=&#8220;6px&#8220; background_color=&#8220;rgba(84,84,84,0.54)&#8220; use_background_color_gradient=&#8220;on&#8220; background_color_gradient_stops=&#8220;#5a9612 0%|rgba(0,0,0,0.42) 40%&#8220; background_color_gradient_overlays_image=&#8220;on&#8220; background_color_gradient_start=&#8220;#5a9612&#8243; background_color_gradient_end=&#8220;rgba(0,0,0,0.42)&#8220; background_color_gradient_end_position=&#8220;40%&#8220; background_image=&#8220;https:\/\/static.parkhotelbuk.hu\/wp-content\/uploads\/2021\/03\/buk-parkhotel-kultura-szinhaz-programok-2.jpg&#8220; min_height=&#8220;70vh&#8220; min_height_tablet=&#8220;&#8220; min_height_phone=&#8220;&#8220; min_height_last_edited=&#8220;on|desktop&#8220; custom_margin=&#8220;0px||||false|false&#8220; custom_padding=&#8220;50vh||||false|false&#8220; filter_saturate=&#8220;133%&#8220; filter_brightness=&#8220;108%&#8220; filter_invert=&#8220;8%&#8220; filter_sepia=&#8220;7%&#8220; title_text_shadow_style=&#8220;preset5&#8243; title_text_shadow_blur_strength=&#8220;0.08em&#8220; title_text_shadow_color=&#8220;#000000&#8243; global_colors_info=&#8220;{}&#8220;][\/et_pb_fullwidth_post_title][\/et_pb_section][et_pb_section fb_built=&#8220;1&#8243; _builder_version=&#8220;4.16&#8243; _module_preset=&#8220;default&#8220; use_background_color_gradient=&#8220;on&#8220; background_color_gradient_stops=&#8220;#b3b3b3 0%|#ededed 15%&#8220; background_color_gradient_start=&#8220;#b3b3b3&#8243; background_color_gradient_end=&#8220;#ededed&#8220; background_color_gradient_end_position=&#8220;15%&#8220; global_colors_info=&#8220;{}&#8220;][et_pb_row _builder_version=&#8220;4.16&#8243; _module_preset=&#8220;default&#8220; width=&#8220;85%&#8220; max_width=&#8220;100%&#8220; global_colors_info=&#8220;{}&#8220;][et_pb_column type=&#8220;4_4&#8243; _builder_version=&#8220;4.16&#8243; _module_preset=&#8220;default&#8220; global_colors_info=&#8220;{}&#8220;][et_pb_image src=&#8220;https:\/\/parkhotelbuk.hu\/wp-content\/uploads\/2022\/10\/park-hotel-buk-szolgaltatasok-5.jpg&#8220; alt=&#8220;Ker\u00e9kp\u00e1rb\u00e9rl\u00e9s&#8220; title_text=&#8220;Szolg\u00e1ltat\u00e1sok &#8211; Park Hotel B\u00fck&#8220; show_in_lightbox=&#8220;on&#8220; _builder_version=&#8220;4.27.6&#8243; _module_preset=&#8220;default&#8220; width=&#8220;55%&#8220; module_alignment=&#8220;center&#8220; filter_saturate=&#8220;127%&#8220; filter_brightness=&#8220;110%&#8220; filter_invert=&#8220;7%&#8220; filter_sepia=&#8220;3%&#8220; hover_enabled=&#8220;0&#8243; custom_css_main_element=&#8220;transition: transform .5s ease;&#8220; box_shadow_style=&#8220;preset6&#8243; box_shadow_blur=&#8220;9px&#8220; box_shadow_spread=&#8220;4px&#8220; global_colors_info=&#8220;{}&#8220; custom_css_main_element__hover=&#8220;transform: scale(1.2);&#8220; custom_css_main_element__hover_enabled=&#8220;on|hover&#8220; sticky_enabled=&#8220;0&#8243;][\/et_pb_image][\/et_pb_column][\/et_pb_row][et_pb_row _builder_version=&#8220;4.17.6&#8243; _module_preset=&#8220;default&#8220; global_colors_info=&#8220;{}&#8220;][et_pb_column type=&#8220;4_4&#8243; _builder_version=&#8220;4.17.6&#8243; _module_preset=&#8220;default&#8220; global_colors_info=&#8220;{}&#8220;][et_pb_text _builder_version=&#8220;4.22.1&#8243; _module_preset=&#8220;default&#8220; header_3_text_color=&#8220;#8DCE71&#8243; min_height=&#8220;0px&#8220; custom_margin=&#8220;||0px||false|false&#8220; custom_padding=&#8220;||0px||false|false&#8220; animation_style=&#8220;slide&#8220; animation_intensity_slide=&#8220;11%&#8220; header_3_text_color_tablet=&#8220;#8DCE71&#8243; header_3_text_color_phone=&#8220;#6B6B6B&#8220; header_3_text_color_last_edited=&#8220;on|phone&#8220; header_3_font_size_tablet=&#8220;&#8220; header_3_font_size_phone=&#8220;18px&#8220; header_3_font_size_last_edited=&#8220;on|phone&#8220; global_colors_info=&#8220;{}&#8220;]<\/p>\n<h3>Lehk\u00e1 kolejnice (Dott\u00f3 &amp; Loki)<\/h3>\n<p>[\/et_pb_text][et_pb_text _builder_version=&#8220;4.18.0&#8243; _module_preset=&#8220;default&#8220; global_colors_info=&#8220;{}&#8220;]<\/p>\n<p>Mezi stanice slavn\u00e9 vyhl\u00eddkov\u00e9 lehk\u00e9 \u017eeleznice Dotto a Loki v B\u00fcku byly za\u0159azeny tak\u00e9 Park Hotel a Hord\u00f3 \u00c9tt\u00e9rem. Harmonogram naleznete <a href=\"https:\/\/static.parkhotelbuk.hu\/wp-content\/uploads\/2022\/08\/ketoldalas-szorolap-web.pdf\">ZDE<\/a>. Nev\u00e1hejte kontaktovat na\u0161e kolegy na recepci s \u017e\u00e1dost\u00ed o pomoc!<\/p>\n<p>[\/et_pb_text][\/et_pb_column][\/et_pb_row][et_pb_row _builder_version=&#8220;4.17.6&#8243; _module_preset=&#8220;default&#8220; global_colors_info=&#8220;{}&#8220;][et_pb_column type=&#8220;4_4&#8243; _builder_version=&#8220;4.17.6&#8243; _module_preset=&#8220;default&#8220; global_colors_info=&#8220;{}&#8220;][et_pb_text _builder_version=&#8220;4.27.5&#8243; _module_preset=&#8220;default&#8220; header_3_text_color=&#8220;#8DCE71&#8243; min_height=&#8220;0px&#8220; custom_margin=&#8220;||0px||false|false&#8220; custom_padding=&#8220;||0px||false|false&#8220; animation_style=&#8220;slide&#8220; animation_intensity_slide=&#8220;11%&#8220; header_3_text_color_tablet=&#8220;#8DCE71&#8243; header_3_text_color_phone=&#8220;#6B6B6B&#8220; header_3_text_color_last_edited=&#8220;on|phone&#8220; header_3_font_size_tablet=&#8220;&#8220; header_3_font_size_phone=&#8220;18px&#8220; header_3_font_size_last_edited=&#8220;on|phone&#8220; global_colors_info=&#8220;{}&#8220;]<\/p>\n<h3>Pokojov\u00e1 slu\u017eba<\/h3>\n<p>Na\u0161e kl\u00ed\u010dov\u00e9 informace najdete tak\u00e9 v pr\u016fvodci pokoji <a href=\"https:\/\/static.parkhotelbuk.hu\/wp-content\/uploads\/2022\/08\/Park-hotel-szobatajekoztato.pdf\">ZDE<\/a>.<\/p>\n<h3><a id=\"kerekparkolcsonzes\" href=\"#kerekparkolcsonzes\" name=\"kerekparkolcsonzes\">P\u016fj\u010dovna kol<\/a><\/h3>\n<p>Pokud chcete nasednout na kolo a prozkoumat okol\u00ed na dvou kolech, kontaktujte na\u0161eho recep\u010dn\u00edho a p\u016fj\u010dte si kolo na p\u016fl dne nebo na cel\u00fd den! Kontakt: z intern\u00edho telefonu 100, mobil: +36704488099<\/p>\n<h3>\u00daschovna j\u00edzdn\u00edch kol<\/h3>\n<p>P\u0159ed hotelem najdete \u00faschovnu kol.<\/p>\n<h3>Servisn\u00ed m\u00edsto pro j\u00edzdn\u00ed kola<\/h3>\n<p>V servisn\u00edm st\u0159edisku je host\u016fm k dispozici bezplatn\u00e1 opravna j\u00edzdn\u00edch kol.<\/p>\n<h3>P\u016fj\u010dovna elektrick\u00fdch sk\u00fatr\u016f<\/h3>\n<p>Elektrick\u00e1 kolob\u011b\u017eka je obl\u00edben\u00fdm sportovn\u00edm n\u00e1\u010din\u00edm dne\u0161n\u00ed doby, kter\u00e9 umo\u017e\u0148uje pohodlnou a z\u00e1bavnou j\u00edzdu. M\u00e1me tak\u00e9 dvoukolov\u00e9 a t\u0159\u00edkolov\u00e9 sk\u00fatry k pron\u00e1jmu!<\/p>\n<h3>P\u016fj\u010dovna sportovn\u00edho vybaven\u00ed<\/h3>\n<p>Na na\u0161em h\u0159i\u0161ti nab\u00edz\u00edme n\u011bkolik sportovi\u0161\u0165 s n\u00e1sleduj\u00edc\u00edm sportovn\u00edm vybaven\u00edm: badminton, ping pong, teqball, basketbal, tenis, h\u00e1zen\u00e1.<\/p>\n<h3>volno\u010dasov\u00e9 aktivity<\/h3>\n<p>M\u00e1me \u0161achov\u00fd st\u016fl, stoln\u00ed fotbal a r\u016fzn\u00e9 karetn\u00ed hry.<\/p>\n<h3>Sauna<\/h3>\n<p>N\u00e1\u0161 saunov\u00fd d\u016fm pro 6 osob bude postaven v srpnu, p\u0159ejeme v\u00e1m p\u0159\u00edjemn\u00fd pobyt. Podrobnosti na recepci!<\/p>\n<h3>Photopoint<\/h3>\n<p>R\u00e1di v\u00e1s p\u0159iv\u00edt\u00e1me, abyste si zachytili z\u00e1\u017eitek a vydali se do hlavn\u011b fotopointu pro fotografii!<\/p>\n<h3>D\u011btsk\u00fd koutek<\/h3>\n<p>Pro nejmen\u0161\u00ed jsme v hlavn\u00ed m\u00edstnosti restaurace z\u0159\u00eddili d\u011btsk\u00fd koutek. Vedle omalov\u00e1nek jsme tak\u00e9 rozm\u00edstili drobn\u00e9 hra\u010dky.<\/p>\n<h3>Knihovna<\/h3>\n<p>V zimn\u00ed zahrad\u011b byl z\u0159\u00edzen \u010dten\u00e1\u0159sk\u00fd koutek, pros\u00edme, abyste se o knihy starali a po pou\u017eit\u00ed je vr\u00e1tili do polic. V\u00edt\u00e1me tak\u00e9 kni\u017en\u00ed dary a d\u011bkujeme za va\u0161i podporu m\u011bstsk\u00e9 knihovny.<\/p>\n<h3>Nab\u00edjen\u00ed elektromobil\u016f<\/h3>\n<p>Na zadn\u00edm parkovi\u0161ti je mo\u017en\u00e9 nab\u00edjet elektromobily, podrobnosti si vy\u017e\u00e1dejte na recepci.<\/p>\n<h3>T\u00e1bor\u00e1ky a grilov\u00e1n\u00ed<\/h3>\n<p>Rozd\u011bl\u00e1v\u00e1n\u00ed oh\u0148\u016f a t\u00e1bor\u00e1k\u016f je povoleno pouze na zelen\u00e9 plo\u0161e horn\u00edho parkovi\u0161t\u011b se souhlasem recepce a v souladu s p\u0159\u00edslu\u0161n\u00fdmi obecn\u00edmi a st\u00e1tn\u00edmi p\u0159edpisy.<\/p>\n<h3>P\u00e9\u010de o d\u011bti<\/h3>\n<p>P\u00e9\u010de o d\u011bti je k dispozici na vy\u017e\u00e1d\u00e1n\u00ed, zeptejte se pros\u00edm na recepci!<\/p>\n<h3>Pokojov\u00e1 slu\u017eba<\/h3>\n<p>Recepci m\u016f\u017eete kontaktovat na intern\u00edm telefonn\u00edm \u010d\u00edsle 100. J\u00eddeln\u00ed l\u00edstek pokojov\u00e9 slu\u017eby je vyti\u0161t\u011bn na va\u0161em pokoji a m\u016f\u017eete si ho st\u00e1hnout <a href=\"https:\/\/static.parkhotelbuk.hu\/wp-content\/uploads\/2022\/08\/Park-Hotel-Szerviz-etlap.pdf\">ZDE<\/a>.<\/p>\n<h3>D\u00e1rkov\u00fd poukaz<\/h3>\n<p>D\u00e1rkov\u00e9 karty do hotelu i restaurace si m\u016f\u017eete zakoupit na na\u0161\u00ed recepci.<\/p>\n<p>&nbsp;<\/p>\n<h4>N\u00e1\u0161 person\u00e1l na recepci a v restauraci v\u00e1m r\u00e1d zodpov\u00ed v\u0161echny va\u0161e dotazy, nev\u00e1hejte se na n\u00e1s obr\u00e1tit!<\/h4>\n<p>[\/et_pb_text][\/et_pb_column][\/et_pb_row][\/et_pb_section]<\/p>\n","protected":false},"excerpt":{"rendered":"<p>Lehk\u00e1 kolejnice (Dott\u00f3 &amp; Loki)Mezi stanice slavn\u00e9 vyhl\u00eddkov\u00e9 lehk\u00e9 \u017eeleznice Dotto a Loki v B\u00fcku byly za\u0159azeny tak\u00e9 Park Hotel a Hord\u00f3 \u00c9tt\u00e9rem. Harmonogram naleznete ZDE. Nev\u00e1hejte kontaktovat na\u0161e kolegy na recepci s \u017e\u00e1dost\u00ed o pomoc!Pokojov\u00e1 slu\u017eba Na\u0161e kl\u00ed\u010dov\u00e9 informace najdete tak\u00e9 v pr\u016fvodci pokoji ZDE. P\u016fj\u010dovna kol Pokud chcete nasednout na kolo a prozkoumat [&hellip;]<\/p>\n","protected":false},"author":5,"featured_media":87316,"parent":0,"menu_order":0,"comment_status":"closed","ping_status":"closed","template":"","meta":{"_et_pb_use_builder":"on","_et_pb_old_content":"","_et_gb_content_width":"","footnotes":""},"class_list":["post-6985","page","type-page","status-publish","has-post-thumbnail","hentry"],"yoast_head":"<!-- This site is optimized with the Yoast SEO plugin v27.2 - https:\/\/yoast.com\/product\/yoast-seo-wordpress\/ -->\n<title>Slu\u017eby - Park Hotel - B\u00fck<\/title>\n<meta name=\"robots\" content=\"index, follow, max-snippet:-1, max-image-preview:large, max-video-preview:-1\" \/>\n<link rel=\"canonical\" href=\"https:\/\/parkhotelbuk.hu\/cs\/sluzby\/\" \/>\n<meta property=\"og:locale\" content=\"cs_CZ\" \/>\n<meta property=\"og:type\" content=\"article\" \/>\n<meta property=\"og:title\" content=\"Slu\u017eby - Park Hotel - B\u00fck\" \/>\n<meta property=\"og:description\" content=\"Lehk\u00e1 kolejnice (Dott\u00f3 &amp; Loki)Mezi stanice slavn\u00e9 vyhl\u00eddkov\u00e9 lehk\u00e9 \u017eeleznice Dotto a Loki v B\u00fcku byly za\u0159azeny tak\u00e9 Park Hotel a Hord\u00f3 \u00c9tt\u00e9rem. Harmonogram naleznete ZDE. Nev\u00e1hejte kontaktovat na\u0161e kolegy na recepci s \u017e\u00e1dost\u00ed o pomoc!Pokojov\u00e1 slu\u017eba Na\u0161e kl\u00ed\u010dov\u00e9 informace najdete tak\u00e9 v pr\u016fvodci pokoji ZDE. P\u016fj\u010dovna kol Pokud chcete nasednout na kolo a prozkoumat [&hellip;]\" \/>\n<meta property=\"og:url\" content=\"https:\/\/parkhotelbuk.hu\/cs\/sluzby\/\" \/>\n<meta property=\"og:site_name\" content=\"Park Hotel - B\u00fck\" \/>\n<meta property=\"article:modified_time\" content=\"2026-04-01T11:45:58+00:00\" \/>\n<meta property=\"og:image\" content=\"https:\/\/parkhotelbuk.hu\/wp-content\/uploads\/2023\/11\/patk-hotel-buk-ev-hotele-szavazas-kep-5.jpg\" \/>\n\t<meta property=\"og:image:width\" content=\"1920\" \/>\n\t<meta property=\"og:image:height\" content=\"1080\" \/>\n\t<meta property=\"og:image:type\" content=\"image\/jpeg\" \/>\n<meta name=\"twitter:card\" content=\"summary_large_image\" \/>\n<meta name=\"twitter:label1\" content=\"Odhadovan\u00e1 doba \u010dten\u00ed\" \/>\n\t<meta name=\"twitter:data1\" content=\"3 minuty\" \/>\n<script type=\"application\/ld+json\" class=\"yoast-schema-graph\">{\"@context\":\"https:\/\/schema.org\",\"@graph\":[{\"@type\":\"WebPage\",\"@id\":\"https:\/\/parkhotelbuk.hu\/cs\/sluzby\/\",\"url\":\"https:\/\/parkhotelbuk.hu\/cs\/sluzby\/\",\"name\":\"Slu\u017eby - Park Hotel - B\u00fck\",\"isPartOf\":{\"@id\":\"https:\/\/parkhotelbuk.hu\/#website\"},\"primaryImageOfPage\":{\"@id\":\"https:\/\/parkhotelbuk.hu\/cs\/sluzby\/#primaryimage\"},\"image\":{\"@id\":\"https:\/\/parkhotelbuk.hu\/cs\/sluzby\/#primaryimage\"},\"thumbnailUrl\":\"https:\/\/parkhotelbuk.hu\/wp-content\/uploads\/2023\/11\/patk-hotel-buk-ev-hotele-szavazas-kep-5.jpg\",\"datePublished\":\"2022-08-10T07:00:46+00:00\",\"dateModified\":\"2026-04-01T11:45:58+00:00\",\"breadcrumb\":{\"@id\":\"https:\/\/parkhotelbuk.hu\/cs\/sluzby\/#breadcrumb\"},\"inLanguage\":\"cs\",\"potentialAction\":[{\"@type\":\"ReadAction\",\"target\":[\"https:\/\/parkhotelbuk.hu\/cs\/sluzby\/\"]}]},{\"@type\":\"ImageObject\",\"inLanguage\":\"cs\",\"@id\":\"https:\/\/parkhotelbuk.hu\/cs\/sluzby\/#primaryimage\",\"url\":\"https:\/\/parkhotelbuk.hu\/wp-content\/uploads\/2023\/11\/patk-hotel-buk-ev-hotele-szavazas-kep-5.jpg\",\"contentUrl\":\"https:\/\/parkhotelbuk.hu\/wp-content\/uploads\/2023\/11\/patk-hotel-buk-ev-hotele-szavazas-kep-5.jpg\",\"width\":1920,\"height\":1080,\"caption\":\"Park Hotel | V\u00e1ltozatos aktivit\u00e1sokkal v\u00e1runk\"},{\"@type\":\"BreadcrumbList\",\"@id\":\"https:\/\/parkhotelbuk.hu\/cs\/sluzby\/#breadcrumb\",\"itemListElement\":[{\"@type\":\"ListItem\",\"position\":1,\"name\":\"Kezd\u0151lap\",\"item\":\"https:\/\/parkhotelbuk.hu\/cs\/\"},{\"@type\":\"ListItem\",\"position\":2,\"name\":\"Slu\u017eby\"}]},{\"@type\":\"WebSite\",\"@id\":\"https:\/\/parkhotelbuk.hu\/#website\",\"url\":\"https:\/\/parkhotelbuk.hu\/\",\"name\":\"Park Hotel - B\u00fck\",\"description\":\"B\u00fck leg\u00fajabb n\u00e9gycsillagos sz\u00e1llod\u00e1ja\",\"potentialAction\":[{\"@type\":\"SearchAction\",\"target\":{\"@type\":\"EntryPoint\",\"urlTemplate\":\"https:\/\/parkhotelbuk.hu\/?s={search_term_string}\"},\"query-input\":{\"@type\":\"PropertyValueSpecification\",\"valueRequired\":true,\"valueName\":\"search_term_string\"}}],\"inLanguage\":\"cs\"}]}<\/script>\n<!-- \/ Yoast SEO plugin. -->","yoast_head_json":{"title":"Slu\u017eby - Park Hotel - B\u00fck","robots":{"index":"index","follow":"follow","max-snippet":"max-snippet:-1","max-image-preview":"max-image-preview:large","max-video-preview":"max-video-preview:-1"},"canonical":"https:\/\/parkhotelbuk.hu\/cs\/sluzby\/","og_locale":"cs_CZ","og_type":"article","og_title":"Slu\u017eby - Park Hotel - B\u00fck","og_description":"Lehk\u00e1 kolejnice (Dott\u00f3 &amp; Loki)Mezi stanice slavn\u00e9 vyhl\u00eddkov\u00e9 lehk\u00e9 \u017eeleznice Dotto a Loki v B\u00fcku byly za\u0159azeny tak\u00e9 Park Hotel a Hord\u00f3 \u00c9tt\u00e9rem. Harmonogram naleznete ZDE. Nev\u00e1hejte kontaktovat na\u0161e kolegy na recepci s \u017e\u00e1dost\u00ed o pomoc!Pokojov\u00e1 slu\u017eba Na\u0161e kl\u00ed\u010dov\u00e9 informace najdete tak\u00e9 v pr\u016fvodci pokoji ZDE. P\u016fj\u010dovna kol Pokud chcete nasednout na kolo a prozkoumat [&hellip;]","og_url":"https:\/\/parkhotelbuk.hu\/cs\/sluzby\/","og_site_name":"Park Hotel - B\u00fck","article_modified_time":"2026-04-01T11:45:58+00:00","og_image":[{"width":1920,"height":1080,"url":"https:\/\/parkhotelbuk.hu\/wp-content\/uploads\/2023\/11\/patk-hotel-buk-ev-hotele-szavazas-kep-5.jpg","type":"image\/jpeg"}],"twitter_card":"summary_large_image","twitter_misc":{"Odhadovan\u00e1 doba \u010dten\u00ed":"3 minuty"},"schema":{"@context":"https:\/\/schema.org","@graph":[{"@type":"WebPage","@id":"https:\/\/parkhotelbuk.hu\/cs\/sluzby\/","url":"https:\/\/parkhotelbuk.hu\/cs\/sluzby\/","name":"Slu\u017eby - Park Hotel - B\u00fck","isPartOf":{"@id":"https:\/\/parkhotelbuk.hu\/#website"},"primaryImageOfPage":{"@id":"https:\/\/parkhotelbuk.hu\/cs\/sluzby\/#primaryimage"},"image":{"@id":"https:\/\/parkhotelbuk.hu\/cs\/sluzby\/#primaryimage"},"thumbnailUrl":"https:\/\/parkhotelbuk.hu\/wp-content\/uploads\/2023\/11\/patk-hotel-buk-ev-hotele-szavazas-kep-5.jpg","datePublished":"2022-08-10T07:00:46+00:00","dateModified":"2026-04-01T11:45:58+00:00","breadcrumb":{"@id":"https:\/\/parkhotelbuk.hu\/cs\/sluzby\/#breadcrumb"},"inLanguage":"cs","potentialAction":[{"@type":"ReadAction","target":["https:\/\/parkhotelbuk.hu\/cs\/sluzby\/"]}]},{"@type":"ImageObject","inLanguage":"cs","@id":"https:\/\/parkhotelbuk.hu\/cs\/sluzby\/#primaryimage","url":"https:\/\/parkhotelbuk.hu\/wp-content\/uploads\/2023\/11\/patk-hotel-buk-ev-hotele-szavazas-kep-5.jpg","contentUrl":"https:\/\/parkhotelbuk.hu\/wp-content\/uploads\/2023\/11\/patk-hotel-buk-ev-hotele-szavazas-kep-5.jpg","width":1920,"height":1080,"caption":"Park Hotel | V\u00e1ltozatos aktivit\u00e1sokkal v\u00e1runk"},{"@type":"BreadcrumbList","@id":"https:\/\/parkhotelbuk.hu\/cs\/sluzby\/#breadcrumb","itemListElement":[{"@type":"ListItem","position":1,"name":"Kezd\u0151lap","item":"https:\/\/parkhotelbuk.hu\/cs\/"},{"@type":"ListItem","position":2,"name":"Slu\u017eby"}]},{"@type":"WebSite","@id":"https:\/\/parkhotelbuk.hu\/#website","url":"https:\/\/parkhotelbuk.hu\/","name":"Park Hotel - B\u00fck","description":"B\u00fck leg\u00fajabb n\u00e9gycsillagos sz\u00e1llod\u00e1ja","potentialAction":[{"@type":"SearchAction","target":{"@type":"EntryPoint","urlTemplate":"https:\/\/parkhotelbuk.hu\/?s={search_term_string}"},"query-input":{"@type":"PropertyValueSpecification","valueRequired":true,"valueName":"search_term_string"}}],"inLanguage":"cs"}]}},"_links":{"self":[{"href":"https:\/\/parkhotelbuk.hu\/cs\/wp-json\/wp\/v2\/pages\/6985","targetHints":{"allow":["GET"]}}],"collection":[{"href":"https:\/\/parkhotelbuk.hu\/cs\/wp-json\/wp\/v2\/pages"}],"about":[{"href":"https:\/\/parkhotelbuk.hu\/cs\/wp-json\/wp\/v2\/types\/page"}],"author":[{"embeddable":true,"href":"https:\/\/parkhotelbuk.hu\/cs\/wp-json\/wp\/v2\/users\/5"}],"replies":[{"embeddable":true,"href":"https:\/\/parkhotelbuk.hu\/cs\/wp-json\/wp\/v2\/comments?post=6985"}],"version-history":[{"count":2,"href":"https:\/\/parkhotelbuk.hu\/cs\/wp-json\/wp\/v2\/pages\/6985\/revisions"}],"predecessor-version":[{"id":88463,"href":"https:\/\/parkhotelbuk.hu\/cs\/wp-json\/wp\/v2\/pages\/6985\/revisions\/88463"}],"wp:featuredmedia":[{"embeddable":true,"href":"https:\/\/parkhotelbuk.hu\/cs\/wp-json\/wp\/v2\/media\/87316"}],"wp:attachment":[{"href":"https:\/\/parkhotelbuk.hu\/cs\/wp-json\/wp\/v2\/media?parent=6985"}],"curies":[{"name":"wp","href":"https:\/\/api.w.org\/{rel}","templated":true}]}}