{"id":6579,"date":"2021-01-15T14:05:10","date_gmt":"2021-01-15T13:05:10","guid":{"rendered":"https:\/\/parkhotelbuk.hu\/programok\/"},"modified":"2022-08-08T14:55:00","modified_gmt":"2022-08-08T12:55:00","slug":"programok","status":"publish","type":"page","link":"https:\/\/parkhotelbuk.hu\/cs\/programok\/","title":{"rendered":"Programy"},"content":{"rendered":"<p>[et_pb_section fb_built=&#8220;1&#8243; fullwidth=&#8220;on&#8220; _builder_version=&#8220;4.16&#8243; _module_preset=&#8220;default&#8220; locked=&#8220;off&#8220; global_colors_info=&#8220;{}&#8220;][et_pb_fullwidth_header title=&#8220;Programy&#8220; _builder_version=&#8220;4.16&#8243; _module_preset=&#8220;default&#8220; title_font=&#8220;Bebas Neue||||||||&#8220; title_text_align=&#8220;center&#8220; title_letter_spacing=&#8220;6px&#8220; use_background_color_gradient=&#8220;on&#8220; background_color_gradient_stops=&#8220;#7cda24 0%|rgba(41,196,169,0) 55%&#8220; background_color_gradient_overlays_image=&#8220;on&#8220; background_color_gradient_start=&#8220;#7cda24&#8243; background_color_gradient_end=&#8220;rgba(41,196,169,0)&#8220; background_color_gradient_end_position=&#8220;55%&#8220; background_image=&#8220;https:\/\/parkhotelbuk.hu\/wp-content\/uploads\/2021\/03\/programok-1.jpg&#8220; background_blend=&#8220;hard-light&#8220; min_height=&#8220;70vh&#8220; custom_margin=&#8220;||||false|false&#8220; custom_padding=&#8220;35vh||||false|false&#8220; child_filter_saturate=&#8220;168%&#8220; child_filter_brightness=&#8220;119%&#8220; child_filter_invert=&#8220;6%&#8220; child_filter_sepia=&#8220;3%&#8220; title_text_shadow_style=&#8220;preset1&#8243; locked=&#8220;off&#8220; global_colors_info=&#8220;{}&#8220;][\/et_pb_fullwidth_header][\/et_pb_section][et_pb_section fb_built=&#8220;1&#8243; _builder_version=&#8220;4.16&#8243; _module_preset=&#8220;default&#8220; use_background_color_gradient=&#8220;on&#8220; background_color_gradient_stops=&#8220;#b3b3b3 0%|#ededed 20%&#8220; background_color_gradient_start=&#8220;#b3b3b3&#8243; background_color_gradient_end=&#8220;#ededed&#8220; background_color_gradient_end_position=&#8220;20%&#8220; locked=&#8220;off&#8220; global_colors_info=&#8220;{}&#8220;][et_pb_row _builder_version=&#8220;4.16&#8243; _module_preset=&#8220;default&#8220; border_color_all=&#8220;#d6d6d6&#8243; border_width_bottom=&#8220;2px&#8220; global_colors_info=&#8220;{}&#8220;][et_pb_column type=&#8220;4_4&#8243; _builder_version=&#8220;4.16&#8243; _module_preset=&#8220;default&#8220; global_colors_info=&#8220;{}&#8220;][et_pb_text _builder_version=&#8220;4.16&#8243; _dynamic_attributes=&#8220;link_option_url&#8220; _module_preset=&#8220;default&#8220; header_font=&#8220;Bebas Neue||||||||&#8220; header_text_align=&#8220;center&#8220; header_text_color=&#8220;#5b8500&#8243; header_letter_spacing=&#8220;3px&#8220; header_2_font=&#8220;Bebas Neue||||||||&#8220; header_2_text_align=&#8220;center&#8220; header_2_text_color=&#8220;#5b8500&#8243; header_2_letter_spacing=&#8220;3px&#8220; header_3_font=&#8220;Bebas Neue||||||||&#8220; header_3_text_align=&#8220;center&#8220; header_3_text_color=&#8220;#5b8500&#8243; header_3_letter_spacing=&#8220;3px&#8220; header_6_font=&#8220;Bebas Neue||||||||&#8220; header_6_text_align=&#8220;center&#8220; header_6_text_color=&#8220;#5b8500&#8243; header_6_letter_spacing=&#8220;3px&#8220; text_orientation=&#8220;justified&#8220; link_option_url=&#8220;@ET-DC@eyJkeW5hbWljIjp0cnVlLCJjb250ZW50IjoicG9zdF9saW5rX3VybF9wYWdlIiwic2V0dGluZ3MiOnsicG9zdF9pZCI6IjQ0NSJ9fQ==@&#8220; locked=&#8220;off&#8220; global_colors_info=&#8220;{}&#8220;]<\/p>\n<h2>Blog<\/h2>\n<p>[\/et_pb_text][et_pb_blog fullwidth=&#8220;off&#8220; posts_number=&#8220;3&#8243; include_categories=&#8220;21&#8243; excerpt_length=&#8220;200&#8243; show_more=&#8220;on&#8220; show_author=&#8220;off&#8220; show_date=&#8220;off&#8220; show_categories=&#8220;off&#8220; module_class=&#8220;blog_megjelenites_zoom&#8220; _builder_version=&#8220;4.16&#8243; _module_preset=&#8220;default&#8220; header_font=&#8220;||||||||&#8220; body_font=&#8220;||||||||&#8220; body_font_size=&#8220;12px&#8220; body_line_height=&#8220;1.5em&#8220; read_more_font=&#8220;Bebas Neue||||||||&#8220; read_more_letter_spacing=&#8220;1px&#8220; global_colors_info=&#8220;{}&#8220;][\/et_pb_blog][\/et_pb_column][\/et_pb_row][et_pb_row _builder_version=&#8220;4.16&#8243; _module_preset=&#8220;default&#8220; border_color_all=&#8220;#d6d6d6&#8243; border_width_bottom=&#8220;2px&#8220; global_colors_info=&#8220;{}&#8220;][et_pb_column type=&#8220;4_4&#8243; _builder_version=&#8220;4.16&#8243; _module_preset=&#8220;default&#8220; global_colors_info=&#8220;{}&#8220;][et_pb_text _builder_version=&#8220;4.17.6&#8243; _dynamic_attributes=&#8220;link_option_url&#8220; _module_preset=&#8220;default&#8220; header_font=&#8220;Bebas Neue||||||||&#8220; header_text_align=&#8220;center&#8220; header_text_color=&#8220;#5b8500&#8243; header_letter_spacing=&#8220;3px&#8220; header_2_font=&#8220;Bebas Neue||||||||&#8220; header_2_text_align=&#8220;center&#8220; header_2_text_color=&#8220;#5b8500&#8243; header_2_letter_spacing=&#8220;3px&#8220; header_3_font=&#8220;Bebas Neue||||||||&#8220; header_3_text_align=&#8220;center&#8220; header_3_text_color=&#8220;#5b8500&#8243; header_3_letter_spacing=&#8220;3px&#8220; header_6_font=&#8220;Bebas Neue||||||||&#8220; header_6_text_align=&#8220;center&#8220; header_6_text_color=&#8220;#5b8500&#8243; header_6_letter_spacing=&#8220;3px&#8220; text_orientation=&#8220;justified&#8220; link_option_url=&#8220;@ET-DC@eyJkeW5hbWljIjp0cnVlLCJjb250ZW50IjoicG9zdF9saW5rX3VybF9wYWdlIiwic2V0dGluZ3MiOnsicG9zdF9pZCI6IjE4NzEifX0=@&#8220; hover_enabled=&#8220;0&#8243; locked=&#8220;off&#8220; global_colors_info=&#8220;{}&#8220; sticky_enabled=&#8220;0&#8243;]<\/p>\n<h2>Doporu\u010dovatel programu<\/h2>\n<p>[\/et_pb_text][et_pb_blog fullwidth=&#8220;off&#8220; posts_number=&#8220;3&#8243; include_categories=&#8220;12&#8243; excerpt_length=&#8220;200&#8243; show_more=&#8220;on&#8220; show_author=&#8220;off&#8220; show_date=&#8220;off&#8220; show_categories=&#8220;off&#8220; module_class=&#8220;blog_megjelenites_zoom&#8220; _builder_version=&#8220;4.16&#8243; _module_preset=&#8220;default&#8220; header_font=&#8220;Bebas Neue||||||||&#8220; body_font=&#8220;||||||||&#8220; body_font_size=&#8220;12px&#8220; body_line_height=&#8220;1.5em&#8220; read_more_font=&#8220;Bebas Neue||||||||&#8220; read_more_letter_spacing=&#8220;1px&#8220; global_colors_info=&#8220;{}&#8220;][\/et_pb_blog][\/et_pb_column][\/et_pb_row][et_pb_row _builder_version=&#8220;4.16&#8243; _module_preset=&#8220;default&#8220; border_color_all=&#8220;#d6d6d6&#8243; border_width_bottom=&#8220;2px&#8220; global_colors_info=&#8220;{}&#8220;][et_pb_column type=&#8220;4_4&#8243; _builder_version=&#8220;4.16&#8243; _module_preset=&#8220;default&#8220; global_colors_info=&#8220;{}&#8220;][et_pb_text _builder_version=&#8220;4.17.6&#8243; _dynamic_attributes=&#8220;link_option_url&#8220; _module_preset=&#8220;default&#8220; header_font=&#8220;Bebas Neue||||||||&#8220; header_text_align=&#8220;center&#8220; header_text_color=&#8220;#5b8500&#8243; header_letter_spacing=&#8220;3px&#8220; header_2_font=&#8220;Bebas Neue||||||||&#8220; header_2_text_align=&#8220;center&#8220; header_2_text_color=&#8220;#5b8500&#8243; header_2_letter_spacing=&#8220;3px&#8220; header_3_font=&#8220;Bebas Neue||||||||&#8220; header_3_text_align=&#8220;center&#8220; header_3_text_color=&#8220;#5b8500&#8243; header_3_letter_spacing=&#8220;3px&#8220; header_6_font=&#8220;Bebas Neue||||||||&#8220; header_6_text_align=&#8220;center&#8220; header_6_text_color=&#8220;#5b8500&#8243; header_6_letter_spacing=&#8220;3px&#8220; text_orientation=&#8220;justified&#8220; link_option_url=&#8220;@ET-DC@eyJkeW5hbWljIjp0cnVlLCJjb250ZW50IjoicG9zdF9saW5rX3VybF9wYWdlIiwic2V0dGluZ3MiOnsicG9zdF9pZCI6IjE5MzUifX0=@&#8220; hover_enabled=&#8220;0&#8243; locked=&#8220;off&#8220; global_colors_info=&#8220;{}&#8220; sticky_enabled=&#8220;0&#8243;]<\/p>\n<h2>V\u011bci k vid\u011bn\u00ed<\/h2>\n<p>[\/et_pb_text][et_pb_blog fullwidth=&#8220;off&#8220; posts_number=&#8220;3&#8243; include_categories=&#8220;8&#8243; excerpt_length=&#8220;200&#8243; show_more=&#8220;on&#8220; show_author=&#8220;off&#8220; show_date=&#8220;off&#8220; show_categories=&#8220;off&#8220; module_class=&#8220;blog_megjelenites_zoom&#8220; _builder_version=&#8220;4.16&#8243; _module_preset=&#8220;default&#8220; header_font=&#8220;Bebas Neue||||||||&#8220; body_font=&#8220;||||||||&#8220; body_font_size=&#8220;12px&#8220; body_line_height=&#8220;1.5em&#8220; read_more_font=&#8220;Bebas Neue||||||||&#8220; read_more_letter_spacing=&#8220;1px&#8220; global_colors_info=&#8220;{}&#8220;][\/et_pb_blog][\/et_pb_column][\/et_pb_row][et_pb_row _builder_version=&#8220;4.16&#8243; _module_preset=&#8220;default&#8220; border_color_all=&#8220;#d6d6d6&#8243; border_width_bottom=&#8220;2px&#8220; global_colors_info=&#8220;{}&#8220;][et_pb_column type=&#8220;4_4&#8243; _builder_version=&#8220;4.16&#8243; _module_preset=&#8220;default&#8220; global_colors_info=&#8220;{}&#8220;][et_pb_text _builder_version=&#8220;4.17.6&#8243; _dynamic_attributes=&#8220;link_option_url&#8220; _module_preset=&#8220;default&#8220; header_font=&#8220;Bebas Neue||||||||&#8220; header_text_align=&#8220;center&#8220; header_text_color=&#8220;#5b8500&#8243; header_letter_spacing=&#8220;3px&#8220; header_2_font=&#8220;Bebas Neue||||||||&#8220; header_2_text_align=&#8220;center&#8220; header_2_text_color=&#8220;#5b8500&#8243; header_2_letter_spacing=&#8220;3px&#8220; header_3_font=&#8220;Bebas Neue||||||||&#8220; header_3_text_align=&#8220;center&#8220; header_3_text_color=&#8220;#5b8500&#8243; header_3_letter_spacing=&#8220;3px&#8220; header_6_font=&#8220;Bebas Neue||||||||&#8220; header_6_text_align=&#8220;center&#8220; header_6_text_color=&#8220;#5b8500&#8243; header_6_letter_spacing=&#8220;3px&#8220; text_orientation=&#8220;justified&#8220; link_option_url=&#8220;@ET-DC@eyJkeW5hbWljIjp0cnVlLCJjb250ZW50IjoicG9zdF9saW5rX3VybF9wYWdlIiwic2V0dGluZ3MiOnsicG9zdF9pZCI6IjQxOSJ9fQ==@&#8220; hover_enabled=&#8220;0&#8243; locked=&#8220;off&#8220; global_colors_info=&#8220;{}&#8220; sticky_enabled=&#8220;0&#8243;]<\/p>\n<h2>Sousedstv\u00ed<\/h2>\n<p>[\/et_pb_text][et_pb_blog fullwidth=&#8220;off&#8220; posts_number=&#8220;3&#8243; include_categories=&#8220;9&#8243; excerpt_length=&#8220;200&#8243; show_more=&#8220;on&#8220; show_author=&#8220;off&#8220; show_date=&#8220;off&#8220; show_categories=&#8220;off&#8220; module_class=&#8220;blog_megjelenites_zoom&#8220; _builder_version=&#8220;4.16&#8243; _module_preset=&#8220;default&#8220; header_font=&#8220;Bebas Neue||||||||&#8220; body_font=&#8220;||||||||&#8220; body_font_size=&#8220;12px&#8220; body_line_height=&#8220;1.5em&#8220; read_more_font=&#8220;Bebas Neue||||||||&#8220; read_more_letter_spacing=&#8220;1px&#8220; global_colors_info=&#8220;{}&#8220;][\/et_pb_blog][\/et_pb_column][\/et_pb_row][et_pb_row _builder_version=&#8220;4.16&#8243; _module_preset=&#8220;default&#8220; border_color_all=&#8220;#d6d6d6&#8243; border_width_bottom=&#8220;2px&#8220; global_colors_info=&#8220;{}&#8220;][et_pb_column type=&#8220;4_4&#8243; _builder_version=&#8220;4.16&#8243; _module_preset=&#8220;default&#8220; global_colors_info=&#8220;{}&#8220;][et_pb_text _builder_version=&#8220;4.17.6&#8243; _dynamic_attributes=&#8220;link_option_url&#8220; _module_preset=&#8220;default&#8220; header_font=&#8220;Bebas Neue||||||||&#8220; header_text_align=&#8220;center&#8220; header_text_color=&#8220;#5b8500&#8243; header_letter_spacing=&#8220;3px&#8220; header_2_font=&#8220;Bebas Neue||||||||&#8220; header_2_text_align=&#8220;center&#8220; header_2_text_color=&#8220;#5b8500&#8243; header_2_letter_spacing=&#8220;3px&#8220; header_3_font=&#8220;Bebas Neue||||||||&#8220; header_3_text_align=&#8220;center&#8220; header_3_text_color=&#8220;#5b8500&#8243; header_3_letter_spacing=&#8220;3px&#8220; header_6_font=&#8220;Bebas Neue||||||||&#8220; header_6_text_align=&#8220;center&#8220; header_6_text_color=&#8220;#5b8500&#8243; header_6_letter_spacing=&#8220;3px&#8220; text_orientation=&#8220;justified&#8220; link_option_url=&#8220;@ET-DC@eyJkeW5hbWljIjp0cnVlLCJjb250ZW50IjoicG9zdF9saW5rX3VybF9wYWdlIiwic2V0dGluZ3MiOnsicG9zdF9pZCI6IjE1MjQifX0=@&#8220; hover_enabled=&#8220;0&#8243; locked=&#8220;off&#8220; global_colors_info=&#8220;{}&#8220; sticky_enabled=&#8220;0&#8243;]<\/p>\n<h2>Cyklistick\u00e9 v\u00fdlety<\/h2>\n<p>[\/et_pb_text][et_pb_blog fullwidth=&#8220;off&#8220; posts_number=&#8220;3&#8243; include_categories=&#8220;23&#8243; excerpt_length=&#8220;200&#8243; show_more=&#8220;on&#8220; show_author=&#8220;off&#8220; show_date=&#8220;off&#8220; show_categories=&#8220;off&#8220; module_class=&#8220;blog_megjelenites_zoom&#8220; _builder_version=&#8220;4.16&#8243; _module_preset=&#8220;default&#8220; header_font=&#8220;Bebas Neue||||||||&#8220; header_font_size=&#8220;13px&#8220; body_font=&#8220;||||||||&#8220; body_font_size=&#8220;12px&#8220; body_line_height=&#8220;1.5em&#8220; read_more_font=&#8220;Bebas Neue||||||||&#8220; read_more_letter_spacing=&#8220;1px&#8220; global_colors_info=&#8220;{}&#8220;][\/et_pb_blog][\/et_pb_column][\/et_pb_row][et_pb_row _builder_version=&#8220;4.16&#8243; _module_preset=&#8220;default&#8220; border_color_all=&#8220;#d6d6d6&#8243; border_width_bottom=&#8220;2px&#8220; global_colors_info=&#8220;{}&#8220;][et_pb_column type=&#8220;4_4&#8243; _builder_version=&#8220;4.16&#8243; _module_preset=&#8220;default&#8220; global_colors_info=&#8220;{}&#8220;][et_pb_text _builder_version=&#8220;4.17.6&#8243; _dynamic_attributes=&#8220;link_option_url&#8220; _module_preset=&#8220;default&#8220; header_font=&#8220;Bebas Neue||||||||&#8220; header_text_align=&#8220;center&#8220; header_text_color=&#8220;#5b8500&#8243; header_letter_spacing=&#8220;3px&#8220; header_2_font=&#8220;Bebas Neue||||||||&#8220; header_2_text_align=&#8220;center&#8220; header_2_text_color=&#8220;#5b8500&#8243; header_2_letter_spacing=&#8220;3px&#8220; header_3_font=&#8220;Bebas Neue||||||||&#8220; header_3_text_align=&#8220;center&#8220; header_3_text_color=&#8220;#5b8500&#8243; header_3_letter_spacing=&#8220;3px&#8220; header_6_font=&#8220;Bebas Neue||||||||&#8220; header_6_text_align=&#8220;center&#8220; header_6_text_color=&#8220;#5b8500&#8243; header_6_letter_spacing=&#8220;3px&#8220; text_orientation=&#8220;justified&#8220; link_option_url=&#8220;@ET-DC@eyJkeW5hbWljIjp0cnVlLCJjb250ZW50IjoicG9zdF9saW5rX3VybF9wYWdlIiwic2V0dGluZ3MiOnsicG9zdF9pZCI6IjE1NTkifX0=@&#8220; hover_enabled=&#8220;0&#8243; locked=&#8220;off&#8220; global_colors_info=&#8220;{}&#8220; sticky_enabled=&#8220;0&#8243;]<\/p>\n<h2>Rybolov<\/h2>\n<p>[\/et_pb_text][et_pb_blog fullwidth=&#8220;off&#8220; posts_number=&#8220;3&#8243; include_categories=&#8220;18&#8243; excerpt_length=&#8220;200&#8243; show_more=&#8220;on&#8220; show_author=&#8220;off&#8220; show_date=&#8220;off&#8220; show_categories=&#8220;off&#8220; module_class=&#8220;blog_megjelenites_zoom&#8220; _builder_version=&#8220;4.16&#8243; _module_preset=&#8220;default&#8220; header_font=&#8220;Bebas Neue||||||||&#8220; body_font=&#8220;||||||||&#8220; body_font_size=&#8220;12px&#8220; body_line_height=&#8220;1.5em&#8220; read_more_font=&#8220;Bebas Neue||||||||&#8220; read_more_letter_spacing=&#8220;1px&#8220; global_colors_info=&#8220;{}&#8220;][\/et_pb_blog][\/et_pb_column][\/et_pb_row][\/et_pb_section]<\/p>\n","protected":false},"excerpt":{"rendered":"<p>BlogDoporu\u010dovatel programuV\u011bci k vid\u011bn\u00edSousedstv\u00edCyklistick\u00e9 v\u00fdletyRybolov<\/p>\n","protected":false},"author":3,"featured_media":0,"parent":0,"menu_order":0,"comment_status":"closed","ping_status":"closed","template":"","meta":{"_et_pb_use_builder":"on","_et_pb_old_content":"","_et_gb_content_width":"","footnotes":""},"class_list":["post-6579","page","type-page","status-publish","hentry"],"yoast_head":"<!-- This site is optimized with the Yoast SEO plugin v27.2 - https:\/\/yoast.com\/product\/yoast-seo-wordpress\/ -->\n<title>Programy - Park Hotel - B\u00fck<\/title>\n<meta name=\"robots\" content=\"index, follow, max-snippet:-1, max-image-preview:large, max-video-preview:-1\" \/>\n<link rel=\"canonical\" href=\"https:\/\/parkhotelbuk.hu\/cs\/programok\/\" \/>\n<meta property=\"og:locale\" content=\"cs_CZ\" \/>\n<meta property=\"og:type\" content=\"article\" \/>\n<meta property=\"og:title\" content=\"Programy - Park Hotel - B\u00fck\" \/>\n<meta property=\"og:description\" content=\"BlogDoporu\u010dovatel programuV\u011bci k vid\u011bn\u00edSousedstv\u00edCyklistick\u00e9 v\u00fdletyRybolov\" \/>\n<meta property=\"og:url\" content=\"https:\/\/parkhotelbuk.hu\/cs\/programok\/\" \/>\n<meta property=\"og:site_name\" content=\"Park Hotel - B\u00fck\" \/>\n<meta property=\"article:modified_time\" content=\"2022-08-08T12:55:00+00:00\" \/>\n<meta name=\"twitter:card\" content=\"summary_large_image\" \/>\n<meta name=\"twitter:label1\" content=\"Odhadovan\u00e1 doba \u010dten\u00ed\" \/>\n\t<meta name=\"twitter:data1\" content=\"2 minuty\" \/>\n<script type=\"application\/ld+json\" class=\"yoast-schema-graph\">{\"@context\":\"https:\/\/schema.org\",\"@graph\":[{\"@type\":\"WebPage\",\"@id\":\"https:\/\/parkhotelbuk.hu\/cs\/programok\/\",\"url\":\"https:\/\/parkhotelbuk.hu\/cs\/programok\/\",\"name\":\"Programy - Park Hotel - B\u00fck\",\"isPartOf\":{\"@id\":\"https:\/\/parkhotelbuk.hu\/#website\"},\"datePublished\":\"2021-01-15T13:05:10+00:00\",\"dateModified\":\"2022-08-08T12:55:00+00:00\",\"breadcrumb\":{\"@id\":\"https:\/\/parkhotelbuk.hu\/cs\/programok\/#breadcrumb\"},\"inLanguage\":\"cs\",\"potentialAction\":[{\"@type\":\"ReadAction\",\"target\":[\"https:\/\/parkhotelbuk.hu\/cs\/programok\/\"]}]},{\"@type\":\"BreadcrumbList\",\"@id\":\"https:\/\/parkhotelbuk.hu\/cs\/programok\/#breadcrumb\",\"itemListElement\":[{\"@type\":\"ListItem\",\"position\":1,\"name\":\"Kezd\u0151lap\",\"item\":\"https:\/\/parkhotelbuk.hu\/cs\/\"},{\"@type\":\"ListItem\",\"position\":2,\"name\":\"Programy\"}]},{\"@type\":\"WebSite\",\"@id\":\"https:\/\/parkhotelbuk.hu\/#website\",\"url\":\"https:\/\/parkhotelbuk.hu\/\",\"name\":\"Park Hotel - B\u00fck\",\"description\":\"B\u00fck leg\u00fajabb n\u00e9gycsillagos sz\u00e1llod\u00e1ja\",\"potentialAction\":[{\"@type\":\"SearchAction\",\"target\":{\"@type\":\"EntryPoint\",\"urlTemplate\":\"https:\/\/parkhotelbuk.hu\/?s={search_term_string}\"},\"query-input\":{\"@type\":\"PropertyValueSpecification\",\"valueRequired\":true,\"valueName\":\"search_term_string\"}}],\"inLanguage\":\"cs\"}]}<\/script>\n<!-- \/ Yoast SEO plugin. -->","yoast_head_json":{"title":"Programy - Park Hotel - B\u00fck","robots":{"index":"index","follow":"follow","max-snippet":"max-snippet:-1","max-image-preview":"max-image-preview:large","max-video-preview":"max-video-preview:-1"},"canonical":"https:\/\/parkhotelbuk.hu\/cs\/programok\/","og_locale":"cs_CZ","og_type":"article","og_title":"Programy - Park Hotel - B\u00fck","og_description":"BlogDoporu\u010dovatel programuV\u011bci k vid\u011bn\u00edSousedstv\u00edCyklistick\u00e9 v\u00fdletyRybolov","og_url":"https:\/\/parkhotelbuk.hu\/cs\/programok\/","og_site_name":"Park Hotel - B\u00fck","article_modified_time":"2022-08-08T12:55:00+00:00","twitter_card":"summary_large_image","twitter_misc":{"Odhadovan\u00e1 doba \u010dten\u00ed":"2 minuty"},"schema":{"@context":"https:\/\/schema.org","@graph":[{"@type":"WebPage","@id":"https:\/\/parkhotelbuk.hu\/cs\/programok\/","url":"https:\/\/parkhotelbuk.hu\/cs\/programok\/","name":"Programy - Park Hotel - B\u00fck","isPartOf":{"@id":"https:\/\/parkhotelbuk.hu\/#website"},"datePublished":"2021-01-15T13:05:10+00:00","dateModified":"2022-08-08T12:55:00+00:00","breadcrumb":{"@id":"https:\/\/parkhotelbuk.hu\/cs\/programok\/#breadcrumb"},"inLanguage":"cs","potentialAction":[{"@type":"ReadAction","target":["https:\/\/parkhotelbuk.hu\/cs\/programok\/"]}]},{"@type":"BreadcrumbList","@id":"https:\/\/parkhotelbuk.hu\/cs\/programok\/#breadcrumb","itemListElement":[{"@type":"ListItem","position":1,"name":"Kezd\u0151lap","item":"https:\/\/parkhotelbuk.hu\/cs\/"},{"@type":"ListItem","position":2,"name":"Programy"}]},{"@type":"WebSite","@id":"https:\/\/parkhotelbuk.hu\/#website","url":"https:\/\/parkhotelbuk.hu\/","name":"Park Hotel - B\u00fck","description":"B\u00fck leg\u00fajabb n\u00e9gycsillagos sz\u00e1llod\u00e1ja","potentialAction":[{"@type":"SearchAction","target":{"@type":"EntryPoint","urlTemplate":"https:\/\/parkhotelbuk.hu\/?s={search_term_string}"},"query-input":{"@type":"PropertyValueSpecification","valueRequired":true,"valueName":"search_term_string"}}],"inLanguage":"cs"}]}},"_links":{"self":[{"href":"https:\/\/parkhotelbuk.hu\/cs\/wp-json\/wp\/v2\/pages\/6579","targetHints":{"allow":["GET"]}}],"collection":[{"href":"https:\/\/parkhotelbuk.hu\/cs\/wp-json\/wp\/v2\/pages"}],"about":[{"href":"https:\/\/parkhotelbuk.hu\/cs\/wp-json\/wp\/v2\/types\/page"}],"author":[{"embeddable":true,"href":"https:\/\/parkhotelbuk.hu\/cs\/wp-json\/wp\/v2\/users\/3"}],"replies":[{"embeddable":true,"href":"https:\/\/parkhotelbuk.hu\/cs\/wp-json\/wp\/v2\/comments?post=6579"}],"version-history":[{"count":0,"href":"https:\/\/parkhotelbuk.hu\/cs\/wp-json\/wp\/v2\/pages\/6579\/revisions"}],"wp:attachment":[{"href":"https:\/\/parkhotelbuk.hu\/cs\/wp-json\/wp\/v2\/media?parent=6579"}],"curies":[{"name":"wp","href":"https:\/\/api.w.org\/{rel}","templated":true}]}}