{"id":5996,"date":"2021-02-09T15:42:04","date_gmt":"2021-02-09T14:42:04","guid":{"rendered":"https:\/\/parkhotelbuk.hu\/buk-regi-kepeken\/"},"modified":"2023-02-23T13:59:39","modified_gmt":"2023-02-23T12:59:39","slug":"buk-regi-kepeken","status":"publish","type":"page","link":"https:\/\/parkhotelbuk.hu\/cs\/buk-regi-kepeken\/","title":{"rendered":"B\u00fck na star\u00fdch"},"content":{"rendered":"<p>[et_pb_section fb_built=&#8220;1&#8243; fullwidth=&#8220;on&#8220; admin_label=&#8220;Szakasz&#8220; _builder_version=&#8220;4.16&#8243; _module_preset=&#8220;default&#8220; custom_margin=&#8220;||||false|false&#8220; top_divider_height=&#8220;49px&#8220; saved_tabs=&#8220;all&#8220; global_colors_info=&#8220;{}&#8220;][et_pb_fullwidth_post_title meta=&#8220;off&#8220; featured_placement=&#8220;background&#8220; _builder_version=&#8220;4.20.0&#8243; _module_preset=&#8220;default&#8220; title_font=&#8220;||||||||&#8220; title_text_align=&#8220;center&#8220; title_text_color=&#8220;#8DCE71&#8243; title_letter_spacing=&#8220;6px&#8220; background_color=&#8220;#ffffff&#8220; use_background_color_gradient=&#8220;on&#8220; background_color_gradient_stops=&#8220;#5a9612 0%|rgba(255,255,255,0) 34%&#8220; background_color_gradient_overlays_image=&#8220;on&#8220; background_color_gradient_start=&#8220;#5a9612&#8243; background_color_gradient_end=&#8220;rgba(255,255,255,0)&#8220; background_color_gradient_end_position=&#8220;34%&#8220; background_blend=&#8220;soft-light&#8220; min_height=&#8220;70vh&#8220; min_height_tablet=&#8220;&#8220; min_height_phone=&#8220;&#8220; min_height_last_edited=&#8220;on|desktop&#8220; custom_margin=&#8220;0px||||false|false&#8220; custom_padding=&#8220;50vh||||false|false&#8220; filter_saturate=&#8220;133%&#8220; filter_brightness=&#8220;108%&#8220; filter_invert=&#8220;8%&#8220; filter_sepia=&#8220;7%&#8220; hover_enabled=&#8220;0&#8243; title_text_shadow_style=&#8220;preset1&#8243; title_text_shadow_vertical_length=&#8220;0.09em&#8220; title_text_shadow_blur_strength=&#8220;0.12em&#8220; title_text_shadow_color=&#8220;#000000&#8243; global_colors_info=&#8220;{}&#8220; sticky_enabled=&#8220;0&#8243;][\/et_pb_fullwidth_post_title][\/et_pb_section][et_pb_section fb_built=&#8220;1&#8243; _builder_version=&#8220;4.16&#8243; _module_preset=&#8220;default&#8220; use_background_color_gradient=&#8220;on&#8220; background_color_gradient_stops=&#8220;#b3b3b3 0%|#ededed 15%&#8220; background_color_gradient_start=&#8220;#b3b3b3&#8243; background_color_gradient_end=&#8220;#ededed&#8220; background_color_gradient_end_position=&#8220;15%&#8220; global_colors_info=&#8220;{}&#8220;][et_pb_row _builder_version=&#8220;4.16&#8243; _module_preset=&#8220;default&#8220; global_colors_info=&#8220;{}&#8220;][et_pb_column type=&#8220;4_4&#8243; _builder_version=&#8220;4.16&#8243; _module_preset=&#8220;default&#8220; global_colors_info=&#8220;{}&#8220;][et_pb_text _builder_version=&#8220;4.20.0&#8243; _module_preset=&#8220;default&#8220; header_font=&#8220;Bebas Neue||||||||&#8220; header_2_font=&#8220;||||||||&#8220; hover_enabled=&#8220;0&#8243; global_colors_info=&#8220;{}&#8220; header_2_text_color=&#8220;#FFFFFF&#8220; text_text_color=&#8220;#8DCE71&#8243; sticky_enabled=&#8220;0&#8243;]<\/p>\n<h2 style=\"text-align: center;\">Historie restaurace Hord\u00f3 v obrazech<\/h2>\n<p>[\/et_pb_text][et_pb_text _builder_version=&#8220;4.17.6&#8243; _module_preset=&#8220;default&#8220; header_6_text_color=&#8220;#808080&#8243; global_colors_info=&#8220;{}&#8220;]<\/p>\n<h6 style=\"text-align: center;\">Nen\u00ed na\u0161e zbrusu nov\u00e1 restaurace opravdu nov\u00e1? Popravd\u011b ne: stoj\u00ed na t\u00e9m\u011b\u0159 70 let star\u00fdch z\u00e1kladech.<\/h6>\n<p>[\/et_pb_text][et_pb_gallery gallery_ids=&#8220;1223,1214,1023,3081&#8243; posts_number=&#8220;150&#8243; show_title_and_caption=&#8220;off&#8220; zoom_icon_color=&#8220;rgba(0,0,0,0)&#8220; hover_overlay_color=&#8220;rgba(0,0,0,0)&#8220; _builder_version=&#8220;4.17.6&#8243; _module_preset=&#8220;default&#8220; title_font=&#8220;|700|||||||&#8220; title_text_align=&#8220;center&#8220; title_text_color=&#8220;#5c5c5c&#8220; title_font_size=&#8220;11px&#8220; global_colors_info=&#8220;{}&#8220;][\/et_pb_gallery][et_pb_divider color=&#8220;#7cda24&#8243; divider_weight=&#8220;9px&#8220; _builder_version=&#8220;4.16&#8243; _module_preset=&#8220;default&#8220; background_enable_color=&#8220;off&#8220; global_colors_info=&#8220;{}&#8220;][\/et_pb_divider][et_pb_text _builder_version=&#8220;4.20.0&#8243; _module_preset=&#8220;default&#8220; header_2_font=&#8220;Bebas Neue||||||||&#8220; hover_enabled=&#8220;0&#8243; global_colors_info=&#8220;{}&#8220; header_2_text_color=&#8220;#8DCE71&#8243; sticky_enabled=&#8220;0&#8243;]<\/p>\n<h2 style=\"text-align: center;\">Pohlednice z ka\u017edodenn\u00edho \u017eivota v B\u00fcku a l\u00e1zn\u00edch.<\/h2>\n<p>[\/et_pb_text][et_pb_text _builder_version=&#8220;4.17.6&#8243; _module_preset=&#8220;default&#8220; header_6_text_color=&#8220;#808080&#8243; global_colors_info=&#8220;{}&#8220;]<\/p>\n<h6 style=\"text-align: center;\">Nejkr\u00e1sn\u011bj\u0161\u00ed v\u00fdtisk v\u0161ech dob jsou pohlednice, ve kter\u00fdch vydavatel (a\u0165 u\u017e je to instituce nebo m\u011bsto) vytv\u00e1\u0159\u00ed poselstv\u00ed o sob\u011b. Nejinak je tomu i v p\u0159\u00edpad\u011b m\u011bsta B\u00fck a L\u00e1zn\u00ed.<\/h6>\n<p>[\/et_pb_text][et_pb_gallery gallery_ids=&#8220;768,765,769,766,770,1207,1209,1208,771,1206,1210,1211,1212&#8243; posts_number=&#8220;150&#8243; show_title_and_caption=&#8220;off&#8220; show_pagination=&#8220;off&#8220; zoom_icon_color=&#8220;rgba(0,0,0,0)&#8220; hover_overlay_color=&#8220;rgba(0,0,0,0)&#8220; admin_label=&#8220;Gal\u00e9ria&#8220; _builder_version=&#8220;4.16&#8243; _module_preset=&#8220;default&#8220; title_font=&#8220;|700|||||||&#8220; title_text_align=&#8220;center&#8220; title_text_color=&#8220;#5c5c5c&#8220; title_font_size=&#8220;11px&#8220; global_colors_info=&#8220;{}&#8220;][\/et_pb_gallery][et_pb_divider color=&#8220;#7cda24&#8243; divider_weight=&#8220;9px&#8220; _builder_version=&#8220;4.16&#8243; _module_preset=&#8220;default&#8220; background_enable_color=&#8220;off&#8220; global_colors_info=&#8220;{}&#8220;][\/et_pb_divider][et_pb_text _builder_version=&#8220;4.20.0&#8243; _module_preset=&#8220;default&#8220; header_2_font=&#8220;Bebas Neue||||||||&#8220; hover_enabled=&#8220;0&#8243; global_colors_info=&#8220;{}&#8220; header_text_color=&#8220;#8DCE71&#8243; sticky_enabled=&#8220;0&#8243;]<\/p>\n<h2 style=\"text-align: center;\">Ka\u017edodenn\u00ed \u017eivot ve m\u011bst\u011b B\u00fck<\/h2>\n<p>[\/et_pb_text][et_pb_text _builder_version=&#8220;4.17.6&#8243; _module_preset=&#8220;default&#8220; header_6_text_color=&#8220;#808080&#8243; global_colors_info=&#8220;{}&#8220;]<\/p>\n<h6 style=\"text-align: center;\">B\u00fck za posledn\u00edch 60 let zaznamenal obrovsk\u00fd v\u00fdvoj, co\u017e nejl\u00e9pe dokl\u00e1d\u00e1 na\u0161e n\u00ed\u017ee uveden\u00e1 sb\u00edrka.<\/h6>\n<p>[\/et_pb_text][et_pb_gallery gallery_ids=&#8220;879,1216,1215,863&#8243; posts_number=&#8220;150&#8243; show_title_and_caption=&#8220;off&#8220; zoom_icon_color=&#8220;rgba(0,0,0,0)&#8220; hover_overlay_color=&#8220;rgba(0,0,0,0)&#8220; admin_label=&#8220;Gal\u00e9ria&#8220; _builder_version=&#8220;4.17.6&#8243; _module_preset=&#8220;default&#8220; title_font=&#8220;|700|||||||&#8220; title_text_align=&#8220;center&#8220; title_text_color=&#8220;#5c5c5c&#8220; title_font_size=&#8220;11px&#8220; global_colors_info=&#8220;{}&#8220;][\/et_pb_gallery][et_pb_divider color=&#8220;#7cda24&#8243; divider_weight=&#8220;9px&#8220; _builder_version=&#8220;4.16&#8243; _module_preset=&#8220;default&#8220; background_enable_color=&#8220;off&#8220; global_colors_info=&#8220;{}&#8220;][\/et_pb_divider][et_pb_text _builder_version=&#8220;4.17.6&#8243; _module_preset=&#8220;default&#8220; header_2_font=&#8220;Bebas Neue||||||||&#8220; global_colors_info=&#8220;{}&#8220;]<\/p>\n<h2 style=\"text-align: center;\">Fotografie z 60let\u00e9 historie l\u00e1zne\u0148sk\u00e9ho objektu<\/h2>\n<p>[\/et_pb_text][et_pb_text _builder_version=&#8220;4.17.6&#8243; _module_preset=&#8220;default&#8220; header_6_text_color=&#8220;#808080&#8243; global_colors_info=&#8220;{}&#8220;]<\/p>\n<h6 style=\"text-align: center;\">L\u00e1zn\u011b jsou skute\u010dn\u00fdm p\u0159\u00edb\u011bhem \u00fasp\u011bchu, sta\u010d\u00ed to vid\u011bt, i kdy\u017e se na to pod\u00edv\u00e1te: kde jsme za\u010dali a kde jsme dnes.<\/h6>\n<p>[\/et_pb_text][et_pb_gallery gallery_ids=&#8220;868,859,826,900,898,896,895,894,893,891,884,886,885,883,881,878,877,873,871,870,867,866,865,861,860,858,857,856,854,853,850,849,843,840,839,838,837,836,835,827,825,824,823,822,821,820,819,814,813,812,811,810,808,807,805,804,803,802,801,798,797,796,795,794,793,792,791,789,787,786,785,784,781,779,776,774,773,772,764,763,762,760&#8243; posts_number=&#8220;150&#8243; show_title_and_caption=&#8220;off&#8220; show_pagination=&#8220;off&#8220; zoom_icon_color=&#8220;rgba(0,0,0,0)&#8220; hover_overlay_color=&#8220;rgba(0,0,0,0)&#8220; admin_label=&#8220;Gal\u00e9ria&#8220; _builder_version=&#8220;4.16&#8243; _module_preset=&#8220;default&#8220; title_font=&#8220;|700|||||||&#8220; title_text_align=&#8220;center&#8220; title_text_color=&#8220;#5c5c5c&#8220; title_font_size=&#8220;11px&#8220; global_colors_info=&#8220;{}&#8220;][\/et_pb_gallery][\/et_pb_column][\/et_pb_row][\/et_pb_section]<\/p>\n","protected":false},"excerpt":{"rendered":"<p>Historie restaurace Hord\u00f3 v obrazechNen\u00ed na\u0161e zbrusu nov\u00e1 restaurace opravdu nov\u00e1? Popravd\u011b ne: stoj\u00ed na t\u00e9m\u011b\u0159 70 let star\u00fdch z\u00e1kladech.Pohlednice z ka\u017edodenn\u00edho \u017eivota v B\u00fcku a l\u00e1zn\u00edch.Nejkr\u00e1sn\u011bj\u0161\u00ed v\u00fdtisk v\u0161ech dob jsou pohlednice, ve kter\u00fdch vydavatel (a\u0165 u\u017e je to instituce nebo m\u011bsto) vytv\u00e1\u0159\u00ed poselstv\u00ed o sob\u011b. Nejinak je tomu i v p\u0159\u00edpad\u011b m\u011bsta B\u00fck a [&hellip;]<\/p>\n","protected":false},"author":3,"featured_media":5997,"parent":0,"menu_order":0,"comment_status":"closed","ping_status":"closed","template":"","meta":{"_et_pb_use_builder":"on","_et_pb_old_content":"","_et_gb_content_width":"","footnotes":""},"class_list":["post-5996","page","type-page","status-publish","has-post-thumbnail","hentry"],"yoast_head":"<!-- This site is optimized with the Yoast SEO plugin v27.2 - https:\/\/yoast.com\/product\/yoast-seo-wordpress\/ -->\n<title>B\u00fck na star\u00fdch - Park Hotel - B\u00fck<\/title>\n<meta name=\"robots\" content=\"index, follow, max-snippet:-1, max-image-preview:large, max-video-preview:-1\" \/>\n<link rel=\"canonical\" href=\"https:\/\/parkhotelbuk.hu\/cs\/buk-regi-kepeken\/\" \/>\n<meta property=\"og:locale\" content=\"cs_CZ\" \/>\n<meta property=\"og:type\" content=\"article\" \/>\n<meta property=\"og:title\" content=\"B\u00fck na star\u00fdch - Park Hotel - B\u00fck\" \/>\n<meta property=\"og:description\" content=\"Historie restaurace Hord\u00f3 v obrazechNen\u00ed na\u0161e zbrusu nov\u00e1 restaurace opravdu nov\u00e1? Popravd\u011b ne: stoj\u00ed na t\u00e9m\u011b\u0159 70 let star\u00fdch z\u00e1kladech.Pohlednice z ka\u017edodenn\u00edho \u017eivota v B\u00fcku a l\u00e1zn\u00edch.Nejkr\u00e1sn\u011bj\u0161\u00ed v\u00fdtisk v\u0161ech dob jsou pohlednice, ve kter\u00fdch vydavatel (a\u0165 u\u017e je to instituce nebo m\u011bsto) vytv\u00e1\u0159\u00ed poselstv\u00ed o sob\u011b. Nejinak je tomu i v p\u0159\u00edpad\u011b m\u011bsta B\u00fck a [&hellip;]\" \/>\n<meta property=\"og:url\" content=\"https:\/\/parkhotelbuk.hu\/cs\/buk-regi-kepeken\/\" \/>\n<meta property=\"og:site_name\" content=\"Park Hotel - B\u00fck\" \/>\n<meta property=\"article:modified_time\" content=\"2023-02-23T12:59:39+00:00\" \/>\n<meta property=\"og:image\" content=\"https:\/\/parkhotelbuk.hu\/wp-content\/uploads\/2021\/02\/parkhotelbuk-3.jpg\" \/>\n\t<meta property=\"og:image:width\" content=\"700\" \/>\n\t<meta property=\"og:image:height\" content=\"497\" \/>\n\t<meta property=\"og:image:type\" content=\"image\/jpeg\" \/>\n<meta name=\"twitter:card\" content=\"summary_large_image\" \/>\n<meta name=\"twitter:label1\" content=\"Odhadovan\u00e1 doba \u010dten\u00ed\" \/>\n\t<meta name=\"twitter:data1\" content=\"2 minuty\" \/>\n<script type=\"application\/ld+json\" class=\"yoast-schema-graph\">{\"@context\":\"https:\/\/schema.org\",\"@graph\":[{\"@type\":\"WebPage\",\"@id\":\"https:\/\/parkhotelbuk.hu\/cs\/buk-regi-kepeken\/\",\"url\":\"https:\/\/parkhotelbuk.hu\/cs\/buk-regi-kepeken\/\",\"name\":\"B\u00fck na star\u00fdch - Park Hotel - B\u00fck\",\"isPartOf\":{\"@id\":\"https:\/\/parkhotelbuk.hu\/#website\"},\"primaryImageOfPage\":{\"@id\":\"https:\/\/parkhotelbuk.hu\/cs\/buk-regi-kepeken\/#primaryimage\"},\"image\":{\"@id\":\"https:\/\/parkhotelbuk.hu\/cs\/buk-regi-kepeken\/#primaryimage\"},\"thumbnailUrl\":\"https:\/\/parkhotelbuk.hu\/wp-content\/uploads\/2021\/02\/parkhotelbuk-3.jpg\",\"datePublished\":\"2021-02-09T14:42:04+00:00\",\"dateModified\":\"2023-02-23T12:59:39+00:00\",\"breadcrumb\":{\"@id\":\"https:\/\/parkhotelbuk.hu\/cs\/buk-regi-kepeken\/#breadcrumb\"},\"inLanguage\":\"cs\",\"potentialAction\":[{\"@type\":\"ReadAction\",\"target\":[\"https:\/\/parkhotelbuk.hu\/cs\/buk-regi-kepeken\/\"]}]},{\"@type\":\"ImageObject\",\"inLanguage\":\"cs\",\"@id\":\"https:\/\/parkhotelbuk.hu\/cs\/buk-regi-kepeken\/#primaryimage\",\"url\":\"https:\/\/parkhotelbuk.hu\/wp-content\/uploads\/2021\/02\/parkhotelbuk-3.jpg\",\"contentUrl\":\"https:\/\/parkhotelbuk.hu\/wp-content\/uploads\/2021\/02\/parkhotelbuk-3.jpg\",\"width\":700,\"height\":497},{\"@type\":\"BreadcrumbList\",\"@id\":\"https:\/\/parkhotelbuk.hu\/cs\/buk-regi-kepeken\/#breadcrumb\",\"itemListElement\":[{\"@type\":\"ListItem\",\"position\":1,\"name\":\"Kezd\u0151lap\",\"item\":\"https:\/\/parkhotelbuk.hu\/cs\/\"},{\"@type\":\"ListItem\",\"position\":2,\"name\":\"B\u00fck na star\u00fdch\"}]},{\"@type\":\"WebSite\",\"@id\":\"https:\/\/parkhotelbuk.hu\/#website\",\"url\":\"https:\/\/parkhotelbuk.hu\/\",\"name\":\"Park Hotel - B\u00fck\",\"description\":\"B\u00fck leg\u00fajabb n\u00e9gycsillagos sz\u00e1llod\u00e1ja\",\"potentialAction\":[{\"@type\":\"SearchAction\",\"target\":{\"@type\":\"EntryPoint\",\"urlTemplate\":\"https:\/\/parkhotelbuk.hu\/?s={search_term_string}\"},\"query-input\":{\"@type\":\"PropertyValueSpecification\",\"valueRequired\":true,\"valueName\":\"search_term_string\"}}],\"inLanguage\":\"cs\"}]}<\/script>\n<!-- \/ Yoast SEO plugin. -->","yoast_head_json":{"title":"B\u00fck na star\u00fdch - Park Hotel - B\u00fck","robots":{"index":"index","follow":"follow","max-snippet":"max-snippet:-1","max-image-preview":"max-image-preview:large","max-video-preview":"max-video-preview:-1"},"canonical":"https:\/\/parkhotelbuk.hu\/cs\/buk-regi-kepeken\/","og_locale":"cs_CZ","og_type":"article","og_title":"B\u00fck na star\u00fdch - Park Hotel - B\u00fck","og_description":"Historie restaurace Hord\u00f3 v obrazechNen\u00ed na\u0161e zbrusu nov\u00e1 restaurace opravdu nov\u00e1? Popravd\u011b ne: stoj\u00ed na t\u00e9m\u011b\u0159 70 let star\u00fdch z\u00e1kladech.Pohlednice z ka\u017edodenn\u00edho \u017eivota v B\u00fcku a l\u00e1zn\u00edch.Nejkr\u00e1sn\u011bj\u0161\u00ed v\u00fdtisk v\u0161ech dob jsou pohlednice, ve kter\u00fdch vydavatel (a\u0165 u\u017e je to instituce nebo m\u011bsto) vytv\u00e1\u0159\u00ed poselstv\u00ed o sob\u011b. Nejinak je tomu i v p\u0159\u00edpad\u011b m\u011bsta B\u00fck a [&hellip;]","og_url":"https:\/\/parkhotelbuk.hu\/cs\/buk-regi-kepeken\/","og_site_name":"Park Hotel - B\u00fck","article_modified_time":"2023-02-23T12:59:39+00:00","og_image":[{"width":700,"height":497,"url":"https:\/\/parkhotelbuk.hu\/wp-content\/uploads\/2021\/02\/parkhotelbuk-3.jpg","type":"image\/jpeg"}],"twitter_card":"summary_large_image","twitter_misc":{"Odhadovan\u00e1 doba \u010dten\u00ed":"2 minuty"},"schema":{"@context":"https:\/\/schema.org","@graph":[{"@type":"WebPage","@id":"https:\/\/parkhotelbuk.hu\/cs\/buk-regi-kepeken\/","url":"https:\/\/parkhotelbuk.hu\/cs\/buk-regi-kepeken\/","name":"B\u00fck na star\u00fdch - Park Hotel - B\u00fck","isPartOf":{"@id":"https:\/\/parkhotelbuk.hu\/#website"},"primaryImageOfPage":{"@id":"https:\/\/parkhotelbuk.hu\/cs\/buk-regi-kepeken\/#primaryimage"},"image":{"@id":"https:\/\/parkhotelbuk.hu\/cs\/buk-regi-kepeken\/#primaryimage"},"thumbnailUrl":"https:\/\/parkhotelbuk.hu\/wp-content\/uploads\/2021\/02\/parkhotelbuk-3.jpg","datePublished":"2021-02-09T14:42:04+00:00","dateModified":"2023-02-23T12:59:39+00:00","breadcrumb":{"@id":"https:\/\/parkhotelbuk.hu\/cs\/buk-regi-kepeken\/#breadcrumb"},"inLanguage":"cs","potentialAction":[{"@type":"ReadAction","target":["https:\/\/parkhotelbuk.hu\/cs\/buk-regi-kepeken\/"]}]},{"@type":"ImageObject","inLanguage":"cs","@id":"https:\/\/parkhotelbuk.hu\/cs\/buk-regi-kepeken\/#primaryimage","url":"https:\/\/parkhotelbuk.hu\/wp-content\/uploads\/2021\/02\/parkhotelbuk-3.jpg","contentUrl":"https:\/\/parkhotelbuk.hu\/wp-content\/uploads\/2021\/02\/parkhotelbuk-3.jpg","width":700,"height":497},{"@type":"BreadcrumbList","@id":"https:\/\/parkhotelbuk.hu\/cs\/buk-regi-kepeken\/#breadcrumb","itemListElement":[{"@type":"ListItem","position":1,"name":"Kezd\u0151lap","item":"https:\/\/parkhotelbuk.hu\/cs\/"},{"@type":"ListItem","position":2,"name":"B\u00fck na star\u00fdch"}]},{"@type":"WebSite","@id":"https:\/\/parkhotelbuk.hu\/#website","url":"https:\/\/parkhotelbuk.hu\/","name":"Park Hotel - B\u00fck","description":"B\u00fck leg\u00fajabb n\u00e9gycsillagos sz\u00e1llod\u00e1ja","potentialAction":[{"@type":"SearchAction","target":{"@type":"EntryPoint","urlTemplate":"https:\/\/parkhotelbuk.hu\/?s={search_term_string}"},"query-input":{"@type":"PropertyValueSpecification","valueRequired":true,"valueName":"search_term_string"}}],"inLanguage":"cs"}]}},"_links":{"self":[{"href":"https:\/\/parkhotelbuk.hu\/cs\/wp-json\/wp\/v2\/pages\/5996","targetHints":{"allow":["GET"]}}],"collection":[{"href":"https:\/\/parkhotelbuk.hu\/cs\/wp-json\/wp\/v2\/pages"}],"about":[{"href":"https:\/\/parkhotelbuk.hu\/cs\/wp-json\/wp\/v2\/types\/page"}],"author":[{"embeddable":true,"href":"https:\/\/parkhotelbuk.hu\/cs\/wp-json\/wp\/v2\/users\/3"}],"replies":[{"embeddable":true,"href":"https:\/\/parkhotelbuk.hu\/cs\/wp-json\/wp\/v2\/comments?post=5996"}],"version-history":[{"count":0,"href":"https:\/\/parkhotelbuk.hu\/cs\/wp-json\/wp\/v2\/pages\/5996\/revisions"}],"wp:featuredmedia":[{"embeddable":true,"href":"https:\/\/parkhotelbuk.hu\/cs\/wp-json\/wp\/v2\/media\/5997"}],"wp:attachment":[{"href":"https:\/\/parkhotelbuk.hu\/cs\/wp-json\/wp\/v2\/media?parent=5996"}],"curies":[{"name":"wp","href":"https:\/\/api.w.org\/{rel}","templated":true}]}}