{"id":5348,"date":"2021-02-25T12:04:26","date_gmt":"2021-02-25T11:04:26","guid":{"rendered":"https:\/\/parkhotelbuk.hu\/horogra\/"},"modified":"2023-08-28T13:31:35","modified_gmt":"2023-08-28T11:31:35","slug":"horogra","status":"publish","type":"page","link":"https:\/\/parkhotelbuk.hu\/cs\/horogra\/","title":{"rendered":"Poj\u010fme na h\u00e1\u010dek!"},"content":{"rendered":"<p>[et_pb_section fb_built=&#8220;1&#8243; fullwidth=&#8220;on&#8220; _builder_version=&#8220;4.16&#8243; _module_preset=&#8220;default&#8220; background_enable_image=&#8220;off&#8220; global_colors_info=&#8220;{}&#8220;][et_pb_fullwidth_header title=&#8220;Poj\u010fme na h\u00e1\u010dek!&#8220; _builder_version=&#8220;4.22.1&#8243; _module_preset=&#8220;default&#8220; title_font=&#8220;||||||||&#8220; title_text_align=&#8220;center&#8220; title_text_color=&#8220;#8DCE71&#8243; title_letter_spacing=&#8220;6px&#8220; subhead_font=&#8220;Bebas Neue||||||||&#8220; subhead_text_align=&#8220;center&#8220; subhead_letter_spacing=&#8220;2px&#8220; use_background_color_gradient=&#8220;on&#8220; background_color_gradient_stops=&#8220;#aabf20 0%|rgba(0,0,0,0.16) 55%&#8220; background_color_gradient_overlays_image=&#8220;on&#8220; background_color_gradient_start=&#8220;#aabf20&#8243; background_color_gradient_end=&#8220;rgba(0,0,0,0.16)&#8220; background_color_gradient_end_position=&#8220;55%&#8220; background_image=&#8220;https:\/\/parkhotelbuk.hu\/wp-content\/uploads\/2021\/03\/horogra.jpg&#8220; background_blend=&#8220;hard-light&#8220; min_height=&#8220;70vh&#8220; custom_margin=&#8220;||||false|false&#8220; custom_padding=&#8220;35vh||||false|false&#8220; child_filter_saturate=&#8220;168%&#8220; child_filter_brightness=&#8220;119%&#8220; child_filter_invert=&#8220;6%&#8220; child_filter_sepia=&#8220;3%&#8220; hover_enabled=&#8220;0&#8243; custom_css_title=&#8220;text-shadow: 2px 2px 2px rgba(0, 0, 0, 1);&#8220; custom_css_subtitle=&#8220;text-shadow: 2px 2px 2px rgba(0, 0, 0, 1);&#8220; global_colors_info=&#8220;{}&#8220; sticky_enabled=&#8220;0&#8243;][\/et_pb_fullwidth_header][\/et_pb_section][et_pb_section fb_built=&#8220;1&#8243; _builder_version=&#8220;4.16&#8243; _module_preset=&#8220;default&#8220; use_background_color_gradient=&#8220;on&#8220; background_color_gradient_stops=&#8220;#b3b3b3 0%|#ededed 20%&#8220; background_color_gradient_start=&#8220;#b3b3b3&#8243; background_color_gradient_end=&#8220;#ededed&#8220; background_color_gradient_end_position=&#8220;20%&#8220; locked=&#8220;off&#8220; global_colors_info=&#8220;{}&#8220;][et_pb_row _builder_version=&#8220;4.16&#8243; _module_preset=&#8220;default&#8220; global_colors_info=&#8220;{}&#8220;][et_pb_column type=&#8220;4_4&#8243; _builder_version=&#8220;4.16&#8243; _module_preset=&#8220;default&#8220; global_colors_info=&#8220;{}&#8220;][et_pb_text _builder_version=&#8220;4.20.0&#8243; _module_preset=&#8220;default&#8220; header_2_font=&#8220;||||||||&#8220; header_2_text_align=&#8220;center&#8220; header_2_text_color=&#8220;#FFFFFF&#8220; text_orientation=&#8220;justified&#8220; custom_padding=&#8220;||20px||false|false&#8220; border_color_all=&#8220;#d6d6d6&#8243; border_width_bottom=&#8220;2px&#8220; global_colors_info=&#8220;{}&#8220;]<\/p>\n<h2>Mo\u017enosti rybolovu v kraji Vas<\/h2>\n<p>Mnoho lid\u00ed dnes tr\u00e1v\u00ed voln\u00fd \u010das na n\u00e1b\u0159e\u017e\u00ed, obl\u00edben\u00e1 jsou ryb\u00e1\u0159sk\u00e1 jezera a i v tomto ohledu lze pova\u017eovat \u017eupu Vas za \u0161t\u011bst\u00ed, nebo\u0165 stojat\u00fdch vod je v regionu kolem p\u016fl stovky. Je zde v\u0161e, co stimuluje \u00fasta a \u00fasta, \u0159eka a stojat\u00e9 vody si tak\u00e9 najdou sv\u00e9 v\u00fdpo\u010dty. V n\u00e1sleduj\u00edc\u00edch \u0159\u00e1dc\u00edch si ve zkratce shrneme, kam nal\u00e1kat n\u00e1strahu v \u017eelezit\u00fdch vod\u00e1ch.<\/p>\n<p>[\/et_pb_text][et_pb_blog fullwidth=&#8220;off&#8220; include_categories=&#8220;18&#8243; excerpt_length=&#8220;200&#8243; show_more=&#8220;on&#8220; show_author=&#8220;off&#8220; show_date=&#8220;off&#8220; show_categories=&#8220;off&#8220; module_class=&#8220;blog_megjelenites_zoom&#8220; _builder_version=&#8220;4.16&#8243; _module_preset=&#8220;default&#8220; header_font=&#8220;Bebas Neue||||||||&#8220; body_font=&#8220;||||||||&#8220; body_font_size=&#8220;12px&#8220; body_line_height=&#8220;1.5em&#8220; read_more_font=&#8220;Bebas Neue||||||||&#8220; read_more_letter_spacing=&#8220;1px&#8220; global_colors_info=&#8220;{}&#8220;][\/et_pb_blog][\/et_pb_column][\/et_pb_row][\/et_pb_section]<\/p>\n","protected":false},"excerpt":{"rendered":"<p>Mo\u017enosti rybolovu v kraji Vas Mnoho lid\u00ed dnes tr\u00e1v\u00ed voln\u00fd \u010das na n\u00e1b\u0159e\u017e\u00ed, obl\u00edben\u00e1 jsou ryb\u00e1\u0159sk\u00e1 jezera a i v tomto ohledu lze pova\u017eovat \u017eupu Vas za \u0161t\u011bst\u00ed, nebo\u0165 stojat\u00fdch vod je v regionu kolem p\u016fl stovky. Je zde v\u0161e, co stimuluje \u00fasta a \u00fasta, \u0159eka a stojat\u00e9 vody si tak\u00e9 najdou sv\u00e9 v\u00fdpo\u010dty. V [&hellip;]<\/p>\n","protected":false},"author":3,"featured_media":5350,"parent":0,"menu_order":0,"comment_status":"closed","ping_status":"closed","template":"","meta":{"_et_pb_use_builder":"on","_et_pb_old_content":"","_et_gb_content_width":"","footnotes":""},"class_list":["post-5348","page","type-page","status-publish","has-post-thumbnail","hentry"],"yoast_head":"<!-- This site is optimized with the Yoast SEO plugin v27.2 - https:\/\/yoast.com\/product\/yoast-seo-wordpress\/ -->\n<title>Poj\u010fme na h\u00e1\u010dek! - Park Hotel - B\u00fck<\/title>\n<meta name=\"robots\" content=\"index, follow, max-snippet:-1, max-image-preview:large, max-video-preview:-1\" \/>\n<link rel=\"canonical\" href=\"https:\/\/parkhotelbuk.hu\/cs\/horogra\/\" \/>\n<meta property=\"og:locale\" content=\"cs_CZ\" \/>\n<meta property=\"og:type\" content=\"article\" \/>\n<meta property=\"og:title\" content=\"Poj\u010fme na h\u00e1\u010dek! - Park Hotel - B\u00fck\" \/>\n<meta property=\"og:description\" content=\"Mo\u017enosti rybolovu v kraji Vas Mnoho lid\u00ed dnes tr\u00e1v\u00ed voln\u00fd \u010das na n\u00e1b\u0159e\u017e\u00ed, obl\u00edben\u00e1 jsou ryb\u00e1\u0159sk\u00e1 jezera a i v tomto ohledu lze pova\u017eovat \u017eupu Vas za \u0161t\u011bst\u00ed, nebo\u0165 stojat\u00fdch vod je v regionu kolem p\u016fl stovky. Je zde v\u0161e, co stimuluje \u00fasta a \u00fasta, \u0159eka a stojat\u00e9 vody si tak\u00e9 najdou sv\u00e9 v\u00fdpo\u010dty. V [&hellip;]\" \/>\n<meta property=\"og:url\" content=\"https:\/\/parkhotelbuk.hu\/cs\/horogra\/\" \/>\n<meta property=\"og:site_name\" content=\"Park Hotel - B\u00fck\" \/>\n<meta property=\"article:modified_time\" content=\"2023-08-28T11:31:35+00:00\" \/>\n<meta property=\"og:image\" content=\"https:\/\/parkhotelbuk.hu\/wp-content\/uploads\/2021\/03\/horogra.jpg\" \/>\n\t<meta property=\"og:image:width\" content=\"1200\" \/>\n\t<meta property=\"og:image:height\" content=\"592\" \/>\n\t<meta property=\"og:image:type\" content=\"image\/jpeg\" \/>\n<meta name=\"twitter:card\" content=\"summary_large_image\" \/>\n<meta name=\"twitter:label1\" content=\"Odhadovan\u00e1 doba \u010dten\u00ed\" \/>\n\t<meta name=\"twitter:data1\" content=\"1 minuta\" \/>\n<script type=\"application\/ld+json\" class=\"yoast-schema-graph\">{\"@context\":\"https:\/\/schema.org\",\"@graph\":[{\"@type\":\"WebPage\",\"@id\":\"https:\/\/parkhotelbuk.hu\/cs\/horogra\/\",\"url\":\"https:\/\/parkhotelbuk.hu\/cs\/horogra\/\",\"name\":\"Poj\u010fme na h\u00e1\u010dek! - Park Hotel - B\u00fck\",\"isPartOf\":{\"@id\":\"https:\/\/parkhotelbuk.hu\/#website\"},\"primaryImageOfPage\":{\"@id\":\"https:\/\/parkhotelbuk.hu\/cs\/horogra\/#primaryimage\"},\"image\":{\"@id\":\"https:\/\/parkhotelbuk.hu\/cs\/horogra\/#primaryimage\"},\"thumbnailUrl\":\"https:\/\/parkhotelbuk.hu\/wp-content\/uploads\/2021\/03\/horogra.jpg\",\"datePublished\":\"2021-02-25T11:04:26+00:00\",\"dateModified\":\"2023-08-28T11:31:35+00:00\",\"breadcrumb\":{\"@id\":\"https:\/\/parkhotelbuk.hu\/cs\/horogra\/#breadcrumb\"},\"inLanguage\":\"cs\",\"potentialAction\":[{\"@type\":\"ReadAction\",\"target\":[\"https:\/\/parkhotelbuk.hu\/cs\/horogra\/\"]}]},{\"@type\":\"ImageObject\",\"inLanguage\":\"cs\",\"@id\":\"https:\/\/parkhotelbuk.hu\/cs\/horogra\/#primaryimage\",\"url\":\"https:\/\/parkhotelbuk.hu\/wp-content\/uploads\/2021\/03\/horogra.jpg\",\"contentUrl\":\"https:\/\/parkhotelbuk.hu\/wp-content\/uploads\/2021\/03\/horogra.jpg\",\"width\":1200,\"height\":592,\"caption\":\"Horogra\"},{\"@type\":\"BreadcrumbList\",\"@id\":\"https:\/\/parkhotelbuk.hu\/cs\/horogra\/#breadcrumb\",\"itemListElement\":[{\"@type\":\"ListItem\",\"position\":1,\"name\":\"Kezd\u0151lap\",\"item\":\"https:\/\/parkhotelbuk.hu\/cs\/\"},{\"@type\":\"ListItem\",\"position\":2,\"name\":\"Poj\u010fme na h\u00e1\u010dek!\"}]},{\"@type\":\"WebSite\",\"@id\":\"https:\/\/parkhotelbuk.hu\/#website\",\"url\":\"https:\/\/parkhotelbuk.hu\/\",\"name\":\"Park Hotel - B\u00fck\",\"description\":\"B\u00fck leg\u00fajabb n\u00e9gycsillagos sz\u00e1llod\u00e1ja\",\"potentialAction\":[{\"@type\":\"SearchAction\",\"target\":{\"@type\":\"EntryPoint\",\"urlTemplate\":\"https:\/\/parkhotelbuk.hu\/?s={search_term_string}\"},\"query-input\":{\"@type\":\"PropertyValueSpecification\",\"valueRequired\":true,\"valueName\":\"search_term_string\"}}],\"inLanguage\":\"cs\"}]}<\/script>\n<!-- \/ Yoast SEO plugin. -->","yoast_head_json":{"title":"Poj\u010fme na h\u00e1\u010dek! - Park Hotel - B\u00fck","robots":{"index":"index","follow":"follow","max-snippet":"max-snippet:-1","max-image-preview":"max-image-preview:large","max-video-preview":"max-video-preview:-1"},"canonical":"https:\/\/parkhotelbuk.hu\/cs\/horogra\/","og_locale":"cs_CZ","og_type":"article","og_title":"Poj\u010fme na h\u00e1\u010dek! - Park Hotel - B\u00fck","og_description":"Mo\u017enosti rybolovu v kraji Vas Mnoho lid\u00ed dnes tr\u00e1v\u00ed voln\u00fd \u010das na n\u00e1b\u0159e\u017e\u00ed, obl\u00edben\u00e1 jsou ryb\u00e1\u0159sk\u00e1 jezera a i v tomto ohledu lze pova\u017eovat \u017eupu Vas za \u0161t\u011bst\u00ed, nebo\u0165 stojat\u00fdch vod je v regionu kolem p\u016fl stovky. Je zde v\u0161e, co stimuluje \u00fasta a \u00fasta, \u0159eka a stojat\u00e9 vody si tak\u00e9 najdou sv\u00e9 v\u00fdpo\u010dty. V [&hellip;]","og_url":"https:\/\/parkhotelbuk.hu\/cs\/horogra\/","og_site_name":"Park Hotel - B\u00fck","article_modified_time":"2023-08-28T11:31:35+00:00","og_image":[{"width":1200,"height":592,"url":"https:\/\/parkhotelbuk.hu\/wp-content\/uploads\/2021\/03\/horogra.jpg","type":"image\/jpeg"}],"twitter_card":"summary_large_image","twitter_misc":{"Odhadovan\u00e1 doba \u010dten\u00ed":"1 minuta"},"schema":{"@context":"https:\/\/schema.org","@graph":[{"@type":"WebPage","@id":"https:\/\/parkhotelbuk.hu\/cs\/horogra\/","url":"https:\/\/parkhotelbuk.hu\/cs\/horogra\/","name":"Poj\u010fme na h\u00e1\u010dek! - Park Hotel - B\u00fck","isPartOf":{"@id":"https:\/\/parkhotelbuk.hu\/#website"},"primaryImageOfPage":{"@id":"https:\/\/parkhotelbuk.hu\/cs\/horogra\/#primaryimage"},"image":{"@id":"https:\/\/parkhotelbuk.hu\/cs\/horogra\/#primaryimage"},"thumbnailUrl":"https:\/\/parkhotelbuk.hu\/wp-content\/uploads\/2021\/03\/horogra.jpg","datePublished":"2021-02-25T11:04:26+00:00","dateModified":"2023-08-28T11:31:35+00:00","breadcrumb":{"@id":"https:\/\/parkhotelbuk.hu\/cs\/horogra\/#breadcrumb"},"inLanguage":"cs","potentialAction":[{"@type":"ReadAction","target":["https:\/\/parkhotelbuk.hu\/cs\/horogra\/"]}]},{"@type":"ImageObject","inLanguage":"cs","@id":"https:\/\/parkhotelbuk.hu\/cs\/horogra\/#primaryimage","url":"https:\/\/parkhotelbuk.hu\/wp-content\/uploads\/2021\/03\/horogra.jpg","contentUrl":"https:\/\/parkhotelbuk.hu\/wp-content\/uploads\/2021\/03\/horogra.jpg","width":1200,"height":592,"caption":"Horogra"},{"@type":"BreadcrumbList","@id":"https:\/\/parkhotelbuk.hu\/cs\/horogra\/#breadcrumb","itemListElement":[{"@type":"ListItem","position":1,"name":"Kezd\u0151lap","item":"https:\/\/parkhotelbuk.hu\/cs\/"},{"@type":"ListItem","position":2,"name":"Poj\u010fme na h\u00e1\u010dek!"}]},{"@type":"WebSite","@id":"https:\/\/parkhotelbuk.hu\/#website","url":"https:\/\/parkhotelbuk.hu\/","name":"Park Hotel - B\u00fck","description":"B\u00fck leg\u00fajabb n\u00e9gycsillagos sz\u00e1llod\u00e1ja","potentialAction":[{"@type":"SearchAction","target":{"@type":"EntryPoint","urlTemplate":"https:\/\/parkhotelbuk.hu\/?s={search_term_string}"},"query-input":{"@type":"PropertyValueSpecification","valueRequired":true,"valueName":"search_term_string"}}],"inLanguage":"cs"}]}},"_links":{"self":[{"href":"https:\/\/parkhotelbuk.hu\/cs\/wp-json\/wp\/v2\/pages\/5348","targetHints":{"allow":["GET"]}}],"collection":[{"href":"https:\/\/parkhotelbuk.hu\/cs\/wp-json\/wp\/v2\/pages"}],"about":[{"href":"https:\/\/parkhotelbuk.hu\/cs\/wp-json\/wp\/v2\/types\/page"}],"author":[{"embeddable":true,"href":"https:\/\/parkhotelbuk.hu\/cs\/wp-json\/wp\/v2\/users\/3"}],"replies":[{"embeddable":true,"href":"https:\/\/parkhotelbuk.hu\/cs\/wp-json\/wp\/v2\/comments?post=5348"}],"version-history":[{"count":0,"href":"https:\/\/parkhotelbuk.hu\/cs\/wp-json\/wp\/v2\/pages\/5348\/revisions"}],"wp:featuredmedia":[{"embeddable":true,"href":"https:\/\/parkhotelbuk.hu\/cs\/wp-json\/wp\/v2\/media\/5350"}],"wp:attachment":[{"href":"https:\/\/parkhotelbuk.hu\/cs\/wp-json\/wp\/v2\/media?parent=5348"}],"curies":[{"name":"wp","href":"https:\/\/api.w.org\/{rel}","templated":true}]}}