{"id":5345,"date":"2022-03-22T12:55:33","date_gmt":"2022-03-22T11:55:33","guid":{"rendered":"https:\/\/parkhotelbuk.hu\/latvanytervek\/"},"modified":"2022-06-21T11:07:02","modified_gmt":"2022-06-21T09:07:02","slug":"latvanytervek","status":"publish","type":"page","link":"https:\/\/parkhotelbuk.hu\/cs\/latvanytervek\/","title":{"rendered":"Vizu\u00e1ln\u00ed n\u00e1vrhy"},"content":{"rendered":"<p>[et_pb_section fb_built=&#8220;1&#8243; fullwidth=&#8220;on&#8220; admin_label=&#8220;Szakasz&#8220; _builder_version=&#8220;4.7.7&#8243; _module_preset=&#8220;default&#8220; custom_margin=&#8220;||||false|false&#8220; top_divider_height=&#8220;49px&#8220; saved_tabs=&#8220;all&#8220; locked=&#8220;off&#8220;][et_pb_fullwidth_post_title meta=&#8220;off&#8220; featured_placement=&#8220;background&#8220; _builder_version=&#8220;4.9.2&#8243; _module_preset=&#8220;default&#8220; title_font=&#8220;Bebas Neue||||||||&#8220; title_text_align=&#8220;center&#8220; title_text_color=&#8220;#ffffff&#8220; title_letter_spacing=&#8220;6px&#8220; background_color=&#8220;rgba(84,84,84,0.54)&#8220; use_background_color_gradient=&#8220;on&#8220; background_color_gradient_start=&#8220;#5a9612&#8243; background_color_gradient_end=&#8220;rgba(0,0,0,0.42)&#8220; background_color_gradient_end_position=&#8220;40%&#8220; background_color_gradient_overlays_image=&#8220;on&#8220; background_image=&#8220;https:\/\/parkhotelbuk.hu\/wp-content\/uploads\/2021\/03\/buk-parkhotel-kultura-szinhaz-programok-2.jpg&#8220; min_height=&#8220;70vh&#8220; min_height_tablet=&#8220;&#8220; min_height_phone=&#8220;&#8220; min_height_last_edited=&#8220;on|desktop&#8220; custom_margin=&#8220;0px||||false|false&#8220; custom_padding=&#8220;50vh||||false|false&#8220; filter_saturate=&#8220;133%&#8220; filter_brightness=&#8220;108%&#8220; filter_invert=&#8220;8%&#8220; filter_sepia=&#8220;7%&#8220; title_text_shadow_style=&#8220;preset5&#8243; title_text_shadow_blur_strength=&#8220;0.08em&#8220; title_text_shadow_color=&#8220;#000000&#8243;][\/et_pb_fullwidth_post_title][\/et_pb_section][et_pb_section fb_built=&#8220;1&#8243; _builder_version=&#8220;4.9.2&#8243; _module_preset=&#8220;default&#8220;][et_pb_row _builder_version=&#8220;4.9.2&#8243; _module_preset=&#8220;default&#8220;][et_pb_column type=&#8220;4_4&#8243; _builder_version=&#8220;4.9.2&#8243; _module_preset=&#8220;default&#8220;][et_pb_text _builder_version=&#8220;4.9.2&#8243; _module_preset=&#8220;default&#8220; hover_enabled=&#8220;0&#8243; sticky_enabled=&#8220;0&#8243;]<\/p>\n<p>N\u00e1\u0161 hotel, kter\u00fd bude p\u0159ed\u00e1n v l\u00e9t\u011b 2022, \u010dek\u00e1 na sv\u00e9 prvn\u00ed hosty 17 pokoj\u016f, vysok\u00e9 vybaven\u00ed a kvalitn\u00ed n\u00e1bytek, jak se \u0159\u00edk\u00e1 \u201es novou v\u016fn\u00ed\u201c.<\/p>\n<p>Pokoje budou jako stvo\u0159en\u00e9 pro dlouhodob\u00fd pobyt v B\u00fcku, aby nejen l\u00e1zn\u011b nebo okol\u00ed byly m\u00edstem k odpo\u010dinku.<\/p>\n<p>[\/et_pb_text][\/et_pb_column][\/et_pb_row][\/et_pb_section][et_pb_section fb_built=&#8220;1&#8243; _builder_version=&#8220;4.9.2&#8243; _module_preset=&#8220;default&#8220;][et_pb_row _builder_version=&#8220;4.9.2&#8243; _module_preset=&#8220;default&#8220;][et_pb_column type=&#8220;4_4&#8243; _builder_version=&#8220;4.9.2&#8243; _module_preset=&#8220;default&#8220;][dica_divi_carousel item_width_auto=&#8220;on&#8220; centermode=&#8220;on&#8220; loop=&#8220;on&#8220; arrow_nav=&#8220;on&#8220; dot_nav=&#8220;on&#8220; item_vertical_align=&#8220;center&#8220; advanced_effect=&#8220;coverflow&#8220; _builder_version=&#8220;4.9.2&#8243; _module_preset=&#8220;default&#8220;][dica_divi_carouselitem button_url_new_window=&#8220;1&#8243; image=&#8220;https:\/\/parkhotelbuk.hu\/wp-content\/uploads\/2022\/05\/parkhotel-buk-kulso-latvany-1.jpg&#8220; image_lightbox=&#8220;on&#8220; _builder_version=&#8220;4.9.2&#8243; _module_preset=&#8220;default&#8220;][\/dica_divi_carouselitem][dica_divi_carouselitem button_url_new_window=&#8220;1&#8243; image=&#8220;https:\/\/parkhotelbuk.hu\/wp-content\/uploads\/2022\/03\/buk-hordo-etterem-pub-2.jpg&#8220; image_lightbox=&#8220;on&#8220; _builder_version=&#8220;4.9.2&#8243; _module_preset=&#8220;default&#8220;][\/dica_divi_carouselitem][dica_divi_carouselitem button_url_new_window=&#8220;1&#8243; image=&#8220;https:\/\/parkhotelbuk.hu\/wp-content\/uploads\/2022\/03\/buk-hordo-etterem-pub-1-1.jpg&#8220; image_lightbox=&#8220;on&#8220; _builder_version=&#8220;4.9.2&#8243; _module_preset=&#8220;default&#8220;][\/dica_divi_carouselitem][dica_divi_carouselitem button_url_new_window=&#8220;1&#8243; image=&#8220;https:\/\/parkhotelbuk.hu\/wp-content\/uploads\/2022\/05\/buk-etterem-latvany-2.jpg&#8220; image_lightbox=&#8220;on&#8220; _builder_version=&#8220;4.9.2&#8243; _module_preset=&#8220;default&#8220;][\/dica_divi_carouselitem][dica_divi_carouselitem button_url_new_window=&#8220;1&#8243; image=&#8220;https:\/\/parkhotelbuk.hu\/wp-content\/uploads\/2022\/05\/buk-etterem-latvany-1.jpg&#8220; image_lightbox=&#8220;on&#8220; _builder_version=&#8220;4.9.2&#8243; _module_preset=&#8220;default&#8220;][\/dica_divi_carouselitem][dica_divi_carouselitem button_url_new_window=&#8220;1&#8243; image=&#8220;https:\/\/parkhotelbuk.hu\/wp-content\/uploads\/2021\/01\/parkhotel-buk-foldszinti-superior-szoba-1.jpg&#8220; image_lightbox=&#8220;on&#8220; _builder_version=&#8220;4.9.2&#8243; _module_preset=&#8220;default&#8220;][\/dica_divi_carouselitem][dica_divi_carouselitem button_url_new_window=&#8220;1&#8243; image=&#8220;https:\/\/parkhotelbuk.hu\/wp-content\/uploads\/2022\/03\/buk-park-hotel-foldszinti-szoba-1.jpg&#8220; image_lightbox=&#8220;on&#8220; _builder_version=&#8220;4.9.2&#8243; _module_preset=&#8220;default&#8220;][\/dica_divi_carouselitem][dica_divi_carouselitem button_url_new_window=&#8220;1&#8243; image=&#8220;https:\/\/parkhotelbuk.hu\/wp-content\/uploads\/2022\/03\/buk-park-hotel-furdoszoba-1.jpg&#8220; image_lightbox=&#8220;on&#8220; _builder_version=&#8220;4.9.2&#8243; _module_preset=&#8220;default&#8220;][\/dica_divi_carouselitem][dica_divi_carouselitem button_url_new_window=&#8220;1&#8243; image=&#8220;https:\/\/parkhotelbuk.hu\/wp-content\/uploads\/2022\/03\/buk-park-hotel-emeleti-szoba-2.jpg&#8220; image_lightbox=&#8220;on&#8220; _builder_version=&#8220;4.9.2&#8243; _module_preset=&#8220;default&#8220;][\/dica_divi_carouselitem][dica_divi_carouselitem button_url_new_window=&#8220;1&#8243; image=&#8220;https:\/\/parkhotelbuk.hu\/wp-content\/uploads\/2022\/03\/buk-park-hotel-emeleti-szoba-1.jpg&#8220; image_lightbox=&#8220;on&#8220; _builder_version=&#8220;4.9.2&#8243; _module_preset=&#8220;default&#8220;][\/dica_divi_carouselitem][dica_divi_carouselitem button_url_new_window=&#8220;1&#8243; image=&#8220;https:\/\/parkhotelbuk.hu\/wp-content\/uploads\/2021\/03\/parkhotel-buk-szobai-latvany-erkely.jpg&#8220; image_lightbox=&#8220;on&#8220; _builder_version=&#8220;4.9.2&#8243; _module_preset=&#8220;default&#8220;][\/dica_divi_carouselitem][dica_divi_carouselitem button_url_new_window=&#8220;1&#8243; image=&#8220;https:\/\/parkhotelbuk.hu\/wp-content\/uploads\/2021\/01\/parkhotel-buk-szauna-kulso-latvany.jpg&#8220; image_lightbox=&#8220;on&#8220; _builder_version=&#8220;4.9.2&#8243; _module_preset=&#8220;default&#8220;][\/dica_divi_carouselitem][dica_divi_carouselitem button_url_new_window=&#8220;1&#8243; image=&#8220;https:\/\/parkhotelbuk.hu\/wp-content\/uploads\/2022\/05\/parkhotel-buk-parkolo-latvany-ejjel.jpg&#8220; image_lightbox=&#8220;on&#8220; _builder_version=&#8220;4.9.2&#8243; _module_preset=&#8220;default&#8220;][\/dica_divi_carouselitem][dica_divi_carouselitem button_url_new_window=&#8220;1&#8243; image=&#8220;https:\/\/parkhotelbuk.hu\/wp-content\/uploads\/2022\/05\/parkhotel-buk-kulso-latvany-2.jpg&#8220; image_lightbox=&#8220;on&#8220; _builder_version=&#8220;4.9.2&#8243; _module_preset=&#8220;default&#8220;][\/dica_divi_carouselitem][dica_divi_carouselitem button_url_new_window=&#8220;1&#8243; image=&#8220;https:\/\/parkhotelbuk.hu\/wp-content\/uploads\/2022\/05\/parkhotel-buk-kulso-latvany-ejjel-1.jpg.jpg&#8220; image_lightbox=&#8220;on&#8220; _builder_version=&#8220;4.9.2&#8243; _module_preset=&#8220;default&#8220;][\/dica_divi_carouselitem][\/dica_divi_carousel][\/et_pb_column][\/et_pb_row][\/et_pb_section]<\/p>\n","protected":false},"excerpt":{"rendered":"<p>N\u00e1\u0161 hotel, kter\u00fd bude p\u0159ed\u00e1n v l\u00e9t\u011b 2022, \u010dek\u00e1 na sv\u00e9 prvn\u00ed hosty 17 pokoj\u016f, vysok\u00e9 vybaven\u00ed a kvalitn\u00ed n\u00e1bytek, jak se \u0159\u00edk\u00e1 \u201es novou v\u016fn\u00ed\u201c. Pokoje budou jako stvo\u0159en\u00e9 pro dlouhodob\u00fd pobyt v B\u00fcku, aby nejen l\u00e1zn\u011b nebo okol\u00ed byly m\u00edstem k odpo\u010dinku.<div class=\"et_pb_module dica_divi_carousel dica_divi_carousel_0\">\n\t\t\t\t\n\t\t\t\t\n\t\t\t\t\n\t\t\t\t\n\t\t\t\t\n\t\t\t\t\n\t\t\t\t<div class=\"et_pb_module_inner\">\n\t\t\t\t\t<div class=\"dica-container  desktop_middle-inside tablet_middle-inside mobile_middle-inside\" data-props='{\"desktop\":\"4\",\"tablet\":\"3\",\"mobile\":\"1\",\"speed\":\"500\",\"arrow\":\"on\",\"dots\":\"on\",\"autoplay\":\"off\",\"autoSpeed\":\"1000\",\"loop\":\"on\",\"item_spacing\":\"30\",\"center_mode\":\"on\",\"slider_effec\":\"coverflow\",\"cover_rotate\":\"50\",\"pause_onhover\":\"off\",\"multislide\":\"off\",\"cfshadow\":\"on\",\"order\":\"0\",\"lazyload\":\"off\",\"lazybefore\":\"off\",\"scroller_effect\":\"off\",\"autowidth\":\"on\",\"item_spacing_tablet\":\"30\",\"item_spacing_phone\":\"30\",\"scroller_speed\":\"4000\",\"hashNavigation\":\"off\",\"simulatetouch\":\"off\",\"allowtouchmove\":\"off\",\"slide_row\":\"1\",\"slide_row_tablet\":\"1\",\"slide_row_phone\":\"1\",\"keyboard\":\"off\",\"mousewheel\":\"off\",\"autoplay_viewport\":\"\"}'>\n\t\t\t\t\t\t\t \t<div class=\"swiper-container\" >\n\t\t\t\t\t\t\t\t\t<div class=\"swiper-wrapper\"><\/div>\t\n\t\t\t\t\t\t\t\t<\/div>\t\n\t\t\t\t\t\t\t\t<div class=\"swiper-buttton-container\"><div class=\"swiper-button-prev dica-prev-btn-0\" data-icon=\"4\"><\/div><div class=\"swiper-button-next dica-next-btn-0\" data-icon=\"5\"><\/div><\/div>\n\t\t\t\t\t\t\t\t<div class=\"swiper-pagination dica-paination-0\"><\/div>\t\t\t\t\t\t\n\t\t\t\t\t\t\t<\/div>\n\t\t\t\t<\/div>\n\t\t\t<\/div><div class=\"et_pb_module dica_divi_carouselitem dica_divi_carouselitem_0\">\n\t\t\t\t\n\t\t\t\t\n\t\t\t\t\n\t\t\t\t\n\t\t\t\t\n\t\t\t\t\n\t\t\t\t<div class=\"et_pb_module_inner\">\n\t\t\t\t\t <div class=\"dica-item empty-content image_top\"   data-hash=\"dica_divi_carouselitem_0\">\n\t\t\t\t\t\t\t\t\t<div class=\"dica-image-container\"><span class=\"image\"><img decoding=\"async\" src=\"&#8220;https:\/\/parkhotelbuk.hu\/wp-content\/uploads\/2022\/05\/parkhotel-buk-kulso-latvany-1.jpg&#8220;\" srcset=\"\" alt=\"\" class=\"dica-item-image\" width=\"f\" height=\"u\"\/><\/span><\/div>\n\t\t\t\t\t\t\t\t\t\n\t\t\t\t\t\t\t<\/div>\n\t\t\t\t<\/div>\n\t\t\t<\/div><\/p>\n","protected":false},"author":3,"featured_media":4875,"parent":0,"menu_order":0,"comment_status":"closed","ping_status":"closed","template":"","meta":{"_et_pb_use_builder":"on","_et_pb_old_content":"","_et_gb_content_width":"","footnotes":""},"class_list":["post-5345","page","type-page","status-publish","has-post-thumbnail","hentry"],"yoast_head":"<!-- This site is optimized with the Yoast SEO plugin v27.2 - https:\/\/yoast.com\/product\/yoast-seo-wordpress\/ -->\n<title>Vizu\u00e1ln\u00ed n\u00e1vrhy - Park Hotel - B\u00fck<\/title>\n<meta name=\"robots\" content=\"index, follow, max-snippet:-1, max-image-preview:large, max-video-preview:-1\" \/>\n<link rel=\"canonical\" href=\"https:\/\/parkhotelbuk.hu\/cs\/latvanytervek\/\" \/>\n<meta property=\"og:locale\" content=\"cs_CZ\" \/>\n<meta property=\"og:type\" content=\"article\" \/>\n<meta property=\"og:title\" content=\"Vizu\u00e1ln\u00ed n\u00e1vrhy - Park Hotel - B\u00fck\" \/>\n<meta property=\"og:description\" content=\"N\u00e1\u0161 hotel, kter\u00fd bude p\u0159ed\u00e1n v l\u00e9t\u011b 2022, \u010dek\u00e1 na sv\u00e9 prvn\u00ed hosty 17 pokoj\u016f, vysok\u00e9 vybaven\u00ed a kvalitn\u00ed n\u00e1bytek, jak se \u0159\u00edk\u00e1 \u201es novou v\u016fn\u00ed\u201c. Pokoje budou jako stvo\u0159en\u00e9 pro dlouhodob\u00fd pobyt v B\u00fcku, aby nejen l\u00e1zn\u011b nebo okol\u00ed byly m\u00edstem k odpo\u010dinku.\" \/>\n<meta property=\"og:url\" content=\"https:\/\/parkhotelbuk.hu\/cs\/latvanytervek\/\" \/>\n<meta property=\"og:site_name\" content=\"Park Hotel - B\u00fck\" \/>\n<meta property=\"article:modified_time\" content=\"2022-06-21T09:07:02+00:00\" \/>\n<meta property=\"og:image\" content=\"https:\/\/parkhotelbuk.hu\/wp-content\/uploads\/2022\/05\/parkhotel-buk-kulso-latvany-ejjel-1.jpg.jpg\" \/>\n\t<meta property=\"og:image:width\" content=\"1422\" \/>\n\t<meta property=\"og:image:height\" content=\"800\" \/>\n\t<meta property=\"og:image:type\" content=\"image\/jpeg\" \/>\n<meta name=\"twitter:card\" content=\"summary_large_image\" \/>\n<meta name=\"twitter:label1\" content=\"Odhadovan\u00e1 doba \u010dten\u00ed\" \/>\n\t<meta name=\"twitter:data1\" content=\"4 minuty\" \/>\n<script type=\"application\/ld+json\" class=\"yoast-schema-graph\">{\"@context\":\"https:\/\/schema.org\",\"@graph\":[{\"@type\":\"WebPage\",\"@id\":\"https:\/\/parkhotelbuk.hu\/cs\/latvanytervek\/\",\"url\":\"https:\/\/parkhotelbuk.hu\/cs\/latvanytervek\/\",\"name\":\"Vizu\u00e1ln\u00ed n\u00e1vrhy - Park Hotel - B\u00fck\",\"isPartOf\":{\"@id\":\"https:\/\/parkhotelbuk.hu\/#website\"},\"primaryImageOfPage\":{\"@id\":\"https:\/\/parkhotelbuk.hu\/cs\/latvanytervek\/#primaryimage\"},\"image\":{\"@id\":\"https:\/\/parkhotelbuk.hu\/cs\/latvanytervek\/#primaryimage\"},\"thumbnailUrl\":\"https:\/\/parkhotelbuk.hu\/wp-content\/uploads\/2022\/05\/parkhotel-buk-kulso-latvany-ejjel-1.jpg.jpg\",\"datePublished\":\"2022-03-22T11:55:33+00:00\",\"dateModified\":\"2022-06-21T09:07:02+00:00\",\"breadcrumb\":{\"@id\":\"https:\/\/parkhotelbuk.hu\/cs\/latvanytervek\/#breadcrumb\"},\"inLanguage\":\"cs\",\"potentialAction\":[{\"@type\":\"ReadAction\",\"target\":[\"https:\/\/parkhotelbuk.hu\/cs\/latvanytervek\/\"]}]},{\"@type\":\"ImageObject\",\"inLanguage\":\"cs\",\"@id\":\"https:\/\/parkhotelbuk.hu\/cs\/latvanytervek\/#primaryimage\",\"url\":\"https:\/\/parkhotelbuk.hu\/wp-content\/uploads\/2022\/05\/parkhotel-buk-kulso-latvany-ejjel-1.jpg.jpg\",\"contentUrl\":\"https:\/\/parkhotelbuk.hu\/wp-content\/uploads\/2022\/05\/parkhotel-buk-kulso-latvany-ejjel-1.jpg.jpg\",\"width\":1422,\"height\":800},{\"@type\":\"BreadcrumbList\",\"@id\":\"https:\/\/parkhotelbuk.hu\/cs\/latvanytervek\/#breadcrumb\",\"itemListElement\":[{\"@type\":\"ListItem\",\"position\":1,\"name\":\"Kezd\u0151lap\",\"item\":\"https:\/\/parkhotelbuk.hu\/cs\/\"},{\"@type\":\"ListItem\",\"position\":2,\"name\":\"Vizu\u00e1ln\u00ed n\u00e1vrhy\"}]},{\"@type\":\"WebSite\",\"@id\":\"https:\/\/parkhotelbuk.hu\/#website\",\"url\":\"https:\/\/parkhotelbuk.hu\/\",\"name\":\"Park Hotel - B\u00fck\",\"description\":\"B\u00fck leg\u00fajabb n\u00e9gycsillagos sz\u00e1llod\u00e1ja\",\"potentialAction\":[{\"@type\":\"SearchAction\",\"target\":{\"@type\":\"EntryPoint\",\"urlTemplate\":\"https:\/\/parkhotelbuk.hu\/?s={search_term_string}\"},\"query-input\":{\"@type\":\"PropertyValueSpecification\",\"valueRequired\":true,\"valueName\":\"search_term_string\"}}],\"inLanguage\":\"cs\"}]}<\/script>\n<!-- \/ Yoast SEO plugin. -->","yoast_head_json":{"title":"Vizu\u00e1ln\u00ed n\u00e1vrhy - Park Hotel - B\u00fck","robots":{"index":"index","follow":"follow","max-snippet":"max-snippet:-1","max-image-preview":"max-image-preview:large","max-video-preview":"max-video-preview:-1"},"canonical":"https:\/\/parkhotelbuk.hu\/cs\/latvanytervek\/","og_locale":"cs_CZ","og_type":"article","og_title":"Vizu\u00e1ln\u00ed n\u00e1vrhy - Park Hotel - B\u00fck","og_description":"N\u00e1\u0161 hotel, kter\u00fd bude p\u0159ed\u00e1n v l\u00e9t\u011b 2022, \u010dek\u00e1 na sv\u00e9 prvn\u00ed hosty 17 pokoj\u016f, vysok\u00e9 vybaven\u00ed a kvalitn\u00ed n\u00e1bytek, jak se \u0159\u00edk\u00e1 \u201es novou v\u016fn\u00ed\u201c. Pokoje budou jako stvo\u0159en\u00e9 pro dlouhodob\u00fd pobyt v B\u00fcku, aby nejen l\u00e1zn\u011b nebo okol\u00ed byly m\u00edstem k odpo\u010dinku.","og_url":"https:\/\/parkhotelbuk.hu\/cs\/latvanytervek\/","og_site_name":"Park Hotel - B\u00fck","article_modified_time":"2022-06-21T09:07:02+00:00","og_image":[{"width":1422,"height":800,"url":"https:\/\/parkhotelbuk.hu\/wp-content\/uploads\/2022\/05\/parkhotel-buk-kulso-latvany-ejjel-1.jpg.jpg","type":"image\/jpeg"}],"twitter_card":"summary_large_image","twitter_misc":{"Odhadovan\u00e1 doba \u010dten\u00ed":"4 minuty"},"schema":{"@context":"https:\/\/schema.org","@graph":[{"@type":"WebPage","@id":"https:\/\/parkhotelbuk.hu\/cs\/latvanytervek\/","url":"https:\/\/parkhotelbuk.hu\/cs\/latvanytervek\/","name":"Vizu\u00e1ln\u00ed n\u00e1vrhy - Park Hotel - B\u00fck","isPartOf":{"@id":"https:\/\/parkhotelbuk.hu\/#website"},"primaryImageOfPage":{"@id":"https:\/\/parkhotelbuk.hu\/cs\/latvanytervek\/#primaryimage"},"image":{"@id":"https:\/\/parkhotelbuk.hu\/cs\/latvanytervek\/#primaryimage"},"thumbnailUrl":"https:\/\/parkhotelbuk.hu\/wp-content\/uploads\/2022\/05\/parkhotel-buk-kulso-latvany-ejjel-1.jpg.jpg","datePublished":"2022-03-22T11:55:33+00:00","dateModified":"2022-06-21T09:07:02+00:00","breadcrumb":{"@id":"https:\/\/parkhotelbuk.hu\/cs\/latvanytervek\/#breadcrumb"},"inLanguage":"cs","potentialAction":[{"@type":"ReadAction","target":["https:\/\/parkhotelbuk.hu\/cs\/latvanytervek\/"]}]},{"@type":"ImageObject","inLanguage":"cs","@id":"https:\/\/parkhotelbuk.hu\/cs\/latvanytervek\/#primaryimage","url":"https:\/\/parkhotelbuk.hu\/wp-content\/uploads\/2022\/05\/parkhotel-buk-kulso-latvany-ejjel-1.jpg.jpg","contentUrl":"https:\/\/parkhotelbuk.hu\/wp-content\/uploads\/2022\/05\/parkhotel-buk-kulso-latvany-ejjel-1.jpg.jpg","width":1422,"height":800},{"@type":"BreadcrumbList","@id":"https:\/\/parkhotelbuk.hu\/cs\/latvanytervek\/#breadcrumb","itemListElement":[{"@type":"ListItem","position":1,"name":"Kezd\u0151lap","item":"https:\/\/parkhotelbuk.hu\/cs\/"},{"@type":"ListItem","position":2,"name":"Vizu\u00e1ln\u00ed n\u00e1vrhy"}]},{"@type":"WebSite","@id":"https:\/\/parkhotelbuk.hu\/#website","url":"https:\/\/parkhotelbuk.hu\/","name":"Park Hotel - B\u00fck","description":"B\u00fck leg\u00fajabb n\u00e9gycsillagos sz\u00e1llod\u00e1ja","potentialAction":[{"@type":"SearchAction","target":{"@type":"EntryPoint","urlTemplate":"https:\/\/parkhotelbuk.hu\/?s={search_term_string}"},"query-input":{"@type":"PropertyValueSpecification","valueRequired":true,"valueName":"search_term_string"}}],"inLanguage":"cs"}]}},"_links":{"self":[{"href":"https:\/\/parkhotelbuk.hu\/cs\/wp-json\/wp\/v2\/pages\/5345","targetHints":{"allow":["GET"]}}],"collection":[{"href":"https:\/\/parkhotelbuk.hu\/cs\/wp-json\/wp\/v2\/pages"}],"about":[{"href":"https:\/\/parkhotelbuk.hu\/cs\/wp-json\/wp\/v2\/types\/page"}],"author":[{"embeddable":true,"href":"https:\/\/parkhotelbuk.hu\/cs\/wp-json\/wp\/v2\/users\/3"}],"replies":[{"embeddable":true,"href":"https:\/\/parkhotelbuk.hu\/cs\/wp-json\/wp\/v2\/comments?post=5345"}],"version-history":[{"count":0,"href":"https:\/\/parkhotelbuk.hu\/cs\/wp-json\/wp\/v2\/pages\/5345\/revisions"}],"wp:featuredmedia":[{"embeddable":true,"href":"https:\/\/parkhotelbuk.hu\/cs\/wp-json\/wp\/v2\/media\/4875"}],"wp:attachment":[{"href":"https:\/\/parkhotelbuk.hu\/cs\/wp-json\/wp\/v2\/media?parent=5345"}],"curies":[{"name":"wp","href":"https:\/\/api.w.org\/{rel}","templated":true}]}}